{"id":3459,"date":"2024-08-02T21:01:46","date_gmt":"2024-08-03T01:01:46","guid":{"rendered":"https:\/\/plastisol-inks.com\/?post_type=product&#038;p=3459"},"modified":"2024-08-08T04:15:48","modified_gmt":"2024-08-08T08:15:48","slug":"ekran-capi-qizilgul-qirmizi-plastisol-mur%c9%99kk%c9%99b-hf-1201","status":"publish","type":"product","link":"https:\/\/plastisol-inks.com\/az\/product\/screen-printing-rose-red-plastisol-ink-hf-1201\/","title":{"rendered":"Ekran \u00c7ap\u0131 G\u00fcl Q\u0131rm\u0131z\u0131 Plastisol M\u00fcr\u0259kk\u0259bi \u2014 HF-1201"},"content":{"rendered":"<p>Y\u00fcks\u0259k keyfiyy\u0259tli Ekran \u00c7ap Plastisol M\u00fcr\u0259kk\u0259si uzunm\u00fcdd\u0259tli, pe\u015f\u0259kar \u00e7aplar \u00fc\u00e7\u00fcn canl\u0131 r\u0259ngl\u0259r, \u0259la \u00f6rt\u00fck v\u0259 davaml\u0131l\u0131q t\u0259min edir.<br \/>\nHf\u2014Ekoloji c\u0259h\u0259td\u0259n t\u0259miz ftalats\u0131z, \u0259la gizl\u0259tm\u0259 g\u00fcc\u00fc, davaml\u0131l\u0131q v\u0259 dayan\u0131ql\u0131q t\u0259klif ed\u0259n v\u0259 qanaxmayan brendl\u0259r \u00fc\u00e7\u00fcn adi bazar \u00fc\u00e7\u00fcn uy\u011fundur. \u00c7ox yuyula bilir, solmaz v\u0259 xarab olmur.<br \/>\nPamb\u0131q, polyester v\u0259 qar\u0131\u015f\u0131qlar daxil olmaqla geni\u015f \u00e7e\u015fidd\u0259 par\u00e7alara uy\u011fundur v\u0259 h\u0259m \u0259ll\u0259, h\u0259m d\u0259 avtomatik \u00e7ap prosesl\u0259ri \u00fc\u00e7\u00fcn uy\u011fundur.<\/p>","protected":false},"excerpt":{"rendered":"<p>[sp_easyaccordion id=&#8221;1857&#8243;]<\/p>\n","protected":false},"featured_media":3466,"template":"","meta":{"site-sidebar-layout":"default","site-content-layout":"","ast-site-content-layout":"default","site-content-style":"default","site-sidebar-style":"default","ast-global-header-display":"","ast-banner-title-visibility":"","ast-main-header-display":"","ast-hfb-above-header-display":"","ast-hfb-below-header-display":"","ast-hfb-mobile-header-display":"","site-post-title":"","ast-breadcrumbs-content":"","ast-featured-img":"","footer-sml-layout":"","theme-transparent-header-meta":"default","adv-header-id-meta":"","stick-header-meta":"","header-above-stick-meta":"","header-main-stick-meta":"","header-below-stick-meta":"","astra-migrate-meta-layouts":"set","ast-page-background-enabled":"default","ast-page-background-meta":{"desktop":{"background-color":"","background-image":"","background-repeat":"repeat","background-position":"center center","background-size":"auto","background-attachment":"scroll","background-type":"","background-media":"","overlay-type":"","overlay-color":"","overlay-gradient":""},"tablet":{"background-color":"","background-image":"","background-repeat":"repeat","background-position":"center center","background-size":"auto","background-attachment":"scroll","background-type":"","background-media":"","overlay-type":"","overlay-color":"","overlay-gradient":""},"mobile":{"background-color":"","background-image":"","background-repeat":"repeat","background-position":"center center","background-size":"auto","background-attachment":"scroll","background-type":"","background-media":"","overlay-type":"","overlay-color":"","overlay-gradient":""}},"ast-content-background-meta":{"desktop":{"background-color":"var(--ast-global-color-5)","background-image":"","background-repeat":"repeat","background-position":"center center","background-size":"auto","background-attachment":"scroll","background-type":"","background-media":"","overlay-type":"","overlay-color":"","overlay-gradient":""},"tablet":{"background-color":"var(--ast-global-color-5)","background-image":"","background-repeat":"repeat","background-position":"center center","background-size":"auto","background-attachment":"scroll","background-type":"","background-media":"","overlay-type":"","overlay-color":"","overlay-gradient":""},"mobile":{"background-color":"var(--ast-global-color-5)","background-image":"","background-repeat":"repeat","background-position":"center center","background-size":"auto","background-attachment":"scroll","background-type":"","background-media":"","overlay-type":"","overlay-color":"","overlay-gradient":""}}},"product_brand":[],"product_cat":[30,26],"product_tag":[89,74,79],"class_list":{"0":"post-3459","1":"product","2":"type-product","3":"status-publish","4":"has-post-thumbnail","6":"product_cat-plastisol-ink-hf-series","7":"product_cat-plastisol-inks","8":"product_tag-rapid-silk-screen-pr","9":"product_tag-silk-screen-paint","10":"product_tag-t-shirt-printing-ink","11":"desktop-align-left","12":"tablet-align-left","13":"mobile-align-left","15":"first","16":"instock","17":"shipping-taxable","18":"purchasable","19":"product-type-variable"},"_links":{"self":[{"href":"https:\/\/plastisol-inks.com\/az\/wp-json\/wp\/v2\/product\/3459","targetHints":{"allow":["GET"]}}],"collection":[{"href":"https:\/\/plastisol-inks.com\/az\/wp-json\/wp\/v2\/product"}],"about":[{"href":"https:\/\/plastisol-inks.com\/az\/wp-json\/wp\/v2\/types\/product"}],"wp:featuredmedia":[{"embeddable":true,"href":"https:\/\/plastisol-inks.com\/az\/wp-json\/wp\/v2\/media\/3466"}],"wp:attachment":[{"href":"https:\/\/plastisol-inks.com\/az\/wp-json\/wp\/v2\/media?parent=3459"}],"wp:term":[{"taxonomy":"product_brand","embeddable":true,"href":"https:\/\/plastisol-inks.com\/az\/wp-json\/wp\/v2\/product_brand?post=3459"},{"taxonomy":"product_cat","embeddable":true,"href":"https:\/\/plastisol-inks.com\/az\/wp-json\/wp\/v2\/product_cat?post=3459"},{"taxonomy":"product_tag","embeddable":true,"href":"https:\/\/plastisol-inks.com\/az\/wp-json\/wp\/v2\/product_tag?post=3459"}],"curies":[{"name":"wp","href":"https:\/\/api.w.org\/{rel}","templated":true}]}}