{"id":4221,"date":"2024-08-05T21:52:31","date_gmt":"2024-08-06T01:52:31","guid":{"rendered":"https:\/\/plastisol-inks.com\/?post_type=product&#038;p=4221"},"modified":"2024-08-08T03:12:05","modified_gmt":"2024-08-08T07:12:05","slug":"ekran-capi-limon-sarisi-plastisol-mur%c9%99kk%c9%99bi-chjt-1106","status":"publish","type":"product","link":"https:\/\/plastisol-inks.com\/az\/product\/screen-printing-lemon-yellow-plastisol-ink-chjt-1106\/","title":{"rendered":"Ekran \u00c7ap\u0131 Limon Sar\u0131 Plastisol M\u00fcr\u0259kk\u0259bi \u2014 CHJT-1106"},"content":{"rendered":"<p>Y\u00fcks\u0259k keyfiyy\u0259tli Ekran \u00c7ap Plastisol M\u00fcr\u0259kk\u0259bi uzunm\u00fcdd\u0259tli, pe\u015f\u0259kar \u00e7aplar \u00fc\u00e7\u00fcn canl\u0131 r\u0259ngl\u0259r, \u0259la \u00f6rt\u00fck v\u0259 davaml\u0131l\u0131q t\u0259min edir.<br \/>\nCHJT\u2014M\u00fck\u0259mm\u0259l gizl\u0259tm\u0259 g\u00fcc\u00fc, davaml\u0131l\u0131q v\u0259 dayan\u0131ql\u0131q t\u0259klif ed\u0259n v\u0259 qanaxmayan orta s\u0259viyy\u0259li markalar \u00fc\u00e7\u00fcn uy\u011fun olan ftalat ya\u015f\u0131l Npeo pulsuz olan orta s\u0259viyy\u0259li ekoloji t\u0259miz seriya. \u00c7ox yuyulur, solmaz v\u0259 xarab olmur.<br \/>\nPamb\u0131q, polyester v\u0259 qar\u0131\u015f\u0131qlar daxil olmaqla geni\u015f \u00e7e\u015fidd\u0259 par\u00e7alara uy\u011fundur v\u0259 h\u0259m \u0259ll\u0259, h\u0259m d\u0259 avtomatik \u00e7ap prosesl\u0259ri \u00fc\u00e7\u00fcn uy\u011fundur.<\/p>","protected":false},"excerpt":{"rendered":"<p>[sp_easyaccordion id=&#8221;1857&#8243;]<\/p>\n","protected":false},"featured_media":3742,"template":"","meta":{"site-sidebar-layout":"default","site-content-layout":"","ast-site-content-layout":"default","site-content-style":"default","site-sidebar-style":"default","ast-global-header-display":"","ast-banner-title-visibility":"","ast-main-header-display":"","ast-hfb-above-header-display":"","ast-hfb-below-header-display":"","ast-hfb-mobile-header-display":"","site-post-title":"","ast-breadcrumbs-content":"","ast-featured-img":"","footer-sml-layout":"","theme-transparent-header-meta":"default","adv-header-id-meta":"","stick-header-meta":"","header-above-stick-meta":"","header-main-stick-meta":"","header-below-stick-meta":"","astra-migrate-meta-layouts":"set","ast-page-background-enabled":"default","ast-page-background-meta":{"desktop":{"background-color":"","background-image":"","background-repeat":"repeat","background-position":"center center","background-size":"auto","background-attachment":"scroll","background-type":"","background-media":"","overlay-type":"","overlay-color":"","overlay-gradient":""},"tablet":{"background-color":"","background-image":"","background-repeat":"repeat","background-position":"center center","background-size":"auto","background-attachment":"scroll","background-type":"","background-media":"","overlay-type":"","overlay-color":"","overlay-gradient":""},"mobile":{"background-color":"","background-image":"","background-repeat":"repeat","background-position":"center center","background-size":"auto","background-attachment":"scroll","background-type":"","background-media":"","overlay-type":"","overlay-color":"","overlay-gradient":""}},"ast-content-background-meta":{"desktop":{"background-color":"var(--ast-global-color-5)","background-image":"","background-repeat":"repeat","background-position":"center center","background-size":"auto","background-attachment":"scroll","background-type":"","background-media":"","overlay-type":"","overlay-color":"","overlay-gradient":""},"tablet":{"background-color":"var(--ast-global-color-5)","background-image":"","background-repeat":"repeat","background-position":"center center","background-size":"auto","background-attachment":"scroll","background-type":"","background-media":"","overlay-type":"","overlay-color":"","overlay-gradient":""},"mobile":{"background-color":"var(--ast-global-color-5)","background-image":"","background-repeat":"repeat","background-position":"center center","background-size":"auto","background-attachment":"scroll","background-type":"","background-media":"","overlay-type":"","overlay-color":"","overlay-gradient":""}}},"product_brand":[],"product_cat":[80],"product_tag":[74,79],"class_list":{"0":"post-4221","1":"product","2":"type-product","3":"status-publish","4":"has-post-thumbnail","6":"product_cat-plastisol-ink-chjt-series","7":"product_tag-silk-screen-paint","8":"product_tag-t-shirt-printing-ink","9":"desktop-align-left","10":"tablet-align-left","11":"mobile-align-left","13":"first","14":"instock","15":"shipping-taxable","16":"purchasable","17":"product-type-variable"},"_links":{"self":[{"href":"https:\/\/plastisol-inks.com\/az\/wp-json\/wp\/v2\/product\/4221","targetHints":{"allow":["GET"]}}],"collection":[{"href":"https:\/\/plastisol-inks.com\/az\/wp-json\/wp\/v2\/product"}],"about":[{"href":"https:\/\/plastisol-inks.com\/az\/wp-json\/wp\/v2\/types\/product"}],"wp:featuredmedia":[{"embeddable":true,"href":"https:\/\/plastisol-inks.com\/az\/wp-json\/wp\/v2\/media\/3742"}],"wp:attachment":[{"href":"https:\/\/plastisol-inks.com\/az\/wp-json\/wp\/v2\/media?parent=4221"}],"wp:term":[{"taxonomy":"product_brand","embeddable":true,"href":"https:\/\/plastisol-inks.com\/az\/wp-json\/wp\/v2\/product_brand?post=4221"},{"taxonomy":"product_cat","embeddable":true,"href":"https:\/\/plastisol-inks.com\/az\/wp-json\/wp\/v2\/product_cat?post=4221"},{"taxonomy":"product_tag","embeddable":true,"href":"https:\/\/plastisol-inks.com\/az\/wp-json\/wp\/v2\/product_tag?post=4221"}],"curies":[{"name":"wp","href":"https:\/\/api.w.org\/{rel}","templated":true}]}}