{"id":7467,"date":"2025-06-10T02:22:56","date_gmt":"2025-06-10T06:22:56","guid":{"rendered":"https:\/\/plastisol-inks.com\/?post_type=product&#038;p=7467"},"modified":"2025-06-10T03:11:54","modified_gmt":"2025-06-10T07:11:54","slug":"metal-qizil-ekran-cap-mur%c9%99kk%c9%99bi","status":"publish","type":"product","link":"https:\/\/plastisol-inks.com\/az\/product\/metallic-gold-screen-printing-ink\/","title":{"rendered":"Metalik q\u0131z\u0131l ekran \u00e7ap m\u00fcr\u0259kk\u0259bi"},"content":{"rendered":"<p>Metalik q\u0131z\u0131l ekran \u00e7ap m\u00fcr\u0259kk\u0259bi yax\u015f\u0131 ax\u0131c\u0131l\u0131\u011fa malikdir v\u0259 qurumas\u0131 \u00e7\u0259tindir v\u0259 ekran \u00e7ap\u0131n\u0131n t\u0259siri hamar v\u0259 ard\u0131c\u0131ld\u0131r. Bundan \u0259lav\u0259, bu metal s\u0131x q\u0131z\u0131l ekran \u00e7ap m\u00fcr\u0259kk\u0259bi \u00fcst\u00fcn elastikliy\u0259 v\u0259 qal\u0131c\u0131l\u0131\u011fa malikdir. Quruduqdan sonra r\u0259ng g\u00fccl\u00fcd\u00fcr v\u0259 solmaq asan deyil. \u0130st\u0259r t\u0259krar emal olunsun, ist\u0259rs\u0259 d\u0259 \u00e7ox uzun m\u00fcdd\u0259t g\u00fcn\u0259\u015f i\u015f\u0131\u011f\u0131na m\u0259ruz qals\u0131n, o, ilkin parlaq cazib\u0259sini saxlaya v\u0259 davaml\u0131 vizual t\u0259sir \u0259ld\u0259 ed\u0259 bil\u0259r. Bu, bu metal q\u0131z\u0131l ekran \u00e7ap m\u00fcr\u0259kk\u0259bini ekran \u00e7ap\u0131 \u00fc\u00e7\u00fcn h\u0259qiq\u0259t\u0259n uy\u011fun edir.<\/p>\n<p><strong>Ba\u015fqa metal m\u00fcr\u0259kk\u0259bl\u0259r\u0259 ehtiyac\u0131n\u0131z varsa, biziml\u0259 \u0259laq\u0259 saxlay\u0131n!<\/strong><\/p>\n<p>&nbsp;<\/p>","protected":false},"excerpt":{"rendered":"<p>Metallic Gold Screen Printing Ink\u200b has good fluidity and is hard to dry, and the screen printing impact is smooth and consistent. In addition, this metallic intense gold screen printing ink has outstanding resilience and permanence. After drying, the color is strong and not easy to fade. Whether it is recycled or exposed to sunshine [&hellip;]<\/p>\n","protected":false},"featured_media":7473,"template":"","meta":{"site-sidebar-layout":"default","site-content-layout":"","ast-site-content-layout":"default","site-content-style":"default","site-sidebar-style":"default","ast-global-header-display":"","ast-banner-title-visibility":"","ast-main-header-display":"","ast-hfb-above-header-display":"","ast-hfb-below-header-display":"","ast-hfb-mobile-header-display":"","site-post-title":"","ast-breadcrumbs-content":"","ast-featured-img":"","footer-sml-layout":"","theme-transparent-header-meta":"default","adv-header-id-meta":"","stick-header-meta":"","header-above-stick-meta":"","header-main-stick-meta":"","header-below-stick-meta":"","astra-migrate-meta-layouts":"set","ast-page-background-enabled":"default","ast-page-background-meta":{"desktop":{"background-color":"","background-image":"","background-repeat":"repeat","background-position":"center center","background-size":"auto","background-attachment":"scroll","background-type":"","background-media":"","overlay-type":"","overlay-color":"","overlay-gradient":""},"tablet":{"background-color":"","background-image":"","background-repeat":"repeat","background-position":"center center","background-size":"auto","background-attachment":"scroll","background-type":"","background-media":"","overlay-type":"","overlay-color":"","overlay-gradient":""},"mobile":{"background-color":"","background-image":"","background-repeat":"repeat","background-position":"center center","background-size":"auto","background-attachment":"scroll","background-type":"","background-media":"","overlay-type":"","overlay-color":"","overlay-gradient":""}},"ast-content-background-meta":{"desktop":{"background-color":"var(--ast-global-color-5)","background-image":"","background-repeat":"repeat","background-position":"center center","background-size":"auto","background-attachment":"scroll","background-type":"","background-media":"","overlay-type":"","overlay-color":"","overlay-gradient":""},"tablet":{"background-color":"var(--ast-global-color-5)","background-image":"","background-repeat":"repeat","background-position":"center center","background-size":"auto","background-attachment":"scroll","background-type":"","background-media":"","overlay-type":"","overlay-color":"","overlay-gradient":""},"mobile":{"background-color":"var(--ast-global-color-5)","background-image":"","background-repeat":"repeat","background-position":"center center","background-size":"auto","background-attachment":"scroll","background-type":"","background-media":"","overlay-type":"","overlay-color":"","overlay-gradient":""}}},"product_brand":[],"product_cat":[92],"product_tag":[252],"class_list":{"0":"post-7467","1":"product","2":"type-product","3":"status-publish","4":"has-post-thumbnail","6":"product_cat-special-series","7":"product_tag-metallic-gold-screen-printing-ink","8":"desktop-align-left","9":"tablet-align-left","10":"mobile-align-left","12":"first","13":"instock","14":"shipping-taxable","15":"product-type-simple"},"_links":{"self":[{"href":"https:\/\/plastisol-inks.com\/az\/wp-json\/wp\/v2\/product\/7467","targetHints":{"allow":["GET"]}}],"collection":[{"href":"https:\/\/plastisol-inks.com\/az\/wp-json\/wp\/v2\/product"}],"about":[{"href":"https:\/\/plastisol-inks.com\/az\/wp-json\/wp\/v2\/types\/product"}],"wp:featuredmedia":[{"embeddable":true,"href":"https:\/\/plastisol-inks.com\/az\/wp-json\/wp\/v2\/media\/7473"}],"wp:attachment":[{"href":"https:\/\/plastisol-inks.com\/az\/wp-json\/wp\/v2\/media?parent=7467"}],"wp:term":[{"taxonomy":"product_brand","embeddable":true,"href":"https:\/\/plastisol-inks.com\/az\/wp-json\/wp\/v2\/product_brand?post=7467"},{"taxonomy":"product_cat","embeddable":true,"href":"https:\/\/plastisol-inks.com\/az\/wp-json\/wp\/v2\/product_cat?post=7467"},{"taxonomy":"product_tag","embeddable":true,"href":"https:\/\/plastisol-inks.com\/az\/wp-json\/wp\/v2\/product_tag?post=7467"}],"curies":[{"name":"wp","href":"https:\/\/api.w.org\/{rel}","templated":true}]}}