{"id":7716,"date":"2025-07-29T05:31:02","date_gmt":"2025-07-29T09:31:02","guid":{"rendered":"https:\/\/plastisol-inks.com\/?post_type=product&#038;p=7716"},"modified":"2025-07-29T05:32:41","modified_gmt":"2025-07-29T09:32:41","slug":"plastisol-cmyk-ink-plastisol-ink-odm","status":"publish","type":"product","link":"https:\/\/plastisol-inks.com\/az\/product\/plastisol-cmyk-ink-plastisol-ink-odm\/","title":{"rendered":"Plastisol CMYK M\u00fcr\u0259kk\u0259b"},"content":{"rendered":"<p>Biziml\u0259 ekran \u00e7ap i\u015fl\u0259rinizd\u0259 k\u00f6lg\u0259nin tam spektrini a\u00e7\u0131n <strong>Plastisol CMYK M\u00fcr\u0259kk\u0259b<\/strong>, c\u0259sar\u0259tli, y\u00fcks\u0259k keyfiyy\u0259tli \u00e7aplar \u00fc\u00e7\u00fcn bazar\u0131n se\u00e7imi. T\u0259cr\u00fcb\u0259li kimi <strong><a href=\"https:\/\/plastisol-inks.com\/az\/\">Plastisol M\u00fcr\u0259kk\u0259b \u0130stehsal\u00e7\u0131s\u0131<\/a><\/strong>, biz a il\u0259 b\u00fct\u00fcn s\u0259viyy\u0259l\u0259rd\u0259 printerl\u0259r t\u0259klif etm\u0259y\u0259 sadiqik <strong>CMYK Plastisol M\u00fcr\u0259kk\u0259bi<\/strong> ondan istifad\u0259 etm\u0259k asan deyil, eyni zamanda performans v\u0259 t\u0259hl\u00fck\u0259sizlik \u00fc\u00e7\u00fcn \u0259n b\u00f6y\u00fck standartlar\u0131 yerin\u0259 yetirir.<\/p>\n<p>H\u0259m bizim <a href=\"https:\/\/plastisol-inks.com\/az\/hf-seriyasi\/\"><strong>HF seriyas\u0131<\/strong> <strong>Plastisol M\u00fcr\u0259kk\u0259bi<\/strong><\/a>, <a href=\"https:\/\/plastisol-inks.com\/az\/ekran-cap-plastisol-mur%c9%99kk%c9%99bi\/chjt-seriyasi\/\"><strong>CHJT seriyas\u0131<\/strong> <strong>Plastisol M\u00fcr\u0259kk\u0259bi<\/strong><\/a> v\u0259 <a href=\"https:\/\/plastisol-inks.com\/az\/scla-seriyasi\/\"><strong>SDLA seriyas\u0131 Plastisol M\u00fcr\u0259kk\u0259bi<\/strong><\/a> t\u0259klif <strong data-start=\"179\" data-end=\"202\">Plastisol CMYK m\u00fcr\u0259kk\u0259bl\u0259ri<\/strong> tamamil\u0259 ekoloji c\u0259h\u0259td\u0259n t\u0259miz variantlarla <strong data-start=\"249\" data-end=\"267\">ftalats\u0131z<\/strong>\u00a0v\u0259 ya\u00a0<strong data-start=\"272\" data-end=\"284\">PVC-siz<\/strong>, \u00e7aplar\u0131n\u0131z\u0131n h\u0259m istehsal\u00e7\u0131lar, h\u0259m d\u0259 son istifad\u0259\u00e7il\u0259r \u00fc\u00e7\u00fcn t\u0259hl\u00fck\u0259siz olmas\u0131n\u0131 t\u0259min edin. Geyim se\u00e7imi \u2013 k\u00f6yn\u0259kl\u0259r, kap\u00fc\u015fonlular, k\u0259tan \u00e7antalar, pololar v\u0259 daha \u00e7ox \u015fey \u00fcz\u0259rind\u0259 d\u00fcz \u00e7ap \u00fc\u00e7\u00fcn haz\u0131rlanm\u0131\u015f bu m\u00fcr\u0259kk\u0259b m\u00fc\u015ft\u0259ril\u0259rin xo\u015flad\u0131\u011f\u0131 yum\u015faq, rahat \u0259l hissi verir.<\/p>\n<p><strong>H\u0259r \u00e7apda pe\u015f\u0259kar n\u0259tic\u0259l\u0259r:<\/strong><br \/>\nD\u0259qiqlik v\u0259 canl\u0131l\u0131q \u00fc\u00e7\u00fcn haz\u0131rlanm\u0131\u015fd\u0131r, bizim <strong>CMYK Plastisol M\u00fcr\u0259kk\u0259bi<\/strong> d\u0259qiq proses r\u0259ng b\u0259rpas\u0131 \u00fc\u00e7\u00fcn t\u0259miz Cyan, Magenta, Sar\u0131 v\u0259 Qara piqmentl\u0259ri ehtiva edir. Y\u00fcng\u00fcl v\u0259 ya orta tonlu materiallarda \u0259trafl\u0131 foto\u015f\u0259killi qrafika v\u0259 hamar yamaclar \u0259ld\u0259 edin. T\u00fcnd r\u0259ngli paltarlar \u00fc\u00e7\u00fcn, sad\u0259c\u0259 olaraq s\u00fcr\u0259tli a\u011f alt bazan\u0131 yer\u0259 qoyun v\u0259 m\u00f6ht\u0259\u015f\u0259m \u00f6rt\u00fcc\u00fcl\u00fck v\u0259 r\u0259ng par\u0131lt\u0131s\u0131 \u00fc\u00e7\u00fcn CMYK r\u0259ngl\u0259riniz\u0259 riay\u0259t edin.<\/p>\n<p><img fetchpriority=\"high\" decoding=\"async\" class=\"alignnone size-medium wp-image-7718\" src=\"https:\/\/plastisol-inks.com\/wp-content\/uploads\/2025\/07\/plastisol-CMYK-ink-300x247.png\" alt=\"plastisol CMYK m\u00fcr\u0259kk\u0259bi\" width=\"300\" height=\"247\" title=\"plastisol m\u00fcr\u0259kk\u0259bl\u0259ri\" srcset=\"https:\/\/plastisol-inks.com\/wp-content\/uploads\/2025\/07\/plastisol-CMYK-ink-300x247.png 300w, https:\/\/plastisol-inks.com\/wp-content\/uploads\/2025\/07\/plastisol-CMYK-ink-15x12.png 15w, https:\/\/plastisol-inks.com\/wp-content\/uploads\/2025\/07\/plastisol-CMYK-ink.png 532w\" sizes=\"(max-width: 300px) 100vw, 300px\" \/><\/p>\n<p><strong>Tez v\u0259 etibarl\u0131 k\u00fcrl\u0259m\u0259:<\/strong><br \/>\nS\u0259m\u0259r\u0259lilik displey \u00e7ap\u0131n\u0131n a\u00e7ar\u0131d\u0131r. M\u00fcr\u0259kk\u0259bimiz saniy\u0259l\u0259r \u0259rzind\u0259 quruyur, gecikm\u0259 vaxtlar\u0131n\u0131 minimuma endirir v\u0259 m\u0259hsuldarl\u0131\u011f\u0131 art\u0131r\u0131r. 153\u2013170 \u00b0 C (307\u2013 338 \u00b0 F) temperaturda tam, yuyulmaya davaml\u0131 vasit\u0259 \u0259ld\u0259 edin, istilik presi, fl\u0259\u015f qurutma ma\u015f\u0131n\u0131 v\u0259 ya ke\u00e7id paltar qurutma ma\u015f\u0131n\u0131 il\u0259. Ki\u00e7ik qa\u00e7\u0131\u015flar \u00fc\u00e7\u00fcn isti tapan\u00e7adan istifad\u0259 oluna bils\u0259 d\u0259, optimal m\u00f6hk\u0259mlik \u00fc\u00e7\u00fcn m\u00fct\u0259x\u0259ssisl\u0259rin m\u00fcalic\u0259sini m\u0259sl\u0259h\u0259t g\u00f6r\u00fcr\u00fck.<\/p>\n<p><strong>\u00c7evik v\u0259 istifad\u0259\u00e7i dostu:<\/strong><br \/>\nBu plastisol m\u00fcr\u0259kk\u0259bi h\u0259m praktiki, h\u0259m d\u0259 avtomatik presl\u0259r \u00fc\u00e7\u00fcn m\u00fck\u0259mm\u0259ldir v\u0259 32T v\u0259 55T aras\u0131nda olan mesh madd\u0259l\u0259ri il\u0259 m\u00fck\u0259mm\u0259l i\u015fl\u0259yir. Onun hamar konsistensiyas\u0131 v\u0259 \u0259la ax\u0131n\u0131 ekran\u0131n mane\u0259 t\u00f6r\u0259tm\u0259sini minimuma endirir v\u0259 yeni ba\u015flayanlar \u00fc\u00e7\u00fcn qura\u015fd\u0131rman\u0131 \u00e7ox asanla\u015fd\u0131r\u0131r. \u018fn yax\u015f\u0131 n\u0259tic\u0259l\u0259r \u00fc\u00e7\u00fcn, One Coat v\u0259 ya Hybrid Plus kolleksiyam\u0131z kimi plastizollara davaml\u0131 m\u0259hluldan istifad\u0259 edin.<\/p>\n<p><strong>Sad\u0259 v\u0259 Asan T\u0259mizl\u0259m\u0259 v\u0259 Bax\u0131m:<\/strong><br \/>\n\u00c7apdan sonra t\u0259mizl\u0259m\u0259 \u0259sasd\u0131r \u2013 bizim y\u00fcks\u0259k g\u00fccl\u00fc displeyimiz m\u00fcr\u0259kk\u0259b \u00e7\u00f6k\u00fcnt\u00fcl\u0259rini s\u00fcr\u0259tl\u0259 aradan qald\u0131r\u0131r, ekoloji c\u0259h\u0259td\u0259n t\u0259miz, t\u0259bii alternativl\u0259rimiz is\u0259 daha ya\u015f\u0131l alternativ t\u0259klif edir. Displeyl\u0259riniz, \u015f\u00fcbh\u0259siz ki, t\u0259miz olacaq v\u0259 he\u00e7 vaxt a\u015fa\u011f\u0131dak\u0131 tap\u015f\u0131r\u0131q \u00fc\u00e7\u00fcn haz\u0131rlanacaqd\u0131r.<\/p>\n<p><strong>Niy\u0259 bizi Plastisol M\u00fcr\u0259kk\u0259b \u0130stehsal\u00e7\u0131n\u0131z kimi se\u00e7diniz?<\/strong><br \/>\n\u0130ll\u0259rl\u0259 olan s\u0259ri\u015ft\u0259mizl\u0259 biz keyfiyy\u0259t, x\u0259rc v\u0259 m\u00fc\u015ft\u0259ri d\u0259st\u0259yin\u0259 sadiqik. \u0130st\u0259r b\u00f6y\u00fck \u00e7ap ma\u011fazas\u0131, ist\u0259r yerli biznes, ist\u0259rs\u0259 d\u0259 evd\u0259 DIY \u00e7apdan z\u00f6vq alma\u011f\u0131n\u0131zdan as\u0131l\u0131 olmayaraq, bizim <strong>Plastisol CMYK M\u00fcr\u0259kk\u0259b<\/strong> g\u00f6z qama\u015fd\u0131ran k\u00f6lg\u0259, etibarl\u0131 s\u0259m\u0259r\u0259lilik v\u0259 qeyri-adi d\u0259y\u0259rl\u0259 s\u0259n\u0259t i\u015finizi canland\u0131r\u0131r.<\/p>\n<p>\u00c7ap \u0259m\u0259liyyatlar\u0131n\u0131z\u0131 yenil\u0259yin \u2013 do\u011fru olan f\u0259rqi k\u0259\u015ff edin <a href=\"https:\/\/plastisol-inks.com\/az\/ekran-cap-plastisol-mur%c9%99kk%c9%99bi\/\"><strong>CMYK Plastisol M\u00fcr\u0259kk\u0259bi<\/strong><\/a> marka ad\u0131n\u0131z, t\u0259\u015fkilat\u0131n\u0131z v\u0259 m\u00fc\u015ft\u0259ril\u0259riniz \u00fc\u00e7\u00fcn ed\u0259 bil\u0259r.<\/p>","protected":false},"excerpt":{"rendered":"<p>Premium <strong>Plastisol CMYK M\u00fcr\u0259kk\u0259b<\/strong> Etibarl\u0131 Plastisol M\u00fcr\u0259kk\u0259b \u0130stehsal\u00e7\u0131s\u0131ndan. Tez b\u0259rkiyir, yum\u015faq hiss olunur v\u0259 t\u0259mizl\u0259nm\u0259si asand\u0131r \u2014 pe\u015f\u0259kar ekran printerl\u0259ri \u00fc\u00e7\u00fcn ideald\u0131r.<\/p>","protected":false},"featured_media":7717,"template":"","meta":{"site-sidebar-layout":"default","site-content-layout":"","ast-site-content-layout":"default","site-content-style":"default","site-sidebar-style":"default","ast-global-header-display":"","ast-banner-title-visibility":"","ast-main-header-display":"","ast-hfb-above-header-display":"","ast-hfb-below-header-display":"","ast-hfb-mobile-header-display":"","site-post-title":"","ast-breadcrumbs-content":"","ast-featured-img":"","footer-sml-layout":"","theme-transparent-header-meta":"default","adv-header-id-meta":"","stick-header-meta":"","header-above-stick-meta":"","header-main-stick-meta":"","header-below-stick-meta":"","astra-migrate-meta-layouts":"set","ast-page-background-enabled":"default","ast-page-background-meta":{"desktop":{"background-color":"","background-image":"","background-repeat":"repeat","background-position":"center center","background-size":"auto","background-attachment":"scroll","background-type":"","background-media":"","overlay-type":"","overlay-color":"","overlay-gradient":""},"tablet":{"background-color":"","background-image":"","background-repeat":"repeat","background-position":"center center","background-size":"auto","background-attachment":"scroll","background-type":"","background-media":"","overlay-type":"","overlay-color":"","overlay-gradient":""},"mobile":{"background-color":"","background-image":"","background-repeat":"repeat","background-position":"center center","background-size":"auto","background-attachment":"scroll","background-type":"","background-media":"","overlay-type":"","overlay-color":"","overlay-gradient":""}},"ast-content-background-meta":{"desktop":{"background-color":"var(--ast-global-color-5)","background-image":"","background-repeat":"repeat","background-position":"center center","background-size":"auto","background-attachment":"scroll","background-type":"","background-media":"","overlay-type":"","overlay-color":"","overlay-gradient":""},"tablet":{"background-color":"var(--ast-global-color-5)","background-image":"","background-repeat":"repeat","background-position":"center center","background-size":"auto","background-attachment":"scroll","background-type":"","background-media":"","overlay-type":"","overlay-color":"","overlay-gradient":""},"mobile":{"background-color":"var(--ast-global-color-5)","background-image":"","background-repeat":"repeat","background-position":"center center","background-size":"auto","background-attachment":"scroll","background-type":"","background-media":"","overlay-type":"","overlay-color":"","overlay-gradient":""}}},"product_brand":[],"product_cat":[26,80,30,81],"product_tag":[],"class_list":{"0":"post-7716","1":"product","2":"type-product","3":"status-publish","4":"has-post-thumbnail","6":"product_cat-plastisol-inks","7":"product_cat-plastisol-ink-chjt-series","8":"product_cat-plastisol-ink-hf-series","9":"product_cat-plastisol-ink-sdla-series","10":"desktop-align-left","11":"tablet-align-left","12":"mobile-align-left","14":"first","15":"instock","16":"shipping-taxable","17":"product-type-simple"},"_links":{"self":[{"href":"https:\/\/plastisol-inks.com\/az\/wp-json\/wp\/v2\/product\/7716","targetHints":{"allow":["GET"]}}],"collection":[{"href":"https:\/\/plastisol-inks.com\/az\/wp-json\/wp\/v2\/product"}],"about":[{"href":"https:\/\/plastisol-inks.com\/az\/wp-json\/wp\/v2\/types\/product"}],"wp:featuredmedia":[{"embeddable":true,"href":"https:\/\/plastisol-inks.com\/az\/wp-json\/wp\/v2\/media\/7717"}],"wp:attachment":[{"href":"https:\/\/plastisol-inks.com\/az\/wp-json\/wp\/v2\/media?parent=7716"}],"wp:term":[{"taxonomy":"product_brand","embeddable":true,"href":"https:\/\/plastisol-inks.com\/az\/wp-json\/wp\/v2\/product_brand?post=7716"},{"taxonomy":"product_cat","embeddable":true,"href":"https:\/\/plastisol-inks.com\/az\/wp-json\/wp\/v2\/product_cat?post=7716"},{"taxonomy":"product_tag","embeddable":true,"href":"https:\/\/plastisol-inks.com\/az\/wp-json\/wp\/v2\/product_tag?post=7716"}],"curies":[{"name":"wp","href":"https:\/\/api.w.org\/{rel}","templated":true}]}}