{"id":5929,"date":"2024-12-24T02:40:36","date_gmt":"2024-12-24T07:40:36","guid":{"rendered":"https:\/\/plastisol-inks.com\/?page_id=5929"},"modified":"2024-12-27T01:04:33","modified_gmt":"2024-12-27T06:04:33","slug":"pvc-fri-nb-trykfarve","status":"publish","type":"page","link":"https:\/\/plastisol-inks.com\/da\/pvc-free-nb-printing-ink\/","title":{"rendered":"NB-serien"},"content":{"rendered":"<div data-elementor-type=\"wp-page\" data-elementor-id=\"5929\" class=\"elementor elementor-5929\" data-elementor-post-type=\"page\">\n\t\t\t\t<div class=\"elementor-element elementor-element-714ab7bb e-flex e-con-boxed e-con e-parent\" data-id=\"714ab7bb\" data-element_type=\"container\" data-e-type=\"container\">\n\t\t\t\t\t<div class=\"e-con-inner\">\n\t\t\t\t<div class=\"elementor-element elementor-element-63c38c55 elementor-widget elementor-widget-woocommerce-breadcrumb\" data-id=\"63c38c55\" data-element_type=\"widget\" data-e-type=\"widget\" data-widget_type=\"woocommerce-breadcrumb.default\">\n\t\t\t\t<div class=\"elementor-widget-container\">\n\t\t\t\t\t<nav class=\"woocommerce-breadcrumb\" aria-label=\"Breadcrumb\" data-no-translation=\"\" data-trp-gettext=\"\">Hjem<\/nav>\t\t\t\t<\/div>\n\t\t\t\t<\/div>\n\t\t\t\t\t<\/div>\n\t\t\t\t<\/div>\n\t\t<div class=\"elementor-element elementor-element-77e4cadf e-con-full e-flex e-con e-parent\" data-id=\"77e4cadf\" data-element_type=\"container\" data-e-type=\"container\">\n\t\t<div class=\"elementor-element elementor-element-1c823138 e-con-full e-flex e-con e-child\" data-id=\"1c823138\" data-element_type=\"container\" data-e-type=\"container\" data-settings=\"{&quot;background_background&quot;:&quot;classic&quot;}\">\n\t\t\t\t<div class=\"elementor-element elementor-element-4b6a2a70 elementor-widget elementor-widget-heading\" data-id=\"4b6a2a70\" data-element_type=\"widget\" data-e-type=\"widget\" data-widget_type=\"heading.default\">\n\t\t\t\t<div class=\"elementor-widget-container\">\n\t\t\t\t\t<h3 class=\"elementor-heading-title elementor-size-default\">L\u00e6r<\/h3>\t\t\t\t<\/div>\n\t\t\t\t<\/div>\n\t\t\t\t<div class=\"elementor-element elementor-element-5d2610 elementor-icon-list--layout-traditional elementor-list-item-link-full_width elementor-widget elementor-widget-icon-list\" data-id=\"5d2610\" data-element_type=\"widget\" data-e-type=\"widget\" data-widget_type=\"icon-list.default\">\n\t\t\t\t<div class=\"elementor-widget-container\">\n\t\t\t\t\t\t\t<ul class=\"elementor-icon-list-items\">\n\t\t\t\t\t\t\t<li class=\"elementor-icon-list-item\">\n\t\t\t\t\t\t\t\t\t\t<span class=\"elementor-icon-list-text\">Plastisol bl\u00e6k og serigrafi maling FQA<\/span>\n\t\t\t\t\t\t\t\t\t<\/li>\n\t\t\t\t\t\t\t\t<li class=\"elementor-icon-list-item\">\n\t\t\t\t\t\t\t\t\t\t<span class=\"elementor-icon-list-text\">Teknisk support<\/span>\n\t\t\t\t\t\t\t\t\t<\/li>\n\t\t\t\t\t\t\t\t<li class=\"elementor-icon-list-item\">\n\t\t\t\t\t\t\t\t\t\t<span class=\"elementor-icon-list-text\">Blog<\/span>\n\t\t\t\t\t\t\t\t\t<\/li>\n\t\t\t\t\t\t\t\t<li class=\"elementor-icon-list-item\">\n\t\t\t\t\t\t\t\t\t\t<span class=\"elementor-icon-list-text\">Plastisol serigrafisk trykfarve<\/span>\n\t\t\t\t\t\t\t\t\t<\/li>\n\t\t\t\t\t\t<\/ul>\n\t\t\t\t\t\t<\/div>\n\t\t\t\t<\/div>\n\t\t\t\t<div class=\"elementor-element elementor-element-300d3162 elementor-widget elementor-widget-wp-widget-woocommerce_product_tag_cloud\" data-id=\"300d3162\" data-element_type=\"widget\" data-e-type=\"widget\" data-widget_type=\"wp-widget-woocommerce_product_tag_cloud.default\">\n\t\t\t\t<div class=\"elementor-widget-container\">\n\t\t\t\t\t<div class=\"woocommerce widget_product_tag_cloud\"><h5>Varen\u00f8gleord<\/h5><div class=\"tagcloud\"><a href=\"https:\/\/plastisol-inks.com\/da\/product-tag\/best-inks-for-screen-printing\/\" class=\"tag-cloud-link tag-link-88 tag-link-position-1\" style=\"font-size: 14.837988826816px;\" aria-label=\"best inks for screen printing (3-produkter)\" data-no-translation-aria-label=\"\">bedste trykfarver til serigrafi<\/a>\n<a href=\"https:\/\/plastisol-inks.com\/da\/product-tag\/best-screen-printing\/\" class=\"tag-cloud-link tag-link-85 tag-link-position-2\" style=\"font-size: 14.837988826816px;\" aria-label=\"best screen printing (3-produkter)\" data-no-translation-aria-label=\"\">bedste serigrafi<\/a>\n<a href=\"https:\/\/plastisol-inks.com\/da\/product-tag\/best-screen-printing-ink\/\" class=\"tag-cloud-link tag-link-76 tag-link-position-3\" style=\"font-size: 14.837988826816px;\" aria-label=\"Best Screen Printing Ink (3-produkter)\" data-no-translation-aria-label=\"\">Bedste serigrafi-bl\u00e6k<\/a>\n<a href=\"https:\/\/plastisol-inks.com\/da\/product-tag\/fabric-screen-printing-ink\/\" class=\"tag-cloud-link tag-link-77 tag-link-position-4\" style=\"font-size: 14.837988826816px;\" aria-label=\"Fabric Screen Printing Ink (3-produkter)\" data-no-translation-aria-label=\"\">Bl\u00e6k til serigrafi af stof<\/a>\n<a href=\"https:\/\/plastisol-inks.com\/da\/product-tag\/gold-screen-print-ink\/\" class=\"tag-cloud-link tag-link-82 tag-link-position-5\" style=\"font-size: 14.837988826816px;\" aria-label=\"gold screen print ink (3-produkter)\" data-no-translation-aria-label=\"\">Serigrafisk bl\u00e6k i guld<\/a>\n<a href=\"https:\/\/plastisol-inks.com\/da\/product-tag\/ink-plastisol\/\" class=\"tag-cloud-link tag-link-90 tag-link-position-6\" style=\"font-size: 14px;\" aria-label=\"ink plastisol (1-produkt)\" data-no-translation-aria-label=\"\">Bl\u00e6k plastisol<\/a>\n<a href=\"https:\/\/plastisol-inks.com\/da\/product-tag\/metallic-gold-screen-printing-ink\/\" class=\"tag-cloud-link tag-link-252 tag-link-position-7\" style=\"font-size: 14px;\" aria-label=\"Metallic Gold Screen Printing Ink (1-produkt)\" data-no-translation-aria-label=\"\">Metallisk guld serigrafi bl\u00e6k<\/a>\n<a href=\"https:\/\/plastisol-inks.com\/da\/product-tag\/plastisol-screen-printing\/\" class=\"tag-cloud-link tag-link-83 tag-link-position-8\" style=\"font-size: 14.837988826816px;\" aria-label=\"plastisol screen printing (3-produkter)\" data-no-translation-aria-label=\"\">Plastisol-screentryk<\/a>\n<a href=\"https:\/\/plastisol-inks.com\/da\/product-tag\/plastisol-screen-printing-ink\/\" class=\"tag-cloud-link tag-link-91 tag-link-position-9\" style=\"font-size: 14px;\" aria-label=\"plastisol screen printing ink (1-produkt)\" data-no-translation-aria-label=\"\">Plastisol serigrafisk trykfarve<\/a>\n<a href=\"https:\/\/plastisol-inks.com\/da\/product-tag\/puff-ink-for-screen-printing\/\" class=\"tag-cloud-link tag-link-272 tag-link-position-10\" style=\"font-size: 14px;\" aria-label=\"Puff Ink for Screen Printing (1-produkt)\" data-no-translation-aria-label=\"\">Puffbl\u00e6k til serigrafi<\/a>\n<a href=\"https:\/\/plastisol-inks.com\/da\/product-tag\/rapid-screen-printing\/\" class=\"tag-cloud-link tag-link-86 tag-link-position-11\" style=\"font-size: 14.837988826816px;\" aria-label=\"Rapid Screen Printing (3-produkter)\" data-no-translation-aria-label=\"\">Hurtig serigrafi<\/a>\n<a href=\"https:\/\/plastisol-inks.com\/da\/product-tag\/rapid-silk-screen-pr\/\" class=\"tag-cloud-link tag-link-89 tag-link-position-12\" style=\"font-size: 14.837988826816px;\" aria-label=\"rapid silk screen pr (3-produkter)\" data-no-translation-aria-label=\"\">hurtig silketryk pr<\/a>\n<a href=\"https:\/\/plastisol-inks.com\/da\/product-tag\/screen-printing-ink-for-fabric\/\" class=\"tag-cloud-link tag-link-84 tag-link-position-13\" style=\"font-size: 14.837988826816px;\" aria-label=\"screen printing ink for fabric (3-produkter)\" data-no-translation-aria-label=\"\">Serigrafisk trykfarve til stof<\/a>\n<a href=\"https:\/\/plastisol-inks.com\/da\/product-tag\/silk-screen-manufacturers\/\" class=\"tag-cloud-link tag-link-87 tag-link-position-14\" style=\"font-size: 14.837988826816px;\" aria-label=\"silk screen manufacturers (3-produkter)\" data-no-translation-aria-label=\"\">producenter af silketryk<\/a>\n<a href=\"https:\/\/plastisol-inks.com\/da\/product-tag\/silk-screen-paint\/\" class=\"tag-cloud-link tag-link-74 tag-link-position-15\" style=\"font-size: 19px;\" aria-label=\"silk screen paint (121-produkter)\" data-no-translation-aria-label=\"\">Silketrykmaling<\/a>\n<a href=\"https:\/\/plastisol-inks.com\/da\/product-tag\/t-shirt-printing-ink\/\" class=\"tag-cloud-link tag-link-79 tag-link-position-16\" style=\"font-size: 19px;\" aria-label=\"T shirt printing ink (121-produkter)\" data-no-translation-aria-label=\"\">Trykfarve til t-shirts<\/a><\/div><\/div>\t\t\t\t<\/div>\n\t\t\t\t<\/div>\n\t\t\t\t<\/div>\n\t\t<div class=\"elementor-element elementor-element-606bb808 e-con-full e-flex e-con e-child\" data-id=\"606bb808\" data-element_type=\"container\" data-e-type=\"container\" data-settings=\"{&quot;background_background&quot;:&quot;classic&quot;}\">\n\t\t\t\t<div class=\"elementor-element elementor-element-5f004e92 elementor-widget elementor-widget-heading\" data-id=\"5f004e92\" data-element_type=\"widget\" data-e-type=\"widget\" data-widget_type=\"heading.default\">\n\t\t\t\t<div class=\"elementor-widget-container\">\n\t\t\t\t\t<h1 class=\"elementor-heading-title elementor-size-default\">PVC-fri NB-trykfarve<\/h1>\t\t\t\t<\/div>\n\t\t\t\t<\/div>\n\t\t\t\t<div class=\"elementor-element elementor-element-3ca0d071 elementor-widget elementor-widget-text-editor\" data-id=\"3ca0d071\" data-element_type=\"widget\" data-e-type=\"widget\" data-widget_type=\"text-editor.default\">\n\t\t\t\t<div class=\"elementor-widget-container\">\n\t\t\t\t\t\t\t\t\t<p>Vores NB-serie er et ikke-blokerende bl\u00e6k til Octopus, Elliptical og andre store trykmaskiner, som l\u00f8ser problemet med blokering af vandbaseret bl\u00e6k, og samtidig er det nemt og bekvemt at betjene, og det kan bruges med heatset-bl\u00e6k, hvilket sparer omkostningerne til indl\u00e6ring.<\/p>\t\t\t\t\t\t\t\t<\/div>\n\t\t\t\t<\/div>\n\t\t\t\t<\/div>\n\t\t\t\t<\/div>\n\t\t\t\t<\/div>","protected":false},"excerpt":{"rendered":"<p>Learn Plastisol Ink &#038; Silk Screen Paint FQA Technical Support Blog Plastisol Screen Printing Ink Solutions PVC Free NB Printing Ink Our NB series is a non-blocking ink for Octopus, Elliptical and other large printing machines, which solves the problem of blocking of water-based inks, and at the same time, it is easy and convenient [&hellip;]<\/p>\n","protected":false},"author":1,"featured_media":0,"parent":0,"menu_order":0,"comment_status":"closed","ping_status":"closed","template":"","meta":{"site-sidebar-layout":"no-sidebar","site-content-layout":"page-builder","ast-site-content-layout":"full-width-container","site-content-style":"default","site-sidebar-style":"default","ast-global-header-display":"","ast-banner-title-visibility":"","ast-main-header-display":"","ast-hfb-above-header-display":"","ast-hfb-below-header-display":"","ast-hfb-mobile-header-display":"","site-post-title":"disabled","ast-breadcrumbs-content":"","ast-featured-img":"disabled","footer-sml-layout":"","theme-transparent-header-meta":"","adv-header-id-meta":"","stick-header-meta":"","header-above-stick-meta":"","header-main-stick-meta":"","header-below-stick-meta":"","astra-migrate-meta-layouts":"set","ast-page-background-enabled":"default","ast-page-background-meta":{"desktop":{"background-color":"","background-image":"","background-repeat":"repeat","background-position":"center center","background-size":"auto","background-attachment":"scroll","background-type":"","background-media":"","overlay-type":"","overlay-color":"","overlay-gradient":""},"tablet":{"background-color":"","background-image":"","background-repeat":"repeat","background-position":"center center","background-size":"auto","background-attachment":"scroll","background-type":"","background-media":"","overlay-type":"","overlay-color":"","overlay-gradient":""},"mobile":{"background-color":"","background-image":"","background-repeat":"repeat","background-position":"center center","background-size":"auto","background-attachment":"scroll","background-type":"","background-media":"","overlay-type":"","overlay-color":"","overlay-gradient":""}},"ast-content-background-meta":{"desktop":{"background-color":"var(--ast-global-color-5)","background-image":"","background-repeat":"repeat","background-position":"center center","background-size":"auto","background-attachment":"scroll","background-type":"","background-media":"","overlay-type":"","overlay-color":"","overlay-gradient":""},"tablet":{"background-color":"var(--ast-global-color-5)","background-image":"","background-repeat":"repeat","background-position":"center center","background-size":"auto","background-attachment":"scroll","background-type":"","background-media":"","overlay-type":"","overlay-color":"","overlay-gradient":""},"mobile":{"background-color":"var(--ast-global-color-5)","background-image":"","background-repeat":"repeat","background-position":"center center","background-size":"auto","background-attachment":"scroll","background-type":"","background-media":"","overlay-type":"","overlay-color":"","overlay-gradient":""}},"footnotes":""},"class_list":["post-5929","page","type-page","status-publish","hentry"],"_links":{"self":[{"href":"https:\/\/plastisol-inks.com\/da\/wp-json\/wp\/v2\/pages\/5929","targetHints":{"allow":["GET"]}}],"collection":[{"href":"https:\/\/plastisol-inks.com\/da\/wp-json\/wp\/v2\/pages"}],"about":[{"href":"https:\/\/plastisol-inks.com\/da\/wp-json\/wp\/v2\/types\/page"}],"author":[{"embeddable":true,"href":"https:\/\/plastisol-inks.com\/da\/wp-json\/wp\/v2\/users\/1"}],"replies":[{"embeddable":true,"href":"https:\/\/plastisol-inks.com\/da\/wp-json\/wp\/v2\/comments?post=5929"}],"version-history":[{"count":11,"href":"https:\/\/plastisol-inks.com\/da\/wp-json\/wp\/v2\/pages\/5929\/revisions"}],"predecessor-version":[{"id":5962,"href":"https:\/\/plastisol-inks.com\/da\/wp-json\/wp\/v2\/pages\/5929\/revisions\/5962"}],"wp:attachment":[{"href":"https:\/\/plastisol-inks.com\/da\/wp-json\/wp\/v2\/media?parent=5929"}],"curies":[{"name":"wp","href":"https:\/\/api.w.org\/{rel}","templated":true}]}}