{"id":3375,"date":"2024-08-02T01:47:26","date_gmt":"2024-08-02T05:47:26","guid":{"rendered":"https:\/\/plastisol-inks.com\/?post_type=product&#038;p=3375"},"modified":"2024-08-08T23:41:26","modified_gmt":"2024-08-09T03:41:26","slug":"serigrafi-lilla-rod-plastisol-blaek-hf-1202","status":"publish","type":"product","link":"https:\/\/plastisol-inks.com\/da\/product\/screen-printing-purplish-red-plastisol-ink-hf-1202\/","title":{"rendered":"Serigrafisk r\u00f8d plastisolbl\u00e6k -HF-1202"},"content":{"rendered":"<p>Plastisolbl\u00e6k til serigrafi af h\u00f8j kvalitet giver levende farver, fremragende d\u00e6kning og holdbarhed til langvarige, professionelle udskrifter.<br \/>\nHf-serien er almindelig milj\u00f8venlig, ftalatfri og velegnet til almindelige m\u00e6rker, der giver fremragende d\u00e6kkeevne, holdbarhed og modstandsdygtighed og ikke bl\u00f8der. Det er ekstremt vaskbart uden at falme eller forringes.<br \/>\nKompatibel med en lang r\u00e6kke stoffer, herunder bomuld, polyester og blandinger, og er velegnet til b\u00e5de manuelle og automatiske trykprocesser.<\/p>","protected":false},"excerpt":{"rendered":"<p>[sp_easyaccordion id=&#8221;1857&#8243;]<\/p>\n","protected":false},"featured_media":3382,"template":"","meta":{"site-sidebar-layout":"default","site-content-layout":"","ast-site-content-layout":"default","site-content-style":"default","site-sidebar-style":"default","ast-global-header-display":"","ast-banner-title-visibility":"","ast-main-header-display":"","ast-hfb-above-header-display":"","ast-hfb-below-header-display":"","ast-hfb-mobile-header-display":"","site-post-title":"","ast-breadcrumbs-content":"","ast-featured-img":"","footer-sml-layout":"","theme-transparent-header-meta":"default","adv-header-id-meta":"","stick-header-meta":"","header-above-stick-meta":"","header-main-stick-meta":"","header-below-stick-meta":"","astra-migrate-meta-layouts":"set","ast-page-background-enabled":"default","ast-page-background-meta":{"desktop":{"background-color":"","background-image":"","background-repeat":"repeat","background-position":"center center","background-size":"auto","background-attachment":"scroll","background-type":"","background-media":"","overlay-type":"","overlay-color":"","overlay-gradient":""},"tablet":{"background-color":"","background-image":"","background-repeat":"repeat","background-position":"center center","background-size":"auto","background-attachment":"scroll","background-type":"","background-media":"","overlay-type":"","overlay-color":"","overlay-gradient":""},"mobile":{"background-color":"","background-image":"","background-repeat":"repeat","background-position":"center center","background-size":"auto","background-attachment":"scroll","background-type":"","background-media":"","overlay-type":"","overlay-color":"","overlay-gradient":""}},"ast-content-background-meta":{"desktop":{"background-color":"var(--ast-global-color-5)","background-image":"","background-repeat":"repeat","background-position":"center center","background-size":"auto","background-attachment":"scroll","background-type":"","background-media":"","overlay-type":"","overlay-color":"","overlay-gradient":""},"tablet":{"background-color":"var(--ast-global-color-5)","background-image":"","background-repeat":"repeat","background-position":"center center","background-size":"auto","background-attachment":"scroll","background-type":"","background-media":"","overlay-type":"","overlay-color":"","overlay-gradient":""},"mobile":{"background-color":"var(--ast-global-color-5)","background-image":"","background-repeat":"repeat","background-position":"center center","background-size":"auto","background-attachment":"scroll","background-type":"","background-media":"","overlay-type":"","overlay-color":"","overlay-gradient":""}}},"product_brand":[],"product_cat":[30,26],"product_tag":[74,79],"class_list":{"0":"post-3375","1":"product","2":"type-product","3":"status-publish","4":"has-post-thumbnail","6":"product_cat-plastisol-ink-hf-series","7":"product_cat-plastisol-inks","8":"product_tag-silk-screen-paint","9":"product_tag-t-shirt-printing-ink","10":"desktop-align-left","11":"tablet-align-left","12":"mobile-align-left","14":"first","15":"instock","16":"shipping-taxable","17":"purchasable","18":"product-type-variable"},"_links":{"self":[{"href":"https:\/\/plastisol-inks.com\/da\/wp-json\/wp\/v2\/product\/3375","targetHints":{"allow":["GET"]}}],"collection":[{"href":"https:\/\/plastisol-inks.com\/da\/wp-json\/wp\/v2\/product"}],"about":[{"href":"https:\/\/plastisol-inks.com\/da\/wp-json\/wp\/v2\/types\/product"}],"wp:featuredmedia":[{"embeddable":true,"href":"https:\/\/plastisol-inks.com\/da\/wp-json\/wp\/v2\/media\/3382"}],"wp:attachment":[{"href":"https:\/\/plastisol-inks.com\/da\/wp-json\/wp\/v2\/media?parent=3375"}],"wp:term":[{"taxonomy":"product_brand","embeddable":true,"href":"https:\/\/plastisol-inks.com\/da\/wp-json\/wp\/v2\/product_brand?post=3375"},{"taxonomy":"product_cat","embeddable":true,"href":"https:\/\/plastisol-inks.com\/da\/wp-json\/wp\/v2\/product_cat?post=3375"},{"taxonomy":"product_tag","embeddable":true,"href":"https:\/\/plastisol-inks.com\/da\/wp-json\/wp\/v2\/product_tag?post=3375"}],"curies":[{"name":"wp","href":"https:\/\/api.w.org\/{rel}","templated":true}]}}