{"id":4151,"date":"2024-08-05T20:22:11","date_gmt":"2024-08-06T00:22:11","guid":{"rendered":"https:\/\/plastisol-inks.com\/?post_type=product&#038;p=4151"},"modified":"2024-08-08T03:21:39","modified_gmt":"2024-08-08T07:21:39","slug":"serigrafi-pink-plastisol-blaek-chjt-1407","status":"publish","type":"product","link":"https:\/\/plastisol-inks.com\/da\/product\/screen-printing-pink-plastisol-ink-chjt-1407\/","title":{"rendered":"Serigrafi Pink Plastisol bl\u00e6k \u2014 CHJT-1407"},"content":{"rendered":"<p>Plastisolbl\u00e6k til serigrafi i h\u00f8j kvalitet giver levende farver, fremragende d\u00e6kning og holdbarhed til langvarige, professionelle udskrifter.<br \/>\nCHJT-Series Mellemh\u00f8j milj\u00f8venlig serie med ftalat- og Npeo-frihed, der passer til mellemh\u00f8je m\u00e6rker, og som giver fremragende d\u00e6kkeevne, holdbarhed og modstandsdygtighed og ikke bl\u00f8der. Den er ekstremt vaskbar uden at falme eller forringes.<br \/>\nKompatibel med en lang r\u00e6kke stoffer, herunder bomuld, polyester og blandinger, og er velegnet til b\u00e5de manuelle og automatiske trykprocesser.<\/p>","protected":false},"excerpt":{"rendered":"<p>[sp_easyaccordion id=&#8221;1857&#8243;]<\/p>\n","protected":false},"featured_media":3642,"template":"","meta":{"site-sidebar-layout":"default","site-content-layout":"","ast-site-content-layout":"default","site-content-style":"default","site-sidebar-style":"default","ast-global-header-display":"","ast-banner-title-visibility":"","ast-main-header-display":"","ast-hfb-above-header-display":"","ast-hfb-below-header-display":"","ast-hfb-mobile-header-display":"","site-post-title":"","ast-breadcrumbs-content":"","ast-featured-img":"","footer-sml-layout":"","theme-transparent-header-meta":"default","adv-header-id-meta":"","stick-header-meta":"","header-above-stick-meta":"","header-main-stick-meta":"","header-below-stick-meta":"","astra-migrate-meta-layouts":"set","ast-page-background-enabled":"default","ast-page-background-meta":{"desktop":{"background-color":"","background-image":"","background-repeat":"repeat","background-position":"center center","background-size":"auto","background-attachment":"scroll","background-type":"","background-media":"","overlay-type":"","overlay-color":"","overlay-gradient":""},"tablet":{"background-color":"","background-image":"","background-repeat":"repeat","background-position":"center center","background-size":"auto","background-attachment":"scroll","background-type":"","background-media":"","overlay-type":"","overlay-color":"","overlay-gradient":""},"mobile":{"background-color":"","background-image":"","background-repeat":"repeat","background-position":"center center","background-size":"auto","background-attachment":"scroll","background-type":"","background-media":"","overlay-type":"","overlay-color":"","overlay-gradient":""}},"ast-content-background-meta":{"desktop":{"background-color":"var(--ast-global-color-5)","background-image":"","background-repeat":"repeat","background-position":"center center","background-size":"auto","background-attachment":"scroll","background-type":"","background-media":"","overlay-type":"","overlay-color":"","overlay-gradient":""},"tablet":{"background-color":"var(--ast-global-color-5)","background-image":"","background-repeat":"repeat","background-position":"center center","background-size":"auto","background-attachment":"scroll","background-type":"","background-media":"","overlay-type":"","overlay-color":"","overlay-gradient":""},"mobile":{"background-color":"var(--ast-global-color-5)","background-image":"","background-repeat":"repeat","background-position":"center center","background-size":"auto","background-attachment":"scroll","background-type":"","background-media":"","overlay-type":"","overlay-color":"","overlay-gradient":""}}},"product_brand":[],"product_cat":[80],"product_tag":[74,79],"class_list":{"0":"post-4151","1":"product","2":"type-product","3":"status-publish","4":"has-post-thumbnail","6":"product_cat-plastisol-ink-chjt-series","7":"product_tag-silk-screen-paint","8":"product_tag-t-shirt-printing-ink","9":"desktop-align-left","10":"tablet-align-left","11":"mobile-align-left","13":"first","14":"instock","15":"shipping-taxable","16":"purchasable","17":"product-type-variable"},"_links":{"self":[{"href":"https:\/\/plastisol-inks.com\/da\/wp-json\/wp\/v2\/product\/4151","targetHints":{"allow":["GET"]}}],"collection":[{"href":"https:\/\/plastisol-inks.com\/da\/wp-json\/wp\/v2\/product"}],"about":[{"href":"https:\/\/plastisol-inks.com\/da\/wp-json\/wp\/v2\/types\/product"}],"wp:featuredmedia":[{"embeddable":true,"href":"https:\/\/plastisol-inks.com\/da\/wp-json\/wp\/v2\/media\/3642"}],"wp:attachment":[{"href":"https:\/\/plastisol-inks.com\/da\/wp-json\/wp\/v2\/media?parent=4151"}],"wp:term":[{"taxonomy":"product_brand","embeddable":true,"href":"https:\/\/plastisol-inks.com\/da\/wp-json\/wp\/v2\/product_brand?post=4151"},{"taxonomy":"product_cat","embeddable":true,"href":"https:\/\/plastisol-inks.com\/da\/wp-json\/wp\/v2\/product_cat?post=4151"},{"taxonomy":"product_tag","embeddable":true,"href":"https:\/\/plastisol-inks.com\/da\/wp-json\/wp\/v2\/product_tag?post=4151"}],"curies":[{"name":"wp","href":"https:\/\/api.w.org\/{rel}","templated":true}]}}