{"id":7716,"date":"2025-07-29T05:31:02","date_gmt":"2025-07-29T09:31:02","guid":{"rendered":"https:\/\/plastisol-inks.com\/?post_type=product&#038;p=7716"},"modified":"2025-07-29T05:32:41","modified_gmt":"2025-07-29T09:32:41","slug":"plastisol-cmyk-blaek-plastisol-blaek-odm","status":"publish","type":"product","link":"https:\/\/plastisol-inks.com\/da\/product\/plastisol-cmyk-ink-plastisol-ink-odm\/","title":{"rendered":"Plastisol CMYK-bl\u00e6k"},"content":{"rendered":"<p>L\u00e5s op for det fulde spektrum af nuancer i dine serigrafiopgaver med vores <strong>Plastisol CMYK-bl\u00e6k<\/strong>, markedets valg for dristige print i h\u00f8j opl\u00f8sning. Som en erfaren <strong><a href=\"https:\/\/plastisol-inks.com\/da\/\">Producent af plastisolbl\u00e6k<\/a><\/strong>, vi er forpligtet til at tilbyde printere p\u00e5 alle niveauer med en <strong>CMYK Plastisol-bl\u00e6k<\/strong> der ikke kun er nem at bruge, men ogs\u00e5 opfylder de h\u00f8jeste standarder for ydeevne og sikkerhed.<\/p>\n<p>Begge vores <a href=\"https:\/\/plastisol-inks.com\/da\/hf-serien\/\"><strong>HF-serien<\/strong> <strong>Plastisol-bl\u00e6k<\/strong><\/a>, <a href=\"https:\/\/plastisol-inks.com\/da\/silketryk-plastisol-blaek\/chjt-serien\/\"><strong>CHJT-serien<\/strong> <strong>Plastisol-bl\u00e6k<\/strong><\/a> og <a href=\"https:\/\/plastisol-inks.com\/da\/scla-serien\/\"><strong>SDLA-serien Plastisol-bl\u00e6k<\/strong><\/a> tilbud <strong data-start=\"179\" data-end=\"202\">Plastisol CMYK-bl\u00e6k<\/strong> med milj\u00f8venlige muligheder, der er fuldst\u00e6ndig <strong data-start=\"249\" data-end=\"267\">phthalat-fri<\/strong>\u00a0eller\u00a0<strong data-start=\"272\" data-end=\"284\">PVC-fri<\/strong>, hvilket sikrer, at dine udskrifter er sikre for b\u00e5de producenter og slutbrugere. Denne bl\u00e6k er udviklet til direkte udskrivning p\u00e5 en r\u00e6kke bekl\u00e6dningsgenstande \u2013 t-shirts, h\u00e6ttetr\u00f8jer, l\u00e6rredstasker, poloshirts og meget mere \u2013 og giver en bl\u00f8d og behagelig fornemmelse, som kunderne nyder.<\/p>\n<p><strong>Professionelle resultater med hvert print:<\/strong><br \/>\nUdviklet til pr\u00e6cision og livlighed, vores <strong>CMYK Plastisol-bl\u00e6k<\/strong> Indeholder rene cyan-, magenta-, gule- og sorte pigmenter for pr\u00e6cis gengivelse af procesfarver. Opn\u00e5 detaljerede fotolignende grafikker og glatte h\u00e6ldninger p\u00e5 lyse eller mellemtonede materialer. Til m\u00f8rke tekstiler skal du blot p\u00e5f\u00f8re en fast hvid underbase og f\u00f8lge dine CMYK-farver for enest\u00e5ende d\u00e6kning og farveglans.<\/p>\n<p><img fetchpriority=\"high\" decoding=\"async\" class=\"alignnone size-medium wp-image-7718\" src=\"https:\/\/plastisol-inks.com\/wp-content\/uploads\/2025\/07\/plastisol-CMYK-ink-300x247.png\" alt=\"Plastisol CMYK-bl\u00e6k\" width=\"300\" height=\"247\" title=\"plastisol-bl\u00e6k\" srcset=\"https:\/\/plastisol-inks.com\/wp-content\/uploads\/2025\/07\/plastisol-CMYK-ink-300x247.png 300w, https:\/\/plastisol-inks.com\/wp-content\/uploads\/2025\/07\/plastisol-CMYK-ink-15x12.png 15w, https:\/\/plastisol-inks.com\/wp-content\/uploads\/2025\/07\/plastisol-CMYK-ink.png 532w\" sizes=\"(max-width: 300px) 100vw, 300px\" \/><\/p>\n<p><strong>Hurtig og p\u00e5lidelig h\u00e6rdning:<\/strong><br \/>\nEffektivitet er n\u00f8glen til displaytryk. Vores bl\u00e6k lynt\u00f8rrer inden for f\u00e5 sekunder, hvilket minimerer forsinkelser og \u00f8ger produktiviteten. Opn\u00e5 en fuld, vaskbar opl\u00f8sning ved 153-170 \u00b0C (307-338 \u00b0F) ved hj\u00e6lp af en varmepresse, lynt\u00f8rrer eller genneml\u00f8bst\u00f8rretumbler. Selvom en varmluftpistol kan bruges til sm\u00e5 serier, anbefaler vi professionel h\u00e6rdning for optimal holdbarhed.<\/p>\n<p><strong>Fleksibel og brugervenlig:<\/strong><br \/>\nDenne plastisol-bl\u00e6k er perfekt til b\u00e5de manuelle og automatiske trykmaskiner og fungerer optimalt med netmaterialer mellem 32T og 55T. Dens glatte konsistens og fremragende flydeevne minimerer blokeringer i sk\u00e6rmen og g\u00f8r ops\u00e6tningen meget nem, selv for nybegyndere. For at opn\u00e5 de bedste resultater, brug en plastisol-resistent opl\u00f8sning som f.eks. vores One Coat- eller Hybrid Plus-kollektion.<\/p>\n<p><strong>Enkel og nem reng\u00f8ring og vedligeholdelse:<\/strong><br \/>\nReng\u00f8ring efter udskrivning er grundl\u00e6ggende \u2013 vores kraftige sk\u00e6rmrens fjerner hurtigt bl\u00e6kaflejringer, mens vores milj\u00f8venlige, naturlige alternativer tilbyder et gr\u00f8nnere alternativ. Dine sk\u00e6rme vil v\u00e6re rene og klar til n\u00e6ste opgave p\u00e5 ingen tid.<\/p>\n<p><strong>Hvorfor v\u00e6lge os som din producent af Plastisol-bl\u00e6k?<\/strong><br \/>\nMed mange \u00e5rs ekspertise er vi forpligtet til kvalitet, pris og kundesupport. Uanset om du driver et stort trykkeri, en lokal virksomhed eller nyder g\u00f8r-det-selv-print derhjemme, er vores <strong>Plastisol CMYK-bl\u00e6k<\/strong> v\u00e6kker dit kunstv\u00e6rk til live med bl\u00e6ndende farver, p\u00e5lidelig ydeevne og ekstraordin\u00e6r v\u00e6rdi.<\/p>\n<p>Opdater dine trykkerioperationer \u2013 opdag den forskel, der er sand <a href=\"https:\/\/plastisol-inks.com\/da\/silketryk-plastisol-blaek\/\"><strong>CMYK Plastisol-bl\u00e6k<\/strong><\/a> kan skabe for dit brandnavn, din organisation og dine kunder.<\/p>","protected":false},"excerpt":{"rendered":"<p>Pr\u00e6mie <strong>Plastisol CMYK-bl\u00e6k<\/strong> Fra en betroet Plastisol-bl\u00e6kproducent. Hurtigh\u00e6rdende, bl\u00f8d fornemmelse og nem at reng\u00f8re \u2013 perfekt til professionelle serigrafiprintere.<\/p>","protected":false},"featured_media":7717,"template":"","meta":{"site-sidebar-layout":"default","site-content-layout":"","ast-site-content-layout":"default","site-content-style":"default","site-sidebar-style":"default","ast-global-header-display":"","ast-banner-title-visibility":"","ast-main-header-display":"","ast-hfb-above-header-display":"","ast-hfb-below-header-display":"","ast-hfb-mobile-header-display":"","site-post-title":"","ast-breadcrumbs-content":"","ast-featured-img":"","footer-sml-layout":"","theme-transparent-header-meta":"default","adv-header-id-meta":"","stick-header-meta":"","header-above-stick-meta":"","header-main-stick-meta":"","header-below-stick-meta":"","astra-migrate-meta-layouts":"set","ast-page-background-enabled":"default","ast-page-background-meta":{"desktop":{"background-color":"","background-image":"","background-repeat":"repeat","background-position":"center center","background-size":"auto","background-attachment":"scroll","background-type":"","background-media":"","overlay-type":"","overlay-color":"","overlay-gradient":""},"tablet":{"background-color":"","background-image":"","background-repeat":"repeat","background-position":"center center","background-size":"auto","background-attachment":"scroll","background-type":"","background-media":"","overlay-type":"","overlay-color":"","overlay-gradient":""},"mobile":{"background-color":"","background-image":"","background-repeat":"repeat","background-position":"center center","background-size":"auto","background-attachment":"scroll","background-type":"","background-media":"","overlay-type":"","overlay-color":"","overlay-gradient":""}},"ast-content-background-meta":{"desktop":{"background-color":"var(--ast-global-color-5)","background-image":"","background-repeat":"repeat","background-position":"center center","background-size":"auto","background-attachment":"scroll","background-type":"","background-media":"","overlay-type":"","overlay-color":"","overlay-gradient":""},"tablet":{"background-color":"var(--ast-global-color-5)","background-image":"","background-repeat":"repeat","background-position":"center center","background-size":"auto","background-attachment":"scroll","background-type":"","background-media":"","overlay-type":"","overlay-color":"","overlay-gradient":""},"mobile":{"background-color":"var(--ast-global-color-5)","background-image":"","background-repeat":"repeat","background-position":"center center","background-size":"auto","background-attachment":"scroll","background-type":"","background-media":"","overlay-type":"","overlay-color":"","overlay-gradient":""}}},"product_brand":[],"product_cat":[26,80,30,81],"product_tag":[],"class_list":{"0":"post-7716","1":"product","2":"type-product","3":"status-publish","4":"has-post-thumbnail","6":"product_cat-plastisol-inks","7":"product_cat-plastisol-ink-chjt-series","8":"product_cat-plastisol-ink-hf-series","9":"product_cat-plastisol-ink-sdla-series","10":"desktop-align-left","11":"tablet-align-left","12":"mobile-align-left","14":"first","15":"instock","16":"shipping-taxable","17":"product-type-simple"},"_links":{"self":[{"href":"https:\/\/plastisol-inks.com\/da\/wp-json\/wp\/v2\/product\/7716","targetHints":{"allow":["GET"]}}],"collection":[{"href":"https:\/\/plastisol-inks.com\/da\/wp-json\/wp\/v2\/product"}],"about":[{"href":"https:\/\/plastisol-inks.com\/da\/wp-json\/wp\/v2\/types\/product"}],"wp:featuredmedia":[{"embeddable":true,"href":"https:\/\/plastisol-inks.com\/da\/wp-json\/wp\/v2\/media\/7717"}],"wp:attachment":[{"href":"https:\/\/plastisol-inks.com\/da\/wp-json\/wp\/v2\/media?parent=7716"}],"wp:term":[{"taxonomy":"product_brand","embeddable":true,"href":"https:\/\/plastisol-inks.com\/da\/wp-json\/wp\/v2\/product_brand?post=7716"},{"taxonomy":"product_cat","embeddable":true,"href":"https:\/\/plastisol-inks.com\/da\/wp-json\/wp\/v2\/product_cat?post=7716"},{"taxonomy":"product_tag","embeddable":true,"href":"https:\/\/plastisol-inks.com\/da\/wp-json\/wp\/v2\/product_tag?post=7716"}],"curies":[{"name":"wp","href":"https:\/\/api.w.org\/{rel}","templated":true}]}}