{"id":7716,"date":"2025-07-29T05:31:02","date_gmt":"2025-07-29T09:31:02","guid":{"rendered":"https:\/\/plastisol-inks.com\/?post_type=product&#038;p=7716"},"modified":"2025-07-29T05:32:41","modified_gmt":"2025-07-29T09:32:41","slug":"plastisol-cmyk-tinte-plastisol-tinte-odm","status":"publish","type":"product","link":"https:\/\/plastisol-inks.com\/de\/product\/plastisol-cmyk-ink-plastisol-ink-odm\/","title":{"rendered":"Plastisol CMYK-Tinte"},"content":{"rendered":"<p>Erschlie\u00dfen Sie das gesamte Farbspektrum Ihrer Siebdruckauftr\u00e4ge mit unserem <strong>Plastisol CMYK-Tinte<\/strong>, die Option auf dem Markt f\u00fcr kr\u00e4ftige, hochaufl\u00f6sende Drucke. Als erfahrener <strong><a href=\"https:\/\/plastisol-inks.com\/de\/\">Plastisol Tinte Hersteller<\/a><\/strong>, wir sind bestrebt, Druckern aller Ebenen eine <strong>CMYK-Plastisol-Tinte<\/strong> das nicht nur einfach zu bedienen ist, sondern auch h\u00f6chste Anspr\u00fcche an Leistung und Sicherheit erf\u00fcllt.<\/p>\n<p>Sowohl unsere <a href=\"https:\/\/plastisol-inks.com\/de\/hf-serie\/\"><strong>HF-Reihe<\/strong> <strong>Plastisol-Tinte<\/strong><\/a>, <a href=\"https:\/\/plastisol-inks.com\/de\/siebdruck-plastisol-tinte\/baureihe-chjt\/\"><strong>Baureihe CHJT<\/strong> <strong>Plastisol-Tinte<\/strong><\/a> und <a href=\"https:\/\/plastisol-inks.com\/de\/scla-serie\/\"><strong>Plastisol-Tinte der SDLA-Serie<\/strong><\/a> Angebot <strong data-start=\"179\" data-end=\"202\">Plastisol CMYK-Tinten<\/strong> mit umweltfreundlichen Optionen, die vollst\u00e4ndig <strong data-start=\"249\" data-end=\"267\">phthalatfrei<\/strong>\u00a0oder\u00a0<strong data-start=\"272\" data-end=\"284\">PVC-frei<\/strong>, wodurch sichergestellt wird, dass Ihre Drucke sowohl f\u00fcr Hersteller als auch f\u00fcr Endbenutzer sicher sind. Diese Tinte wurde f\u00fcr den Direktdruck auf einer Auswahl von Kleidungsst\u00fccken \u2013 T-Shirts, Kapuzenpullover, Leinentaschen, Poloshirts und vieles mehr \u2013 entwickelt und bietet ein weiches, angenehmes Handgef\u00fchl, das Kunden sch\u00e4tzen.<\/p>\n<p><strong>Professionelle Ergebnisse bei jedem Druck:<\/strong><br \/>\nEntwickelt f\u00fcr Pr\u00e4zision und Lebendigkeit, unsere <strong>CMYK-Plastisol-Tinte<\/strong> Enth\u00e4lt reine Cyan-, Magenta-, Gelb- und Schwarzpigmente f\u00fcr eine pr\u00e4zise Prozessfarbwiedergabe. Erzielen Sie detailreiche, foto\u00e4hnliche Grafiken und sanfte \u00dcberg\u00e4nge auf hellen oder mittelfarbigen Materialien. Tragen Sie f\u00fcr dunkle Textilien einfach eine schnelle wei\u00dfe Grundierung auf und tragen Sie anschlie\u00dfend Ihre CMYK-Farben auf, um eine hervorragende Deckkraft und Farbbrillanz zu erzielen.<\/p>\n<p><img fetchpriority=\"high\" decoding=\"async\" class=\"alignnone size-medium wp-image-7718\" src=\"https:\/\/plastisol-inks.com\/wp-content\/uploads\/2025\/07\/plastisol-CMYK-ink-300x247.png\" alt=\"Plastisol-CMYK-Tinte\" width=\"300\" height=\"247\" title=\"Plastisol-Tinten\" srcset=\"https:\/\/plastisol-inks.com\/wp-content\/uploads\/2025\/07\/plastisol-CMYK-ink-300x247.png 300w, https:\/\/plastisol-inks.com\/wp-content\/uploads\/2025\/07\/plastisol-CMYK-ink-15x12.png 15w, https:\/\/plastisol-inks.com\/wp-content\/uploads\/2025\/07\/plastisol-CMYK-ink.png 532w\" sizes=\"(max-width: 300px) 100vw, 300px\" \/><\/p>\n<p><strong>Schnelle und zuverl\u00e4ssige Aush\u00e4rtung:<\/strong><br \/>\nEffizienz ist beim Siebdruck entscheidend. Unsere Tinte trocknet sekundenschnell, minimiert Wartezeiten und steigert die Produktivit\u00e4t. Eine vollst\u00e4ndige, waschbest\u00e4ndige Aush\u00e4rtung erreichen Sie bei 153\u2013170 \u00b0C (307\u2013338 \u00b0F) mit einer Hei\u00dfpresse, einem Schnelltrockner oder einem Durchlauftrockner. F\u00fcr kleine Auflagen kann zwar eine Hei\u00dfluftpistole verwendet werden, f\u00fcr optimale Haltbarkeit empfehlen wir jedoch eine professionelle Aush\u00e4rtung.<\/p>\n<p><strong>Flexibel und benutzerfreundlich:<\/strong><br \/>\nDiese Plastisol-Tinte eignet sich sowohl f\u00fcr manuelle als auch f\u00fcr automatische Pressen und eignet sich optimal f\u00fcr Gewebest\u00e4rken zwischen 32T und 55T. Ihre geschmeidige Konsistenz und der hervorragende Fluss minimieren die Sichtbehinderung und machen die Einrichtung auch f\u00fcr Anf\u00e4nger sehr einfach. F\u00fcr optimale Ergebnisse verwenden Sie eine plastisolbest\u00e4ndige L\u00f6sung wie unsere One Coat- oder Hybrid Plus-Kollektion.<\/p>\n<p><strong>Einfache und leichte Reinigung und Wartung:<\/strong><br \/>\nDie Reinigung nach dem Drucken ist einfach \u2013 unser hochwirksamer Displayreiniger entfernt Tintenablagerungen schnell, w\u00e4hrend unsere umweltfreundlichen, nat\u00fcrlichen Alternativen eine umweltfreundlichere Alternative bieten. Ihre Displays sind im Handumdrehen sauber und bereit f\u00fcr die n\u00e4chste Aufgabe.<\/p>\n<p><strong>Warum sollten Sie uns als Ihren Plastisol-Tintenhersteller w\u00e4hlen?<\/strong><br \/>\nMit jahrelanger Kompetenz stehen wir f\u00fcr Qualit\u00e4t, Kosten und Kundensupport. Egal, ob Sie eine gro\u00dfe Druckerei, ein lokales Unternehmen oder Hobbydrucker zu Hause betreiben, unsere <strong>Plastisol CMYK-Tinte<\/strong> erweckt Ihr Kunstwerk mit schillernden Farbt\u00f6nen, zuverl\u00e4ssiger Effizienz und au\u00dfergew\u00f6hnlichem Wert zum Leben.<\/p>\n<p>Aktualisieren Sie Ihre Druckvorg\u00e4nge \u2013 entdecken Sie den Unterschied, den echte <a href=\"https:\/\/plastisol-inks.com\/de\/siebdruck-plastisol-tinte\/\"><strong>CMYK-Plastisol-Tinte<\/strong><\/a> f\u00fcr Ihren Markennamen, Ihr Unternehmen und Ihre Kunden leisten kann.<\/p>","protected":false},"excerpt":{"rendered":"<p>Pr\u00e4mie <strong>Plastisol CMYK-Tinte<\/strong> von einem vertrauensw\u00fcrdigen Plastisol-Tintenhersteller. Schnelle Aush\u00e4rtung, weiche Haptik und leicht zu reinigen \u2013 perfekt f\u00fcr professionelle Siebdrucker.<\/p>","protected":false},"featured_media":7717,"template":"","meta":{"site-sidebar-layout":"default","site-content-layout":"","ast-site-content-layout":"default","site-content-style":"default","site-sidebar-style":"default","ast-global-header-display":"","ast-banner-title-visibility":"","ast-main-header-display":"","ast-hfb-above-header-display":"","ast-hfb-below-header-display":"","ast-hfb-mobile-header-display":"","site-post-title":"","ast-breadcrumbs-content":"","ast-featured-img":"","footer-sml-layout":"","theme-transparent-header-meta":"default","adv-header-id-meta":"","stick-header-meta":"","header-above-stick-meta":"","header-main-stick-meta":"","header-below-stick-meta":"","astra-migrate-meta-layouts":"set","ast-page-background-enabled":"default","ast-page-background-meta":{"desktop":{"background-color":"","background-image":"","background-repeat":"repeat","background-position":"center center","background-size":"auto","background-attachment":"scroll","background-type":"","background-media":"","overlay-type":"","overlay-color":"","overlay-gradient":""},"tablet":{"background-color":"","background-image":"","background-repeat":"repeat","background-position":"center center","background-size":"auto","background-attachment":"scroll","background-type":"","background-media":"","overlay-type":"","overlay-color":"","overlay-gradient":""},"mobile":{"background-color":"","background-image":"","background-repeat":"repeat","background-position":"center center","background-size":"auto","background-attachment":"scroll","background-type":"","background-media":"","overlay-type":"","overlay-color":"","overlay-gradient":""}},"ast-content-background-meta":{"desktop":{"background-color":"var(--ast-global-color-5)","background-image":"","background-repeat":"repeat","background-position":"center center","background-size":"auto","background-attachment":"scroll","background-type":"","background-media":"","overlay-type":"","overlay-color":"","overlay-gradient":""},"tablet":{"background-color":"var(--ast-global-color-5)","background-image":"","background-repeat":"repeat","background-position":"center center","background-size":"auto","background-attachment":"scroll","background-type":"","background-media":"","overlay-type":"","overlay-color":"","overlay-gradient":""},"mobile":{"background-color":"var(--ast-global-color-5)","background-image":"","background-repeat":"repeat","background-position":"center center","background-size":"auto","background-attachment":"scroll","background-type":"","background-media":"","overlay-type":"","overlay-color":"","overlay-gradient":""}}},"product_brand":[],"product_cat":[26,80,30,81],"product_tag":[],"class_list":{"0":"post-7716","1":"product","2":"type-product","3":"status-publish","4":"has-post-thumbnail","6":"product_cat-plastisol-inks","7":"product_cat-plastisol-ink-chjt-series","8":"product_cat-plastisol-ink-hf-series","9":"product_cat-plastisol-ink-sdla-series","10":"desktop-align-left","11":"tablet-align-left","12":"mobile-align-left","14":"first","15":"instock","16":"shipping-taxable","17":"product-type-simple"},"_links":{"self":[{"href":"https:\/\/plastisol-inks.com\/de\/wp-json\/wp\/v2\/product\/7716","targetHints":{"allow":["GET"]}}],"collection":[{"href":"https:\/\/plastisol-inks.com\/de\/wp-json\/wp\/v2\/product"}],"about":[{"href":"https:\/\/plastisol-inks.com\/de\/wp-json\/wp\/v2\/types\/product"}],"wp:featuredmedia":[{"embeddable":true,"href":"https:\/\/plastisol-inks.com\/de\/wp-json\/wp\/v2\/media\/7717"}],"wp:attachment":[{"href":"https:\/\/plastisol-inks.com\/de\/wp-json\/wp\/v2\/media?parent=7716"}],"wp:term":[{"taxonomy":"product_brand","embeddable":true,"href":"https:\/\/plastisol-inks.com\/de\/wp-json\/wp\/v2\/product_brand?post=7716"},{"taxonomy":"product_cat","embeddable":true,"href":"https:\/\/plastisol-inks.com\/de\/wp-json\/wp\/v2\/product_cat?post=7716"},{"taxonomy":"product_tag","embeddable":true,"href":"https:\/\/plastisol-inks.com\/de\/wp-json\/wp\/v2\/product_tag?post=7716"}],"curies":[{"name":"wp","href":"https:\/\/api.w.org\/{rel}","templated":true}]}}