{"id":3795,"date":"2024-08-04T21:22:27","date_gmt":"2024-08-05T01:22:27","guid":{"rendered":"https:\/\/plastisol-inks.com\/?post_type=product&#038;p=3795"},"modified":"2024-08-08T03:58:24","modified_gmt":"2024-08-08T07:58:24","slug":"tinta-plastisol-roja-fluorescente-para-serigrafia-hf-1802","status":"publish","type":"product","link":"https:\/\/plastisol-inks.com\/es\/product\/screen-printing-fluorescent-red-plastisol-ink-hf-1802\/","title":{"rendered":"Tinta plastisol roja fluorescente para serigraf\u00eda - HF-1802"},"content":{"rendered":"<p>La tinta plastisol de alta calidad para serigraf\u00eda ofrece colores vivos, excelente cobertura y durabilidad para impresiones profesionales de larga duraci\u00f3n.<br \/>\nHf-Series com\u00fan respetuoso con el medio ambiente libre de ftalatos, adecuado para el mercado ordinariopara las marcas que ofrece un excelente poder cubriente, durabilidad y resistencia, y no sangra. Es extremadamente lavable, sin decoloraci\u00f3n ni deterioro.<br \/>\nEs compatible con una amplia gama de tejidos, incluidos el algod\u00f3n, el poli\u00e9ster y las mezclas, y es adecuada tanto para procesos de impresi\u00f3n manuales como autom\u00e1ticos.<\/p>","protected":false},"excerpt":{"rendered":"<p>[sp_easyaccordion id=&#8221;1857&#8243;]<\/p>\n","protected":false},"featured_media":3802,"template":"","meta":{"site-sidebar-layout":"default","site-content-layout":"","ast-site-content-layout":"default","site-content-style":"default","site-sidebar-style":"default","ast-global-header-display":"","ast-banner-title-visibility":"","ast-main-header-display":"","ast-hfb-above-header-display":"","ast-hfb-below-header-display":"","ast-hfb-mobile-header-display":"","site-post-title":"","ast-breadcrumbs-content":"","ast-featured-img":"","footer-sml-layout":"","theme-transparent-header-meta":"default","adv-header-id-meta":"","stick-header-meta":"","header-above-stick-meta":"","header-main-stick-meta":"","header-below-stick-meta":"","astra-migrate-meta-layouts":"set","ast-page-background-enabled":"default","ast-page-background-meta":{"desktop":{"background-color":"","background-image":"","background-repeat":"repeat","background-position":"center center","background-size":"auto","background-attachment":"scroll","background-type":"","background-media":"","overlay-type":"","overlay-color":"","overlay-gradient":""},"tablet":{"background-color":"","background-image":"","background-repeat":"repeat","background-position":"center center","background-size":"auto","background-attachment":"scroll","background-type":"","background-media":"","overlay-type":"","overlay-color":"","overlay-gradient":""},"mobile":{"background-color":"","background-image":"","background-repeat":"repeat","background-position":"center center","background-size":"auto","background-attachment":"scroll","background-type":"","background-media":"","overlay-type":"","overlay-color":"","overlay-gradient":""}},"ast-content-background-meta":{"desktop":{"background-color":"var(--ast-global-color-5)","background-image":"","background-repeat":"repeat","background-position":"center center","background-size":"auto","background-attachment":"scroll","background-type":"","background-media":"","overlay-type":"","overlay-color":"","overlay-gradient":""},"tablet":{"background-color":"var(--ast-global-color-5)","background-image":"","background-repeat":"repeat","background-position":"center center","background-size":"auto","background-attachment":"scroll","background-type":"","background-media":"","overlay-type":"","overlay-color":"","overlay-gradient":""},"mobile":{"background-color":"var(--ast-global-color-5)","background-image":"","background-repeat":"repeat","background-position":"center center","background-size":"auto","background-attachment":"scroll","background-type":"","background-media":"","overlay-type":"","overlay-color":"","overlay-gradient":""}}},"product_brand":[],"product_cat":[30,26],"product_tag":[74,79],"class_list":{"0":"post-3795","1":"product","2":"type-product","3":"status-publish","4":"has-post-thumbnail","6":"product_cat-plastisol-ink-hf-series","7":"product_cat-plastisol-inks","8":"product_tag-silk-screen-paint","9":"product_tag-t-shirt-printing-ink","10":"desktop-align-left","11":"tablet-align-left","12":"mobile-align-left","14":"first","15":"instock","16":"shipping-taxable","17":"purchasable","18":"product-type-variable"},"_links":{"self":[{"href":"https:\/\/plastisol-inks.com\/es\/wp-json\/wp\/v2\/product\/3795","targetHints":{"allow":["GET"]}}],"collection":[{"href":"https:\/\/plastisol-inks.com\/es\/wp-json\/wp\/v2\/product"}],"about":[{"href":"https:\/\/plastisol-inks.com\/es\/wp-json\/wp\/v2\/types\/product"}],"wp:featuredmedia":[{"embeddable":true,"href":"https:\/\/plastisol-inks.com\/es\/wp-json\/wp\/v2\/media\/3802"}],"wp:attachment":[{"href":"https:\/\/plastisol-inks.com\/es\/wp-json\/wp\/v2\/media?parent=3795"}],"wp:term":[{"taxonomy":"product_brand","embeddable":true,"href":"https:\/\/plastisol-inks.com\/es\/wp-json\/wp\/v2\/product_brand?post=3795"},{"taxonomy":"product_cat","embeddable":true,"href":"https:\/\/plastisol-inks.com\/es\/wp-json\/wp\/v2\/product_cat?post=3795"},{"taxonomy":"product_tag","embeddable":true,"href":"https:\/\/plastisol-inks.com\/es\/wp-json\/wp\/v2\/product_tag?post=3795"}],"curies":[{"name":"gracias","href":"https:\/\/api.w.org\/{rel}","templated":true}]}}