{"id":7716,"date":"2025-07-29T05:31:02","date_gmt":"2025-07-29T09:31:02","guid":{"rendered":"https:\/\/plastisol-inks.com\/?post_type=product&#038;p=7716"},"modified":"2025-07-29T05:32:41","modified_gmt":"2025-07-29T09:32:41","slug":"tinta-plastisol-cmyk-tinta-plastisol-odm","status":"publish","type":"product","link":"https:\/\/plastisol-inks.com\/es\/product\/plastisol-cmyk-ink-plastisol-ink-odm\/","title":{"rendered":"Tinta Plastisol CMYK"},"content":{"rendered":"<p>Desbloquee el espectro completo de tonos en sus trabajos de serigraf\u00eda con nuestro <strong>Tinta Plastisol CMYK<\/strong>, la opci\u00f3n del mercado para impresiones impactantes y de alta resoluci\u00f3n. Como experto <strong><a href=\"https:\/\/plastisol-inks.com\/es\/\">Fabricantes de tintas plastisol<\/a><\/strong>Nos comprometemos a ofrecer a los impresores de todos los niveles un <strong>Tinta plastisol CMYK<\/strong> que no s\u00f3lo es f\u00e1cil de utilizar, sino que tambi\u00e9n cumple con los m\u00e1s altos est\u00e1ndares de rendimiento y seguridad.<\/p>\n<p>Ambos nuestros <a href=\"https:\/\/plastisol-inks.com\/es\/serie-hf\/\"><strong>Serie HF<\/strong> <strong>Tinta Plastisol<\/strong><\/a>, <a href=\"https:\/\/plastisol-inks.com\/es\/tinta-plastisol-para-serigrafia-2\/serie-chjt\/\"><strong>Serie CHJT<\/strong> <strong>Tinta Plastisol<\/strong><\/a> y <a href=\"https:\/\/plastisol-inks.com\/es\/serie-scla\/\"><strong>Tinta plastisol serie SDLA<\/strong><\/a> oferta <strong data-start=\"179\" data-end=\"202\">Tintas Plastisol CMYK<\/strong> con opciones ecol\u00f3gicas que son completamente <strong data-start=\"249\" data-end=\"267\">libre de ftalatos<\/strong>\u00a0o\u00a0<strong data-start=\"272\" data-end=\"284\">Sin PVC<\/strong>Garantizando la seguridad de sus impresiones tanto para los creadores como para los usuarios finales. Dise\u00f1ada para la impresi\u00f3n directa en una variedad de prendas (camisetas, sudaderas, bolsas de lona, polos y mucho m\u00e1s), esta tinta proporciona una sensaci\u00f3n suave y c\u00f3moda que los clientes aprecian.<\/p>\n<p><strong>Resultados profesionales con cada impresi\u00f3n:<\/strong><br \/>\nDesarrollado para brindar precisi\u00f3n y vitalidad, nuestro <strong>Tinta plastisol CMYK<\/strong> Incluye pigmentos puros de cian, magenta, amarillo y negro para una reproducci\u00f3n precisa del color de proceso. Consiga gr\u00e1ficos detallados con acabado fotogr\u00e1fico y pendientes suaves en materiales de tonos claros o medios. Para prendas oscuras, simplemente aplique una base blanca resistente y adhi\u00e9rala a sus colores CMYK para una cobertura y un brillo de color excepcionales.<\/p>\n<p><img fetchpriority=\"high\" decoding=\"async\" class=\"alignnone size-medium wp-image-7718\" src=\"https:\/\/plastisol-inks.com\/wp-content\/uploads\/2025\/07\/plastisol-CMYK-ink-300x247.png\" alt=\"Tinta plastisol CMYK\" width=\"300\" height=\"247\" title=\"tintas plastisol\" srcset=\"https:\/\/plastisol-inks.com\/wp-content\/uploads\/2025\/07\/plastisol-CMYK-ink-300x247.png 300w, https:\/\/plastisol-inks.com\/wp-content\/uploads\/2025\/07\/plastisol-CMYK-ink-15x12.png 15w, https:\/\/plastisol-inks.com\/wp-content\/uploads\/2025\/07\/plastisol-CMYK-ink.png 532w\" sizes=\"(max-width: 300px) 100vw, 300px\" \/><\/p>\n<p><strong>Curado r\u00e1pido y confiable:<\/strong><br \/>\nLa eficiencia es clave en la impresi\u00f3n de displays. Nuestra tinta se seca r\u00e1pidamente en segundos, minimizando los tiempos de espera y aumentando la productividad. Consiga una soluci\u00f3n completa y resistente al lavado a 153-170 \u00b0C (307-338 \u00b0F) con una prensa de calor, un secador r\u00e1pido o una secadora de pasillo. Si bien se puede usar una pistola de calor para tiradas peque\u00f1as, recomendamos un secado profesional para una durabilidad \u00f3ptima.<\/p>\n<p><strong>Flexible y f\u00e1cil de usar:<\/strong><br \/>\nEsta tinta plastisol es perfecta tanto para prensas manuales como autom\u00e1ticas, y funciona de maravilla con mallas de entre 32T y 55T. Su consistencia suave y excelente fluidez minimizan las obstrucciones en la pantalla y facilitan la instalaci\u00f3n, incluso para principiantes. Para obtener los mejores resultados, utilice una soluci\u00f3n resistente al plastisol, como nuestra colecci\u00f3n One Coat o Hybrid Plus.<\/p>\n<p><strong>Limpieza y mantenimiento sencillos y f\u00e1ciles:<\/strong><br \/>\nLa limpieza despu\u00e9s de imprimir es b\u00e1sica: nuestro limpiador de pantallas de alta potencia elimina r\u00e1pidamente los dep\u00f3sitos de tinta, mientras que nuestras alternativas naturales y ecol\u00f3gicas ofrecen una alternativa m\u00e1s ecol\u00f3gica. Sus pantallas estar\u00e1n limpias y listas para la siguiente tarea en un abrir y cerrar de ojos.<\/p>\n<p><strong>\u00bfPor qu\u00e9 elegirnos como su fabricante de tinta plastisol?<\/strong><br \/>\nCon a\u00f1os de experiencia, nos comprometemos con la calidad, el precio y la atenci\u00f3n al cliente. Ya sea que gestione una gran imprenta, un negocio local o disfrute de la impresi\u00f3n en casa, nuestros... <strong>Tinta Plastisol CMYK<\/strong> Da vida a su obra de arte con un tono deslumbrante, una eficiencia confiable y un valor extraordinario.<\/p>\n<p>Actualice sus operaciones de impresi\u00f3n: descubra la diferencia que ofrece la verdadera <a href=\"https:\/\/plastisol-inks.com\/es\/tinta-plastisol-para-serigrafia-2\/\"><strong>Tinta plastisol CMYK<\/strong><\/a> puede hacer por su marca, su organizaci\u00f3n y sus clientes.<\/p>","protected":false},"excerpt":{"rendered":"<p>De primera calidad <strong>Tinta Plastisol CMYK<\/strong> De un fabricante confiable de tintas Plastisol. Curado r\u00e1pido, tacto suave y f\u00e1cil de limpiar: ideal para serigraf\u00eda profesional.<\/p>","protected":false},"featured_media":7717,"template":"","meta":{"site-sidebar-layout":"default","site-content-layout":"","ast-site-content-layout":"default","site-content-style":"default","site-sidebar-style":"default","ast-global-header-display":"","ast-banner-title-visibility":"","ast-main-header-display":"","ast-hfb-above-header-display":"","ast-hfb-below-header-display":"","ast-hfb-mobile-header-display":"","site-post-title":"","ast-breadcrumbs-content":"","ast-featured-img":"","footer-sml-layout":"","theme-transparent-header-meta":"default","adv-header-id-meta":"","stick-header-meta":"","header-above-stick-meta":"","header-main-stick-meta":"","header-below-stick-meta":"","astra-migrate-meta-layouts":"set","ast-page-background-enabled":"default","ast-page-background-meta":{"desktop":{"background-color":"","background-image":"","background-repeat":"repeat","background-position":"center center","background-size":"auto","background-attachment":"scroll","background-type":"","background-media":"","overlay-type":"","overlay-color":"","overlay-gradient":""},"tablet":{"background-color":"","background-image":"","background-repeat":"repeat","background-position":"center center","background-size":"auto","background-attachment":"scroll","background-type":"","background-media":"","overlay-type":"","overlay-color":"","overlay-gradient":""},"mobile":{"background-color":"","background-image":"","background-repeat":"repeat","background-position":"center center","background-size":"auto","background-attachment":"scroll","background-type":"","background-media":"","overlay-type":"","overlay-color":"","overlay-gradient":""}},"ast-content-background-meta":{"desktop":{"background-color":"var(--ast-global-color-5)","background-image":"","background-repeat":"repeat","background-position":"center center","background-size":"auto","background-attachment":"scroll","background-type":"","background-media":"","overlay-type":"","overlay-color":"","overlay-gradient":""},"tablet":{"background-color":"var(--ast-global-color-5)","background-image":"","background-repeat":"repeat","background-position":"center center","background-size":"auto","background-attachment":"scroll","background-type":"","background-media":"","overlay-type":"","overlay-color":"","overlay-gradient":""},"mobile":{"background-color":"var(--ast-global-color-5)","background-image":"","background-repeat":"repeat","background-position":"center center","background-size":"auto","background-attachment":"scroll","background-type":"","background-media":"","overlay-type":"","overlay-color":"","overlay-gradient":""}}},"product_brand":[],"product_cat":[26,80,30,81],"product_tag":[],"class_list":{"0":"post-7716","1":"product","2":"type-product","3":"status-publish","4":"has-post-thumbnail","6":"product_cat-plastisol-inks","7":"product_cat-plastisol-ink-chjt-series","8":"product_cat-plastisol-ink-hf-series","9":"product_cat-plastisol-ink-sdla-series","10":"desktop-align-left","11":"tablet-align-left","12":"mobile-align-left","14":"first","15":"instock","16":"shipping-taxable","17":"product-type-simple"},"_links":{"self":[{"href":"https:\/\/plastisol-inks.com\/es\/wp-json\/wp\/v2\/product\/7716","targetHints":{"allow":["GET"]}}],"collection":[{"href":"https:\/\/plastisol-inks.com\/es\/wp-json\/wp\/v2\/product"}],"about":[{"href":"https:\/\/plastisol-inks.com\/es\/wp-json\/wp\/v2\/types\/product"}],"wp:featuredmedia":[{"embeddable":true,"href":"https:\/\/plastisol-inks.com\/es\/wp-json\/wp\/v2\/media\/7717"}],"wp:attachment":[{"href":"https:\/\/plastisol-inks.com\/es\/wp-json\/wp\/v2\/media?parent=7716"}],"wp:term":[{"taxonomy":"product_brand","embeddable":true,"href":"https:\/\/plastisol-inks.com\/es\/wp-json\/wp\/v2\/product_brand?post=7716"},{"taxonomy":"product_cat","embeddable":true,"href":"https:\/\/plastisol-inks.com\/es\/wp-json\/wp\/v2\/product_cat?post=7716"},{"taxonomy":"product_tag","embeddable":true,"href":"https:\/\/plastisol-inks.com\/es\/wp-json\/wp\/v2\/product_tag?post=7716"}],"curies":[{"name":"gracias","href":"https:\/\/api.w.org\/{rel}","templated":true}]}}