{"id":4536,"date":"2024-08-06T04:35:54","date_gmt":"2024-08-06T08:35:54","guid":{"rendered":"https:\/\/plastisol-inks.com\/?post_type=product&#038;p=4536"},"modified":"2024-08-10T02:31:59","modified_gmt":"2024-08-10T06:31:59","slug":"seripaino-violetti-plastisol-muste-sdla-1406","status":"publish","type":"product","link":"https:\/\/plastisol-inks.com\/fi\/product\/screen-printing-violet-plastisol-ink-sdla-1406\/","title":{"rendered":"Silkkipaino violetti plastisolimuste \u2014 SDLA-1406"},"content":{"rendered":"<p>PVC-vapaat plastisoliv\u00e4rit ovat innovatiivinen ja ymp\u00e4rist\u00f6yst\u00e4v\u00e4llinen ratkaisu silkkipainoteollisuudessa.<br \/>\nLaadukas seulapainopastisolimuste tarjoaa elinvoimaisia v\u00e4rej\u00e4, erinomaisen peitt\u00e4vyyden ja kest\u00e4vyyden pitk\u00e4kestoisia, ammattimaisia tulosteita varten.<br \/>\nSDLA-sarjan huipputason ymp\u00e4rist\u00f6yst\u00e4v\u00e4llinen PVC-vapaa, sopii High-end-br\u00e4ndien tuotemerkkien markkinoille, joka tarjoaa erinomaisen piilotuskyvyn, kest\u00e4vyyden ja joustavuuden eik\u00e4 vuoda. Se on eritt\u00e4in pesunkest\u00e4v\u00e4, haalistumatta tai huonontumatta.Yhteensopiva monenlaisten kankaiden, kuten puuvillan, polyesterin ja sekoitekankaiden kanssa, ja sopii sek\u00e4 manuaalisiin ett\u00e4 automaattisiin painatusprosesseihin.<\/p>","protected":false},"excerpt":{"rendered":"<p>[sp_easyaccordion id=&#8221;1857&#8243;]<\/p>\n","protected":false},"featured_media":3626,"template":"","meta":{"site-sidebar-layout":"default","site-content-layout":"","ast-site-content-layout":"default","site-content-style":"default","site-sidebar-style":"default","ast-global-header-display":"","ast-banner-title-visibility":"","ast-main-header-display":"","ast-hfb-above-header-display":"","ast-hfb-below-header-display":"","ast-hfb-mobile-header-display":"","site-post-title":"","ast-breadcrumbs-content":"","ast-featured-img":"","footer-sml-layout":"","theme-transparent-header-meta":"default","adv-header-id-meta":"","stick-header-meta":"","header-above-stick-meta":"","header-main-stick-meta":"","header-below-stick-meta":"","astra-migrate-meta-layouts":"set","ast-page-background-enabled":"default","ast-page-background-meta":{"desktop":{"background-color":"","background-image":"","background-repeat":"repeat","background-position":"center center","background-size":"auto","background-attachment":"scroll","background-type":"","background-media":"","overlay-type":"","overlay-color":"","overlay-gradient":""},"tablet":{"background-color":"","background-image":"","background-repeat":"repeat","background-position":"center center","background-size":"auto","background-attachment":"scroll","background-type":"","background-media":"","overlay-type":"","overlay-color":"","overlay-gradient":""},"mobile":{"background-color":"","background-image":"","background-repeat":"repeat","background-position":"center center","background-size":"auto","background-attachment":"scroll","background-type":"","background-media":"","overlay-type":"","overlay-color":"","overlay-gradient":""}},"ast-content-background-meta":{"desktop":{"background-color":"var(--ast-global-color-5)","background-image":"","background-repeat":"repeat","background-position":"center center","background-size":"auto","background-attachment":"scroll","background-type":"","background-media":"","overlay-type":"","overlay-color":"","overlay-gradient":""},"tablet":{"background-color":"var(--ast-global-color-5)","background-image":"","background-repeat":"repeat","background-position":"center center","background-size":"auto","background-attachment":"scroll","background-type":"","background-media":"","overlay-type":"","overlay-color":"","overlay-gradient":""},"mobile":{"background-color":"var(--ast-global-color-5)","background-image":"","background-repeat":"repeat","background-position":"center center","background-size":"auto","background-attachment":"scroll","background-type":"","background-media":"","overlay-type":"","overlay-color":"","overlay-gradient":""}}},"product_brand":[],"product_cat":[81],"product_tag":[74,79],"class_list":{"0":"post-4536","1":"product","2":"type-product","3":"status-publish","4":"has-post-thumbnail","6":"product_cat-plastisol-ink-sdla-series","7":"product_tag-silk-screen-paint","8":"product_tag-t-shirt-printing-ink","9":"desktop-align-left","10":"tablet-align-left","11":"mobile-align-left","13":"first","14":"instock","15":"shipping-taxable","16":"purchasable","17":"product-type-variable"},"_links":{"self":[{"href":"https:\/\/plastisol-inks.com\/fi\/wp-json\/wp\/v2\/product\/4536","targetHints":{"allow":["GET"]}}],"collection":[{"href":"https:\/\/plastisol-inks.com\/fi\/wp-json\/wp\/v2\/product"}],"about":[{"href":"https:\/\/plastisol-inks.com\/fi\/wp-json\/wp\/v2\/types\/product"}],"wp:featuredmedia":[{"embeddable":true,"href":"https:\/\/plastisol-inks.com\/fi\/wp-json\/wp\/v2\/media\/3626"}],"wp:attachment":[{"href":"https:\/\/plastisol-inks.com\/fi\/wp-json\/wp\/v2\/media?parent=4536"}],"wp:term":[{"taxonomy":"product_brand","embeddable":true,"href":"https:\/\/plastisol-inks.com\/fi\/wp-json\/wp\/v2\/product_brand?post=4536"},{"taxonomy":"product_cat","embeddable":true,"href":"https:\/\/plastisol-inks.com\/fi\/wp-json\/wp\/v2\/product_cat?post=4536"},{"taxonomy":"product_tag","embeddable":true,"href":"https:\/\/plastisol-inks.com\/fi\/wp-json\/wp\/v2\/product_tag?post=4536"}],"curies":[{"name":"wp","href":"https:\/\/api.w.org\/{rel}","templated":true}]}}