{"id":7716,"date":"2025-07-29T05:31:02","date_gmt":"2025-07-29T09:31:02","guid":{"rendered":"https:\/\/plastisol-inks.com\/?post_type=product&#038;p=7716"},"modified":"2025-07-29T05:32:41","modified_gmt":"2025-07-29T09:32:41","slug":"plastisol-cmyk-muste-plastisol-muste-odm","status":"publish","type":"product","link":"https:\/\/plastisol-inks.com\/fi\/product\/plastisol-cmyk-ink-plastisol-ink-odm\/","title":{"rendered":"Plastisol CMYK-muste"},"content":{"rendered":"<p>Avaa koko s\u00e4vyjen kirjo silkkipainot\u00f6iss\u00e4si meid\u00e4n avullamme <strong>Plastisol CMYK-muste<\/strong>, markkinoiden vaihtoehto rohkeille, korkearesoluutioisille tulosteille. Kokeneena <strong><a href=\"https:\/\/plastisol-inks.com\/fi\/\">Plastisolimuste valmistaja<\/a><\/strong>, olemme sitoutuneet tarjoamaan kaiken tasoisille tulostimille <strong>CMYK-plastisoli-muste<\/strong> joka ei ole ainoastaan helppok\u00e4ytt\u00f6inen, vaan t\u00e4ytt\u00e4\u00e4 my\u00f6s korkeimmat suorituskyky- ja turvallisuusstandardit.<\/p>\n<p>Molemmat meid\u00e4n <a href=\"https:\/\/plastisol-inks.com\/fi\/hf-sarja\/\"><strong>HF-sarja<\/strong> <strong>Plastisol-muste<\/strong><\/a>, <a href=\"https:\/\/plastisol-inks.com\/fi\/silkkipaino-plastisolimuste\/chjt-sarja\/\"><strong>CHJT-sarja<\/strong> <strong>Plastisol-muste<\/strong><\/a> ja <a href=\"https:\/\/plastisol-inks.com\/fi\/scla-sarja\/\"><strong>SDLA-sarjan plastisolimuste<\/strong><\/a> tarjous <strong data-start=\"179\" data-end=\"202\">Plastisol CMYK -musteet<\/strong> t\u00e4ysin ymp\u00e4rist\u00f6yst\u00e4v\u00e4llisill\u00e4 vaihtoehdoilla <strong data-start=\"249\" data-end=\"267\">ftalaatitonta<\/strong>\u00a0tai\u00a0<strong data-start=\"272\" data-end=\"284\">PVC-vapaa<\/strong>varmistaen, ett\u00e4 tulosteesi ovat turvallisia sek\u00e4 valmistajille ett\u00e4 loppuk\u00e4ytt\u00e4jille. Suunniteltu suoraan tulostukseen erilaisille vaatteille \u2013 t-paidoille, huppareille, kangaskasseille, poolopaidalle ja paljon muulle \u2013 t\u00e4m\u00e4 muste antaa pehme\u00e4n ja miellytt\u00e4v\u00e4n tuntuman, josta asiakkaat nauttivat.<\/p>\n<p><strong>Ammattimaiset tulokset jokaisella tulosteella:<\/strong><br \/>\nTarkkuutta ja eloisuutta ajatellen kehitetty <strong>CMYK-plastisoli-muste<\/strong> Sis\u00e4lt\u00e4\u00e4 puhtaita syaani-, magenta-, kelta- ja mustapigmenttej\u00e4 tarkkaan prosessiv\u00e4rien toistoon. Saat aikaan yksityiskohtaisia, valokuvamaisia grafiikoita ja tasaisia viivoja vaaleilla tai keskis\u00e4vyisill\u00e4 materiaaleilla. Tummille vaatteille levit\u00e4 vain kirkas valkoinen pohjamaali ja k\u00e4yt\u00e4 CMYK-v\u00e4rej\u00e4 erinomaisen peitt\u00e4vyyden ja v\u00e4riloiston saavuttamiseksi.<\/p>\n<p><img fetchpriority=\"high\" decoding=\"async\" class=\"alignnone size-medium wp-image-7718\" src=\"https:\/\/plastisol-inks.com\/wp-content\/uploads\/2025\/07\/plastisol-CMYK-ink-300x247.png\" alt=\"plastisol CMYK-muste\" width=\"300\" height=\"247\" title=\"plastisoliv\u00e4rit\" srcset=\"https:\/\/plastisol-inks.com\/wp-content\/uploads\/2025\/07\/plastisol-CMYK-ink-300x247.png 300w, https:\/\/plastisol-inks.com\/wp-content\/uploads\/2025\/07\/plastisol-CMYK-ink-15x12.png 15w, https:\/\/plastisol-inks.com\/wp-content\/uploads\/2025\/07\/plastisol-CMYK-ink.png 532w\" sizes=\"(max-width: 300px) 100vw, 300px\" \/><\/p>\n<p><strong>Nopea ja luotettava kovettuminen:<\/strong><br \/>\nTehokkuus on avainasemassa taulupainatuksessa. Musteemme kuivuu nopeasti sekunneissa, mik\u00e4 minimoi viiveajat ja lis\u00e4\u00e4 tuottavuutta. Saavuta t\u00e4ydellinen, pesunkest\u00e4v\u00e4 lopputulos 153\u2013170 \u00b0C:ssa (307\u2013338 \u00b0F) k\u00e4ytt\u00e4m\u00e4ll\u00e4 l\u00e4mp\u00f6pr\u00e4ssi\u00e4, nopeaa kuivausrumpua tai kuivausrumpua. Vaikka l\u00e4mminvesipistoolia voidaan k\u00e4ytt\u00e4\u00e4 pieniin painoeriin, suosittelemme ammattimaista kovetusta optimaalisen kest\u00e4vyyden saavuttamiseksi.<\/p>\n<p><strong>Joustava ja k\u00e4ytt\u00e4j\u00e4yst\u00e4v\u00e4llinen:<\/strong><br \/>\nT\u00e4m\u00e4 plastisol-muste sopii t\u00e4ydellisesti sek\u00e4 k\u00e4sin painokoneisiin ett\u00e4 automaattisiin painokoneisiin ja toimii erinomaisesti 32T\u201355T-verkkojen kanssa. Sen tasainen koostumus ja erinomainen virtaus minimoivat n\u00e4yt\u00f6n tukkeutumisen ja tekev\u00e4t asennuksesta eritt\u00e4in helppoa my\u00f6s aloittelijoille. Parhaan tuloksen saavuttamiseksi k\u00e4yt\u00e4 plastisol-kest\u00e4v\u00e4\u00e4 ratkaisua, kuten One Coat- tai Hybrid Plus -mallistoamme.<\/p>\n<p><strong>Yksinkertainen ja helppo puhdistus ja huolto:<\/strong><br \/>\nTulostuksen j\u00e4lkeinen puhdistus on yksinkertaista \u2013 tehokas n\u00e4yt\u00f6npuhdistusaineemme poistaa nopeasti mustej\u00e4\u00e4m\u00e4t, kun taas ymp\u00e4rist\u00f6yst\u00e4v\u00e4lliset ja luonnolliset vaihtoehtomme tarjoavat vihre\u00e4mm\u00e4n vaihtoehdon. N\u00e4ytt\u00f6si ovat varmasti puhtaat ja valmiit seuraavaan teht\u00e4v\u00e4\u00e4n hetkess\u00e4.<\/p>\n<p><strong>Miksi valita meid\u00e4t plastisolmusteiden valmistajaksi?<\/strong><br \/>\nVuosien kokemuksella olemme sitoutuneet laatuun, kustannuksiin ja asiakastukeen. Olitpa sitten suuren painotalon, paikallisen yrityksen tai kotona tapahtuvan tee-se-itse-tulostuksen yst\u00e4v\u00e4, meid\u00e4n <strong>Plastisol CMYK-muste<\/strong> her\u00e4tt\u00e4\u00e4 taideteoksesi eloon h\u00e4ik\u00e4isev\u00e4ll\u00e4 v\u00e4rill\u00e4, luotettavalla tehokkuudella ja poikkeuksellisella arvolla.<\/p>\n<p>P\u00e4ivit\u00e4 tulostustoimintosi \u2013 l\u00f6yd\u00e4 todellinen ero <a href=\"https:\/\/plastisol-inks.com\/fi\/silkkipaino-plastisolimuste\/\"><strong>CMYK-plastisoli-muste<\/strong><\/a> voi tehd\u00e4 br\u00e4ndillesi, organisaatiollesi ja asiakkaillesi hyv\u00e4\u00e4.<\/p>","protected":false},"excerpt":{"rendered":"<p>Premium <strong>Plastisol CMYK-muste<\/strong> Luotettavalta Plastisol-musteiden valmistajalta. Nopeasti kovettuu, pehme\u00e4n tuntuinen ja helppo puhdistaa \u2013 t\u00e4ydellinen ammattimaisille silkkipainajille.<\/p>","protected":false},"featured_media":7717,"template":"","meta":{"site-sidebar-layout":"default","site-content-layout":"","ast-site-content-layout":"default","site-content-style":"default","site-sidebar-style":"default","ast-global-header-display":"","ast-banner-title-visibility":"","ast-main-header-display":"","ast-hfb-above-header-display":"","ast-hfb-below-header-display":"","ast-hfb-mobile-header-display":"","site-post-title":"","ast-breadcrumbs-content":"","ast-featured-img":"","footer-sml-layout":"","theme-transparent-header-meta":"default","adv-header-id-meta":"","stick-header-meta":"","header-above-stick-meta":"","header-main-stick-meta":"","header-below-stick-meta":"","astra-migrate-meta-layouts":"set","ast-page-background-enabled":"default","ast-page-background-meta":{"desktop":{"background-color":"","background-image":"","background-repeat":"repeat","background-position":"center center","background-size":"auto","background-attachment":"scroll","background-type":"","background-media":"","overlay-type":"","overlay-color":"","overlay-gradient":""},"tablet":{"background-color":"","background-image":"","background-repeat":"repeat","background-position":"center center","background-size":"auto","background-attachment":"scroll","background-type":"","background-media":"","overlay-type":"","overlay-color":"","overlay-gradient":""},"mobile":{"background-color":"","background-image":"","background-repeat":"repeat","background-position":"center center","background-size":"auto","background-attachment":"scroll","background-type":"","background-media":"","overlay-type":"","overlay-color":"","overlay-gradient":""}},"ast-content-background-meta":{"desktop":{"background-color":"var(--ast-global-color-5)","background-image":"","background-repeat":"repeat","background-position":"center center","background-size":"auto","background-attachment":"scroll","background-type":"","background-media":"","overlay-type":"","overlay-color":"","overlay-gradient":""},"tablet":{"background-color":"var(--ast-global-color-5)","background-image":"","background-repeat":"repeat","background-position":"center center","background-size":"auto","background-attachment":"scroll","background-type":"","background-media":"","overlay-type":"","overlay-color":"","overlay-gradient":""},"mobile":{"background-color":"var(--ast-global-color-5)","background-image":"","background-repeat":"repeat","background-position":"center center","background-size":"auto","background-attachment":"scroll","background-type":"","background-media":"","overlay-type":"","overlay-color":"","overlay-gradient":""}}},"product_brand":[],"product_cat":[26,80,30,81],"product_tag":[],"class_list":{"0":"post-7716","1":"product","2":"type-product","3":"status-publish","4":"has-post-thumbnail","6":"product_cat-plastisol-inks","7":"product_cat-plastisol-ink-chjt-series","8":"product_cat-plastisol-ink-hf-series","9":"product_cat-plastisol-ink-sdla-series","10":"desktop-align-left","11":"tablet-align-left","12":"mobile-align-left","14":"first","15":"instock","16":"shipping-taxable","17":"product-type-simple"},"_links":{"self":[{"href":"https:\/\/plastisol-inks.com\/fi\/wp-json\/wp\/v2\/product\/7716","targetHints":{"allow":["GET"]}}],"collection":[{"href":"https:\/\/plastisol-inks.com\/fi\/wp-json\/wp\/v2\/product"}],"about":[{"href":"https:\/\/plastisol-inks.com\/fi\/wp-json\/wp\/v2\/types\/product"}],"wp:featuredmedia":[{"embeddable":true,"href":"https:\/\/plastisol-inks.com\/fi\/wp-json\/wp\/v2\/media\/7717"}],"wp:attachment":[{"href":"https:\/\/plastisol-inks.com\/fi\/wp-json\/wp\/v2\/media?parent=7716"}],"wp:term":[{"taxonomy":"product_brand","embeddable":true,"href":"https:\/\/plastisol-inks.com\/fi\/wp-json\/wp\/v2\/product_brand?post=7716"},{"taxonomy":"product_cat","embeddable":true,"href":"https:\/\/plastisol-inks.com\/fi\/wp-json\/wp\/v2\/product_cat?post=7716"},{"taxonomy":"product_tag","embeddable":true,"href":"https:\/\/plastisol-inks.com\/fi\/wp-json\/wp\/v2\/product_tag?post=7716"}],"curies":[{"name":"wp","href":"https:\/\/api.w.org\/{rel}","templated":true}]}}