{"id":4312,"date":"2024-08-05T22:23:18","date_gmt":"2024-08-06T02:23:18","guid":{"rendered":"https:\/\/plastisol-inks.com\/?post_type=product&#038;p=4312"},"modified":"2024-08-08T02:41:54","modified_gmt":"2024-08-08T06:41:54","slug":"encre-plastisol-noire-pour-serigraphie-chjt-1601","status":"publish","type":"product","link":"https:\/\/plastisol-inks.com\/fr\/product\/screen-printing-black-plastisol-ink-chjt-1601\/","title":{"rendered":"Encre plastisol noire pour la s\u00e9rigraphie - CHJT-1601"},"content":{"rendered":"<p>L'encre plastisol de s\u00e9rigraphie de haute qualit\u00e9 offre des couleurs \u00e9clatantes, une excellente couverture et une grande durabilit\u00e9 pour des impressions professionnelles de longue dur\u00e9e.<br \/>\nS\u00e9rie CHJT\u00a0: une gamme \u00e9cologique de qualit\u00e9 moyenne \u00e0 haute, sans phtalate ni NPEO, adapt\u00e9e aux marques de qualit\u00e9 moyenne \u00e0 haute. Elle offre un excellent pouvoir couvrant, une grande durabilit\u00e9 et une grande r\u00e9sistance, sans bavures. Extr\u00eamement lavable, elle ne se d\u00e9colore ni ne se d\u00e9t\u00e9riore.<br \/>\nCompatible avec une large gamme de tissus, y compris le coton, le polyester et les m\u00e9langes, il convient aux processus d'impression manuels et automatiques.<\/p>","protected":false},"excerpt":{"rendered":"<p>[sp_easyaccordion id=&#8221;1857&#8243;]<\/p>\n","protected":false},"featured_media":3678,"template":"","meta":{"site-sidebar-layout":"default","site-content-layout":"","ast-site-content-layout":"default","site-content-style":"default","site-sidebar-style":"default","ast-global-header-display":"","ast-banner-title-visibility":"","ast-main-header-display":"","ast-hfb-above-header-display":"","ast-hfb-below-header-display":"","ast-hfb-mobile-header-display":"","site-post-title":"","ast-breadcrumbs-content":"","ast-featured-img":"","footer-sml-layout":"","theme-transparent-header-meta":"default","adv-header-id-meta":"","stick-header-meta":"","header-above-stick-meta":"","header-main-stick-meta":"","header-below-stick-meta":"","astra-migrate-meta-layouts":"set","ast-page-background-enabled":"default","ast-page-background-meta":{"desktop":{"background-color":"","background-image":"","background-repeat":"repeat","background-position":"center center","background-size":"auto","background-attachment":"scroll","background-type":"","background-media":"","overlay-type":"","overlay-color":"","overlay-gradient":""},"tablet":{"background-color":"","background-image":"","background-repeat":"repeat","background-position":"center center","background-size":"auto","background-attachment":"scroll","background-type":"","background-media":"","overlay-type":"","overlay-color":"","overlay-gradient":""},"mobile":{"background-color":"","background-image":"","background-repeat":"repeat","background-position":"center center","background-size":"auto","background-attachment":"scroll","background-type":"","background-media":"","overlay-type":"","overlay-color":"","overlay-gradient":""}},"ast-content-background-meta":{"desktop":{"background-color":"var(--ast-global-color-5)","background-image":"","background-repeat":"repeat","background-position":"center center","background-size":"auto","background-attachment":"scroll","background-type":"","background-media":"","overlay-type":"","overlay-color":"","overlay-gradient":""},"tablet":{"background-color":"var(--ast-global-color-5)","background-image":"","background-repeat":"repeat","background-position":"center center","background-size":"auto","background-attachment":"scroll","background-type":"","background-media":"","overlay-type":"","overlay-color":"","overlay-gradient":""},"mobile":{"background-color":"var(--ast-global-color-5)","background-image":"","background-repeat":"repeat","background-position":"center center","background-size":"auto","background-attachment":"scroll","background-type":"","background-media":"","overlay-type":"","overlay-color":"","overlay-gradient":""}}},"product_brand":[],"product_cat":[80],"product_tag":[83,74,79],"class_list":{"0":"post-4312","1":"product","2":"type-product","3":"status-publish","4":"has-post-thumbnail","6":"product_cat-plastisol-ink-chjt-series","7":"product_tag-plastisol-screen-printing","8":"product_tag-silk-screen-paint","9":"product_tag-t-shirt-printing-ink","10":"desktop-align-left","11":"tablet-align-left","12":"mobile-align-left","14":"first","15":"instock","16":"shipping-taxable","17":"purchasable","18":"product-type-variable"},"_links":{"self":[{"href":"https:\/\/plastisol-inks.com\/fr\/wp-json\/wp\/v2\/product\/4312","targetHints":{"allow":["GET"]}}],"collection":[{"href":"https:\/\/plastisol-inks.com\/fr\/wp-json\/wp\/v2\/product"}],"about":[{"href":"https:\/\/plastisol-inks.com\/fr\/wp-json\/wp\/v2\/types\/product"}],"wp:featuredmedia":[{"embeddable":true,"href":"https:\/\/plastisol-inks.com\/fr\/wp-json\/wp\/v2\/media\/3678"}],"wp:attachment":[{"href":"https:\/\/plastisol-inks.com\/fr\/wp-json\/wp\/v2\/media?parent=4312"}],"wp:term":[{"taxonomy":"product_brand","embeddable":true,"href":"https:\/\/plastisol-inks.com\/fr\/wp-json\/wp\/v2\/product_brand?post=4312"},{"taxonomy":"product_cat","embeddable":true,"href":"https:\/\/plastisol-inks.com\/fr\/wp-json\/wp\/v2\/product_cat?post=4312"},{"taxonomy":"product_tag","embeddable":true,"href":"https:\/\/plastisol-inks.com\/fr\/wp-json\/wp\/v2\/product_tag?post=4312"}],"curies":[{"name":"wp","href":"https:\/\/api.w.org\/{rel}","templated":true}]}}