{"id":7716,"date":"2025-07-29T05:31:02","date_gmt":"2025-07-29T09:31:02","guid":{"rendered":"https:\/\/plastisol-inks.com\/?post_type=product&#038;p=7716"},"modified":"2025-07-29T05:32:41","modified_gmt":"2025-07-29T09:32:41","slug":"encre-plastisol-cmyk-encre-plastisol-odm","status":"publish","type":"product","link":"https:\/\/plastisol-inks.com\/fr\/product\/plastisol-cmyk-ink-plastisol-ink-odm\/","title":{"rendered":"Encre Plastisol CMJN"},"content":{"rendered":"<p>D\u00e9couvrez toute la palette des nuances dans vos travaux de s\u00e9rigraphie gr\u00e2ce \u00e0 notre <strong>Encre Plastisol CMJN<\/strong>, le choix du march\u00e9 pour des impressions audacieuses et haute r\u00e9solution. En tant que professionnel chevronn\u00e9 <strong><a href=\"https:\/\/plastisol-inks.com\/fr\/\">Fabricant d'encre plastisol<\/a><\/strong>, nous nous engageons \u00e0 offrir des imprimantes de tous niveaux avec un <strong>Encre plastisol CMJN<\/strong> Non seulement il est facile \u00e0 utiliser, mais il r\u00e9pond \u00e9galement aux normes les plus exigeantes en mati\u00e8re de performance et de s\u00e9curit\u00e9.<\/p>\n<p>Nos deux <a href=\"https:\/\/plastisol-inks.com\/fr\/serie-hf\/\"><strong>S\u00e9rie HF<\/strong> <strong>Encre plastisol<\/strong><\/a>, <a href=\"https:\/\/plastisol-inks.com\/fr\/encre-plastisol-pour-la-serigraphie\/serie-chjt\/\"><strong>S\u00e9rie CHJT<\/strong> <strong>Encre plastisol<\/strong><\/a> et <a href=\"https:\/\/plastisol-inks.com\/fr\/serie-scla\/\"><strong>Encre plastisol s\u00e9rie SDLA<\/strong><\/a> offre <strong data-start=\"179\" data-end=\"202\">Encres plastisol CMJN<\/strong> avec des options \u00e9cologiques qui sont enti\u00e8rement <strong data-start=\"249\" data-end=\"267\">sans phtalates<\/strong>\u00a0ou\u00a0<strong data-start=\"272\" data-end=\"284\">Sans PVC<\/strong>Vous avez ainsi la garantie d&#039;impressions sans danger pour les fabricants comme pour les utilisateurs finaux. Con\u00e7ue pour l&#039;impression directe sur une large gamme de v\u00eatements (t-shirts, sweats \u00e0 capuche, sacs en toile, polos, etc.), cette encre offre un toucher doux et agr\u00e9able, tr\u00e8s appr\u00e9ci\u00e9 des clients.<\/p>\n<p><strong>Des r\u00e9sultats professionnels \u00e0 chaque impression\u00a0:<\/strong><br \/>\nCon\u00e7us pour la pr\u00e9cision et la vivacit\u00e9, nos <strong>Encre plastisol CMJN<\/strong> Contient des pigments purs cyan, magenta, jaune et noir pour une reproduction fid\u00e8le des couleurs en quadrichromie. Permet de r\u00e9aliser des graphismes d\u00e9taill\u00e9s d&#039;une grande pr\u00e9cision, semblables \u00e0 des photos, et des d\u00e9grad\u00e9s harmonieux sur des supports clairs ou moyens. Pour les v\u00eatements fonc\u00e9s, appliquez simplement une sous-couche blanche et collez ensuite vos couleurs CMJN pour une couvrance et un \u00e9clat exceptionnels.<\/p>\n<p><img fetchpriority=\"high\" decoding=\"async\" class=\"alignnone size-medium wp-image-7718\" src=\"https:\/\/plastisol-inks.com\/wp-content\/uploads\/2025\/07\/plastisol-CMYK-ink-300x247.png\" alt=\"Encre plastisol CMJN\" width=\"300\" height=\"247\" title=\"encres plastisol\" srcset=\"https:\/\/plastisol-inks.com\/wp-content\/uploads\/2025\/07\/plastisol-CMYK-ink-300x247.png 300w, https:\/\/plastisol-inks.com\/wp-content\/uploads\/2025\/07\/plastisol-CMYK-ink-15x12.png 15w, https:\/\/plastisol-inks.com\/wp-content\/uploads\/2025\/07\/plastisol-CMYK-ink.png 532w\" sizes=\"(max-width: 300px) 100vw, 300px\" \/><\/p>\n<p><strong>S\u00e9chage rapide et fiable\u00a0:<\/strong><br \/>\nL&#039;efficacit\u00e9 est primordiale en impression num\u00e9rique. Notre encre s\u00e8che instantan\u00e9ment, r\u00e9duisant ainsi les temps d&#039;attente et augmentant la productivit\u00e9. Obtenez un s\u00e9chage complet et r\u00e9sistant au lavage \u00e0 153\u2013170 \u00b0C (307\u2013338 \u00b0F) \u00e0 l&#039;aide d&#039;une presse \u00e0 chaud, d&#039;un s\u00e9choir instantan\u00e9 ou d&#039;un s\u00e9choir \u00e0 linge \u00e0 passage. Bien qu&#039;un pistolet \u00e0 chaud puisse \u00eatre utilis\u00e9 pour les petits tirages, nous recommandons un s\u00e9chage professionnel pour une durabilit\u00e9 optimale.<\/p>\n<p><strong>Flexible et convivial :<\/strong><br \/>\nCette encre plastisol est id\u00e9ale pour les presses manuelles et automatiques et offre des performances optimales avec les supports de maille de 32 \u00e0 55T. Sa consistance lisse et son excellent d\u00e9bit minimisent les obstructions d&#039;affichage et simplifient grandement la mise en place, m\u00eame pour les d\u00e9butants. Pour un r\u00e9sultat optimal, utilisez une solution r\u00e9sistante au plastisol comme nos gammes One Coat ou Hybrid Plus.<\/p>\n<p><strong>Nettoyage et entretien simples et faciles\u00a0:<\/strong><br \/>\nLe nettoyage apr\u00e8s impression est simple\u00a0: notre nettoyant haute performance pour \u00e9crans \u00e9limine rapidement les d\u00e9p\u00f4ts d\u2019encre, tandis que nos alternatives naturelles et \u00e9cologiques offrent une solution plus respectueuse de l\u2019environnement. Vos \u00e9crans seront impeccables et pr\u00eats pour la prochaine utilisation en un rien de temps.<\/p>\n<p><strong>Pourquoi nous choisir comme fabricant d&#039;encre plastisol ?<\/strong><br \/>\nForts de nombreuses ann\u00e9es d&#039;exp\u00e9rience, nous nous engageons \u00e0 vous offrir qualit\u00e9, prix comp\u00e9titifs et un service client irr\u00e9prochable. Que vous dirigiez une grande imprimerie, une entreprise locale ou que vous soyez un amateur d&#039;impression \u00e0 domicile, notre <strong>Encre Plastisol CMJN<\/strong> donne vie \u00e0 vos \u0153uvres d&#039;art gr\u00e2ce \u00e0 des teintes \u00e9blouissantes, une efficacit\u00e9 fiable et un rapport qualit\u00e9-prix exceptionnel.<\/p>\n<p>Modernisez vos op\u00e9rations d&#039;impression \u2013 d\u00e9couvrez la diff\u00e9rence que le vrai <a href=\"https:\/\/plastisol-inks.com\/fr\/encre-plastisol-pour-la-serigraphie\/\"><strong>Encre plastisol CMJN<\/strong><\/a> peut contribuer \u00e0 la notori\u00e9t\u00e9 de votre marque, de votre organisation et de vos clients.<\/p>","protected":false},"excerpt":{"rendered":"<p>Prime <strong>Encre Plastisol CMJN<\/strong> Fabriqu\u00e9e par un fabricant de confiance d&#039;encres plastisol. S\u00e9chage rapide, toucher doux et nettoyage facile\u00a0: id\u00e9ale pour les s\u00e9rigraphes professionnels.<\/p>","protected":false},"featured_media":7717,"template":"","meta":{"site-sidebar-layout":"default","site-content-layout":"","ast-site-content-layout":"default","site-content-style":"default","site-sidebar-style":"default","ast-global-header-display":"","ast-banner-title-visibility":"","ast-main-header-display":"","ast-hfb-above-header-display":"","ast-hfb-below-header-display":"","ast-hfb-mobile-header-display":"","site-post-title":"","ast-breadcrumbs-content":"","ast-featured-img":"","footer-sml-layout":"","theme-transparent-header-meta":"default","adv-header-id-meta":"","stick-header-meta":"","header-above-stick-meta":"","header-main-stick-meta":"","header-below-stick-meta":"","astra-migrate-meta-layouts":"set","ast-page-background-enabled":"default","ast-page-background-meta":{"desktop":{"background-color":"","background-image":"","background-repeat":"repeat","background-position":"center center","background-size":"auto","background-attachment":"scroll","background-type":"","background-media":"","overlay-type":"","overlay-color":"","overlay-gradient":""},"tablet":{"background-color":"","background-image":"","background-repeat":"repeat","background-position":"center center","background-size":"auto","background-attachment":"scroll","background-type":"","background-media":"","overlay-type":"","overlay-color":"","overlay-gradient":""},"mobile":{"background-color":"","background-image":"","background-repeat":"repeat","background-position":"center center","background-size":"auto","background-attachment":"scroll","background-type":"","background-media":"","overlay-type":"","overlay-color":"","overlay-gradient":""}},"ast-content-background-meta":{"desktop":{"background-color":"var(--ast-global-color-5)","background-image":"","background-repeat":"repeat","background-position":"center center","background-size":"auto","background-attachment":"scroll","background-type":"","background-media":"","overlay-type":"","overlay-color":"","overlay-gradient":""},"tablet":{"background-color":"var(--ast-global-color-5)","background-image":"","background-repeat":"repeat","background-position":"center center","background-size":"auto","background-attachment":"scroll","background-type":"","background-media":"","overlay-type":"","overlay-color":"","overlay-gradient":""},"mobile":{"background-color":"var(--ast-global-color-5)","background-image":"","background-repeat":"repeat","background-position":"center center","background-size":"auto","background-attachment":"scroll","background-type":"","background-media":"","overlay-type":"","overlay-color":"","overlay-gradient":""}}},"product_brand":[],"product_cat":[26,80,30,81],"product_tag":[],"class_list":{"0":"post-7716","1":"product","2":"type-product","3":"status-publish","4":"has-post-thumbnail","6":"product_cat-plastisol-inks","7":"product_cat-plastisol-ink-chjt-series","8":"product_cat-plastisol-ink-hf-series","9":"product_cat-plastisol-ink-sdla-series","10":"desktop-align-left","11":"tablet-align-left","12":"mobile-align-left","14":"first","15":"instock","16":"shipping-taxable","17":"product-type-simple"},"_links":{"self":[{"href":"https:\/\/plastisol-inks.com\/fr\/wp-json\/wp\/v2\/product\/7716","targetHints":{"allow":["GET"]}}],"collection":[{"href":"https:\/\/plastisol-inks.com\/fr\/wp-json\/wp\/v2\/product"}],"about":[{"href":"https:\/\/plastisol-inks.com\/fr\/wp-json\/wp\/v2\/types\/product"}],"wp:featuredmedia":[{"embeddable":true,"href":"https:\/\/plastisol-inks.com\/fr\/wp-json\/wp\/v2\/media\/7717"}],"wp:attachment":[{"href":"https:\/\/plastisol-inks.com\/fr\/wp-json\/wp\/v2\/media?parent=7716"}],"wp:term":[{"taxonomy":"product_brand","embeddable":true,"href":"https:\/\/plastisol-inks.com\/fr\/wp-json\/wp\/v2\/product_brand?post=7716"},{"taxonomy":"product_cat","embeddable":true,"href":"https:\/\/plastisol-inks.com\/fr\/wp-json\/wp\/v2\/product_cat?post=7716"},{"taxonomy":"product_tag","embeddable":true,"href":"https:\/\/plastisol-inks.com\/fr\/wp-json\/wp\/v2\/product_tag?post=7716"}],"curies":[{"name":"wp","href":"https:\/\/api.w.org\/{rel}","templated":true}]}}