{"id":3701,"date":"2024-08-04T20:44:33","date_gmt":"2024-08-05T00:44:33","guid":{"rendered":"https:\/\/plastisol-inks.com\/?post_type=product&#038;p=3701"},"modified":"2024-08-08T04:07:21","modified_gmt":"2024-08-08T08:07:21","slug":"tinta-plastisol-negra-para-serigrafia-hf-1601-2","status":"publish","type":"product","link":"https:\/\/plastisol-inks.com\/gl\/product\/screen-printing-black-plastisol-ink-hf-1601-2\/","title":{"rendered":"Tinta Plastisol negra para serigraf\u00eda \u2014 HF-1601"},"content":{"rendered":"<p>A tinta Plastisol para serigraf\u00eda de alta calidade ofrece cores vibrantes, excelente cobertura e durabilidade para impresi\u00f3ns profesionais de longa duraci\u00f3n.<br \/>\nHf: sen ftalatos ecol\u00f3xicos com\u00fans da serie, axeitado para o mercado com\u00fan para marcas que ofrecen un excelente poder de ocultaci\u00f3n, durabilidade e resistencia, e non sangra. \u00c9 extremadamente lavable, sen esvaecer nin deteriorarse.<br \/>\nCompatible con unha ampla gama de tecidos, inclu\u00edndo algod\u00f3n, poli\u00e9ster e mesturas, e \u00e9 adecuado tanto para procesos de impresi\u00f3n manual como autom\u00e1tico.<\/p>","protected":false},"excerpt":{"rendered":"<p>[sp_easyaccordion id=&#8221;1857&#8243;]<\/p>\n","protected":false},"featured_media":3677,"template":"","meta":{"site-sidebar-layout":"default","site-content-layout":"","ast-site-content-layout":"default","site-content-style":"default","site-sidebar-style":"default","ast-global-header-display":"","ast-banner-title-visibility":"","ast-main-header-display":"","ast-hfb-above-header-display":"","ast-hfb-below-header-display":"","ast-hfb-mobile-header-display":"","site-post-title":"","ast-breadcrumbs-content":"","ast-featured-img":"","footer-sml-layout":"","theme-transparent-header-meta":"default","adv-header-id-meta":"","stick-header-meta":"","header-above-stick-meta":"","header-main-stick-meta":"","header-below-stick-meta":"","astra-migrate-meta-layouts":"set","ast-page-background-enabled":"default","ast-page-background-meta":{"desktop":{"background-color":"","background-image":"","background-repeat":"repeat","background-position":"center center","background-size":"auto","background-attachment":"scroll","background-type":"","background-media":"","overlay-type":"","overlay-color":"","overlay-gradient":""},"tablet":{"background-color":"","background-image":"","background-repeat":"repeat","background-position":"center center","background-size":"auto","background-attachment":"scroll","background-type":"","background-media":"","overlay-type":"","overlay-color":"","overlay-gradient":""},"mobile":{"background-color":"","background-image":"","background-repeat":"repeat","background-position":"center center","background-size":"auto","background-attachment":"scroll","background-type":"","background-media":"","overlay-type":"","overlay-color":"","overlay-gradient":""}},"ast-content-background-meta":{"desktop":{"background-color":"var(--ast-global-color-5)","background-image":"","background-repeat":"repeat","background-position":"center center","background-size":"auto","background-attachment":"scroll","background-type":"","background-media":"","overlay-type":"","overlay-color":"","overlay-gradient":""},"tablet":{"background-color":"var(--ast-global-color-5)","background-image":"","background-repeat":"repeat","background-position":"center center","background-size":"auto","background-attachment":"scroll","background-type":"","background-media":"","overlay-type":"","overlay-color":"","overlay-gradient":""},"mobile":{"background-color":"var(--ast-global-color-5)","background-image":"","background-repeat":"repeat","background-position":"center center","background-size":"auto","background-attachment":"scroll","background-type":"","background-media":"","overlay-type":"","overlay-color":"","overlay-gradient":""}}},"product_brand":[],"product_cat":[30,26],"product_tag":[83,74,79],"class_list":{"0":"post-3701","1":"product","2":"type-product","3":"status-publish","4":"has-post-thumbnail","6":"product_cat-plastisol-ink-hf-series","7":"product_cat-plastisol-inks","8":"product_tag-plastisol-screen-printing","9":"product_tag-silk-screen-paint","10":"product_tag-t-shirt-printing-ink","11":"desktop-align-left","12":"tablet-align-left","13":"mobile-align-left","15":"first","16":"instock","17":"shipping-taxable","18":"purchasable","19":"product-type-variable"},"_links":{"self":[{"href":"https:\/\/plastisol-inks.com\/gl\/wp-json\/wp\/v2\/product\/3701","targetHints":{"allow":["GET"]}}],"collection":[{"href":"https:\/\/plastisol-inks.com\/gl\/wp-json\/wp\/v2\/product"}],"about":[{"href":"https:\/\/plastisol-inks.com\/gl\/wp-json\/wp\/v2\/types\/product"}],"wp:featuredmedia":[{"embeddable":true,"href":"https:\/\/plastisol-inks.com\/gl\/wp-json\/wp\/v2\/media\/3677"}],"wp:attachment":[{"href":"https:\/\/plastisol-inks.com\/gl\/wp-json\/wp\/v2\/media?parent=3701"}],"wp:term":[{"taxonomy":"product_brand","embeddable":true,"href":"https:\/\/plastisol-inks.com\/gl\/wp-json\/wp\/v2\/product_brand?post=3701"},{"taxonomy":"product_cat","embeddable":true,"href":"https:\/\/plastisol-inks.com\/gl\/wp-json\/wp\/v2\/product_cat?post=3701"},{"taxonomy":"product_tag","embeddable":true,"href":"https:\/\/plastisol-inks.com\/gl\/wp-json\/wp\/v2\/product_tag?post=3701"}],"curies":[{"name":"wp","href":"https:\/\/api.w.org\/{rel}","templated":true}]}}