{"id":4319,"date":"2024-08-05T22:24:33","date_gmt":"2024-08-06T02:24:33","guid":{"rendered":"https:\/\/plastisol-inks.com\/?post_type=product&#038;p=4319"},"modified":"2024-08-08T02:33:13","modified_gmt":"2024-08-08T06:33:13","slug":"tinta-plastisol-blanca-para-serigrafia-chjt-1101","status":"publish","type":"product","link":"https:\/\/plastisol-inks.com\/gl\/product\/screen-printing-white-plastisol-ink-chjt-1101\/","title":{"rendered":"Tinta Plastisol branca para serigraf\u00eda - CHJT-1101"},"content":{"rendered":"<div class=\"flex max-w-full flex-col flex-grow\">\n<div class=\"min-h-[20px] text-message flex w-full flex-col items-end gap-2 whitespace-pre-wrap break-words [.text-message+&amp;]:mt-5 overflow-x-auto\" dir=\"auto\" data-message-author-role=\"assistant\" data-message-id=\"9493148f-3a48-476e-87a6-335f2bd98092\">\n<div class=\"flex w-full flex-col gap-1 empty:hidden first:pt-[3px]\">\n<div class=\"markdown prose w-full break-words dark:prose-invert light\">\n<p>&#8220;High-quality Screen Printing Plastisol Ink delivers vibrant colors, excellent coverage, and durability for long-lasting, professional prints.<br \/>\nCHJT\u2014series Mid-high eco-friendly series with phthalate gree Npeo free suitable for mid-high brands that offers excellent hiding power, durability and resilience, and does not bleed. It is extremely washable, without fading or deterioration.<br \/>\nCompatible with a wide range of fabrics, including cotton, polyester, and blends, and is suitable for both manual and automatic printing processes.<\/p>\n<\/div>\n<\/div>\n<\/div>\n<\/div>\n","protected":false},"excerpt":{"rendered":"<p>&quot;A tinta Plastisol de serigraf\u00eda de alta calidade ofrece cores vibrantes, excelente cobertura e durabilidade para impresi\u00f3ns profesionais de longa duraci\u00f3n.<br \/>\nSerie CHJT Serie ecol\u00f3xica medio-alta con ftalatos libres de Npeo adecuada para marcas de media-alta que ofrece un excelente poder de ocultaci\u00f3n, durabilidade e resistencia, e non sangra. \u00c9 extremadamente lavable, sen esvaecer nin deteriorarse.<br \/>\nCompatible con unha ampla gama de tecidos, inclu\u00edndo algod\u00f3n, poli\u00e9ster e mesturas, e \u00e9 adecuado tanto para procesos de impresi\u00f3n manual como autom\u00e1tico.<\/p>","protected":false},"featured_media":3697,"template":"","meta":{"site-sidebar-layout":"default","site-content-layout":"","ast-site-content-layout":"default","site-content-style":"default","site-sidebar-style":"default","ast-global-header-display":"","ast-banner-title-visibility":"","ast-main-header-display":"","ast-hfb-above-header-display":"","ast-hfb-below-header-display":"","ast-hfb-mobile-header-display":"","site-post-title":"","ast-breadcrumbs-content":"","ast-featured-img":"","footer-sml-layout":"","theme-transparent-header-meta":"default","adv-header-id-meta":"","stick-header-meta":"","header-above-stick-meta":"","header-main-stick-meta":"","header-below-stick-meta":"","astra-migrate-meta-layouts":"set","ast-page-background-enabled":"default","ast-page-background-meta":{"desktop":{"background-color":"","background-image":"","background-repeat":"repeat","background-position":"center center","background-size":"auto","background-attachment":"scroll","background-type":"","background-media":"","overlay-type":"","overlay-color":"","overlay-gradient":""},"tablet":{"background-color":"","background-image":"","background-repeat":"repeat","background-position":"center center","background-size":"auto","background-attachment":"scroll","background-type":"","background-media":"","overlay-type":"","overlay-color":"","overlay-gradient":""},"mobile":{"background-color":"","background-image":"","background-repeat":"repeat","background-position":"center center","background-size":"auto","background-attachment":"scroll","background-type":"","background-media":"","overlay-type":"","overlay-color":"","overlay-gradient":""}},"ast-content-background-meta":{"desktop":{"background-color":"var(--ast-global-color-5)","background-image":"","background-repeat":"repeat","background-position":"center center","background-size":"auto","background-attachment":"scroll","background-type":"","background-media":"","overlay-type":"","overlay-color":"","overlay-gradient":""},"tablet":{"background-color":"var(--ast-global-color-5)","background-image":"","background-repeat":"repeat","background-position":"center center","background-size":"auto","background-attachment":"scroll","background-type":"","background-media":"","overlay-type":"","overlay-color":"","overlay-gradient":""},"mobile":{"background-color":"var(--ast-global-color-5)","background-image":"","background-repeat":"repeat","background-position":"center center","background-size":"auto","background-attachment":"scroll","background-type":"","background-media":"","overlay-type":"","overlay-color":"","overlay-gradient":""}}},"product_brand":[],"product_cat":[80],"product_tag":[77,74,79],"class_list":{"0":"post-4319","1":"product","2":"type-product","3":"status-publish","4":"has-post-thumbnail","6":"product_cat-plastisol-ink-chjt-series","7":"product_tag-fabric-screen-printing-ink","8":"product_tag-silk-screen-paint","9":"product_tag-t-shirt-printing-ink","10":"desktop-align-left","11":"tablet-align-left","12":"mobile-align-left","14":"first","15":"instock","16":"shipping-taxable","17":"purchasable","18":"product-type-variable"},"_links":{"self":[{"href":"https:\/\/plastisol-inks.com\/gl\/wp-json\/wp\/v2\/product\/4319","targetHints":{"allow":["GET"]}}],"collection":[{"href":"https:\/\/plastisol-inks.com\/gl\/wp-json\/wp\/v2\/product"}],"about":[{"href":"https:\/\/plastisol-inks.com\/gl\/wp-json\/wp\/v2\/types\/product"}],"wp:featuredmedia":[{"embeddable":true,"href":"https:\/\/plastisol-inks.com\/gl\/wp-json\/wp\/v2\/media\/3697"}],"wp:attachment":[{"href":"https:\/\/plastisol-inks.com\/gl\/wp-json\/wp\/v2\/media?parent=4319"}],"wp:term":[{"taxonomy":"product_brand","embeddable":true,"href":"https:\/\/plastisol-inks.com\/gl\/wp-json\/wp\/v2\/product_brand?post=4319"},{"taxonomy":"product_cat","embeddable":true,"href":"https:\/\/plastisol-inks.com\/gl\/wp-json\/wp\/v2\/product_cat?post=4319"},{"taxonomy":"product_tag","embeddable":true,"href":"https:\/\/plastisol-inks.com\/gl\/wp-json\/wp\/v2\/product_tag?post=4319"}],"curies":[{"name":"wp","href":"https:\/\/api.w.org\/{rel}","templated":true}]}}