{"id":7716,"date":"2025-07-29T05:31:02","date_gmt":"2025-07-29T09:31:02","guid":{"rendered":"https:\/\/plastisol-inks.com\/?post_type=product&#038;p=7716"},"modified":"2025-07-29T05:32:41","modified_gmt":"2025-07-29T09:32:41","slug":"tinta-plastisol-cmyk-tinta-plastisol-odm","status":"publish","type":"product","link":"https:\/\/plastisol-inks.com\/gl\/product\/plastisol-cmyk-ink-plastisol-ink-odm\/","title":{"rendered":"Tinta CMYK Plastisol"},"content":{"rendered":"<p>Desbloquea todo o espectro de tons nos teus traballos de serigraf\u00eda coa nosa <strong>Tinta CMYK Plastisol<\/strong>, a opci\u00f3n do mercado para impresi\u00f3ns atrevidas e de alta resoluci\u00f3n. Como un experimentado <strong><a href=\"https:\/\/plastisol-inks.com\/gl\/\">Fabricante de tinta Plastisol<\/a><\/strong>, estamos comprometidos en ofrecerlles a impresoras de todos os niveis unha <strong>Tinta CMYK Plastisol<\/strong> que non s\u00f3 \u00e9 doado de usar, sen\u00f3n que tam\u00e9n cumpre cos m\u00e1is altos est\u00e1ndares de rendemento e seguridade.<\/p>\n<p>Ambos os nosos <a href=\"https:\/\/plastisol-inks.com\/gl\/serie-hf\/\"><strong>Serie HF<\/strong> <strong>Tinta Plastisol<\/strong><\/a>, <a href=\"https:\/\/plastisol-inks.com\/gl\/tinta-plastisol-para-serigrafia\/serie-chjt\/\"><strong>Serie CHJT<\/strong> <strong>Tinta Plastisol<\/strong><\/a> e <a href=\"https:\/\/plastisol-inks.com\/gl\/serie-scla\/\"><strong>Tinta Plastisol da serie SDLA<\/strong><\/a> oferta <strong data-start=\"179\" data-end=\"202\">Tintas CMYK de Plastisol<\/strong> con opci\u00f3ns ecol\u00f3xicas que son completamente <strong data-start=\"249\" data-end=\"267\">libre de ftalatos<\/strong>\u00a0ou\u00a0<strong data-start=\"272\" data-end=\"284\">Sen PVC<\/strong>, garantindo que as t\u00faas impresi\u00f3ns sexan seguras tanto para os fabricantes como para os usuarios finais. Dese\u00f1ada para a impresi\u00f3n directa nunha selecci\u00f3n de pezas (camisetas, sudaderas con capucha, bolsas de lona, polos e moito m\u00e1is), esta tinta proporciona unha sensaci\u00f3n suave e c\u00f3moda ao tacto que os clientes aprecian.<\/p>\n<p><strong>Resultados profesionais con cada impresi\u00f3n:<\/strong><br \/>\nDesenvolvido para a precisi\u00f3n e a vitalidade, o noso <strong>Tinta CMYK Plastisol<\/strong> Incl\u00fae pigmentos puros de cian, maxenta, amarelo e negro para unha reproduci\u00f3n precisa da cor do proceso. Logra gr\u00e1ficos detallados de tipo fotogr\u00e1fico e pendentes suaves en materiais claros ou de tons medios. Para pezas escuras, simplemente aplica unha base branca s\u00f3lida e adh\u00edrese coas t\u00faas cores CMYK para unha cobertura e un brillo de cor excepcionais.<\/p>\n<p><img fetchpriority=\"high\" decoding=\"async\" class=\"alignnone size-medium wp-image-7718\" src=\"https:\/\/plastisol-inks.com\/wp-content\/uploads\/2025\/07\/plastisol-CMYK-ink-300x247.png\" alt=\"tinta CMYK de plastisol\" width=\"300\" height=\"247\" title=\"tintas plastisol\" srcset=\"https:\/\/plastisol-inks.com\/wp-content\/uploads\/2025\/07\/plastisol-CMYK-ink-300x247.png 300w, https:\/\/plastisol-inks.com\/wp-content\/uploads\/2025\/07\/plastisol-CMYK-ink-15x12.png 15w, https:\/\/plastisol-inks.com\/wp-content\/uploads\/2025\/07\/plastisol-CMYK-ink.png 532w\" sizes=\"(max-width: 300px) 100vw, 300px\" \/><\/p>\n<p><strong>Curado r\u00e1pido e fiable:<\/strong><br \/>\nA eficiencia \u00e9 fundamental na impresi\u00f3n de pantallas. A nosa tinta seca instant\u00e1neamente en segundos, minimizando os tempos de atraso e aumentando a produtividade. Obt\u00e9n unha soluci\u00f3n completa e resistente \u00e1 lavado a 153\u2013170 \u00b0C (307\u2013338 \u00b0F) usando unha prensa de calor, un secador instant\u00e1neo ou unha secadora de roupa de paso. A\u00ednda que se pode usar unha pistola de calor para tiradas pequenas, recomendamos un curado profesional para unha durabilidade \u00f3ptima.<\/p>\n<p><strong>Flexible e doado de usar:<\/strong><br \/>\nEsta tinta plastisol \u00e9 perfecta tanto para prensas manuais como autom\u00e1ticas e funciona idealmente con mallas de entre 32T e 55T. A s\u00faa consistencia suave e o seu excelente fluxo minimizan a obstruci\u00f3n da pantalla e facilitan moito a configuraci\u00f3n, mesmo para principiantes. Para obter os mellores resultados, use unha soluci\u00f3n resistente ao plastisol como a nosa colecci\u00f3n One Coat ou Hybrid Plus.<\/p>\n<p><strong>Limpeza e mantemento sinxelos e f\u00e1ciles:<\/strong><br \/>\nA limpeza despois da impresi\u00f3n \u00e9 b\u00e1sica: o noso limpador de pantallas de alta potencia elimina rapidamente os dep\u00f3sitos de tinta, mentres que as nosas alternativas naturais e respectuosas co medio ambiente ofrecen unha alternativa m\u00e1is ecol\u00f3xica. As t\u00faas pantallas estar\u00e1n limpas e listas para a seguinte tarefa en pouco tempo.<\/p>\n<p><strong>Por que nos escoller como o seu fabricante de tinta Plastisol?<\/strong><br \/>\nCon anos de competencia, estamos comprometidos coa calidade, o custo e a atenci\u00f3n ao cliente. Tanto se tes unha gran imprenta, un negocio local ou que che gusta imprimir ti mesmo na casa, o noso <strong>Tinta CMYK Plastisol<\/strong> d\u00e1 vida \u00e1 t\u00faa obra de arte cunha cor deslumbrante, unha eficiencia fiable e un valor extraordinario.<\/p>\n<p>Actualiza as t\u00faas operaci\u00f3ns de impresi\u00f3n: descubre a verdadeira distinci\u00f3n <a href=\"https:\/\/plastisol-inks.com\/gl\/tinta-plastisol-para-serigrafia\/\"><strong>Tinta CMYK Plastisol<\/strong><\/a> pode facer para a t\u00faa marca, a t\u00faa organizaci\u00f3n e os teus clientes.<\/p>","protected":false},"excerpt":{"rendered":"<p>Premium <strong>Tinta CMYK Plastisol<\/strong> dun fabricante de tinta Plastisol de confianza. Curado r\u00e1pido, tacto suave e f\u00e1cil de limpar: perfecto para serigraf\u00edas profesionais.<\/p>","protected":false},"featured_media":7717,"template":"","meta":{"site-sidebar-layout":"default","site-content-layout":"","ast-site-content-layout":"default","site-content-style":"default","site-sidebar-style":"default","ast-global-header-display":"","ast-banner-title-visibility":"","ast-main-header-display":"","ast-hfb-above-header-display":"","ast-hfb-below-header-display":"","ast-hfb-mobile-header-display":"","site-post-title":"","ast-breadcrumbs-content":"","ast-featured-img":"","footer-sml-layout":"","theme-transparent-header-meta":"default","adv-header-id-meta":"","stick-header-meta":"","header-above-stick-meta":"","header-main-stick-meta":"","header-below-stick-meta":"","astra-migrate-meta-layouts":"set","ast-page-background-enabled":"default","ast-page-background-meta":{"desktop":{"background-color":"","background-image":"","background-repeat":"repeat","background-position":"center center","background-size":"auto","background-attachment":"scroll","background-type":"","background-media":"","overlay-type":"","overlay-color":"","overlay-gradient":""},"tablet":{"background-color":"","background-image":"","background-repeat":"repeat","background-position":"center center","background-size":"auto","background-attachment":"scroll","background-type":"","background-media":"","overlay-type":"","overlay-color":"","overlay-gradient":""},"mobile":{"background-color":"","background-image":"","background-repeat":"repeat","background-position":"center center","background-size":"auto","background-attachment":"scroll","background-type":"","background-media":"","overlay-type":"","overlay-color":"","overlay-gradient":""}},"ast-content-background-meta":{"desktop":{"background-color":"var(--ast-global-color-5)","background-image":"","background-repeat":"repeat","background-position":"center center","background-size":"auto","background-attachment":"scroll","background-type":"","background-media":"","overlay-type":"","overlay-color":"","overlay-gradient":""},"tablet":{"background-color":"var(--ast-global-color-5)","background-image":"","background-repeat":"repeat","background-position":"center center","background-size":"auto","background-attachment":"scroll","background-type":"","background-media":"","overlay-type":"","overlay-color":"","overlay-gradient":""},"mobile":{"background-color":"var(--ast-global-color-5)","background-image":"","background-repeat":"repeat","background-position":"center center","background-size":"auto","background-attachment":"scroll","background-type":"","background-media":"","overlay-type":"","overlay-color":"","overlay-gradient":""}}},"product_brand":[],"product_cat":[26,80,30,81],"product_tag":[],"class_list":{"0":"post-7716","1":"product","2":"type-product","3":"status-publish","4":"has-post-thumbnail","6":"product_cat-plastisol-inks","7":"product_cat-plastisol-ink-chjt-series","8":"product_cat-plastisol-ink-hf-series","9":"product_cat-plastisol-ink-sdla-series","10":"desktop-align-left","11":"tablet-align-left","12":"mobile-align-left","14":"first","15":"instock","16":"shipping-taxable","17":"product-type-simple"},"_links":{"self":[{"href":"https:\/\/plastisol-inks.com\/gl\/wp-json\/wp\/v2\/product\/7716","targetHints":{"allow":["GET"]}}],"collection":[{"href":"https:\/\/plastisol-inks.com\/gl\/wp-json\/wp\/v2\/product"}],"about":[{"href":"https:\/\/plastisol-inks.com\/gl\/wp-json\/wp\/v2\/types\/product"}],"wp:featuredmedia":[{"embeddable":true,"href":"https:\/\/plastisol-inks.com\/gl\/wp-json\/wp\/v2\/media\/7717"}],"wp:attachment":[{"href":"https:\/\/plastisol-inks.com\/gl\/wp-json\/wp\/v2\/media?parent=7716"}],"wp:term":[{"taxonomy":"product_brand","embeddable":true,"href":"https:\/\/plastisol-inks.com\/gl\/wp-json\/wp\/v2\/product_brand?post=7716"},{"taxonomy":"product_cat","embeddable":true,"href":"https:\/\/plastisol-inks.com\/gl\/wp-json\/wp\/v2\/product_cat?post=7716"},{"taxonomy":"product_tag","embeddable":true,"href":"https:\/\/plastisol-inks.com\/gl\/wp-json\/wp\/v2\/product_tag?post=7716"}],"curies":[{"name":"wp","href":"https:\/\/api.w.org\/{rel}","templated":true}]}}