{"id":4557,"date":"2024-08-06T04:58:57","date_gmt":"2024-08-06T08:58:57","guid":{"rendered":"https:\/\/plastisol-inks.com\/?post_type=product&#038;p=4557"},"modified":"2024-08-10T02:32:06","modified_gmt":"2024-08-10T06:32:06","slug":"sitotisak-zelena-plastisol-tinta-sdla-1502","status":"publish","type":"product","link":"https:\/\/plastisol-inks.com\/hr\/product\/screen-printing-green-plastisol-ink-sdla-1502\/","title":{"rendered":"Zelena plastisol tinta za sitotisak \u2014 SDLA-1502"},"content":{"rendered":"<p>Plastisol tinte bez PVC-a inovativno su i ekolo\u0161ki prihvatljivo rje\u0161enje u industriji sitotiska.<br \/>\nPlastisol tinta visoke kvalitete za sitotisak daje jarke boje, izvrsnu pokrivenost i izdr\u017eljivost za dugotrajne, profesionalne ispise.<br \/>\nSDLA\u2014serija vrhunske razine, ekolo\u0161ki prihvatljiva, bez PVC-a, prikladna za tr\u017ei\u0161te vrhunskih robnih marki za robne marke koje nude izvrsnu mo\u0107 pokrivanja, izdr\u017eljivost i otpornost te ne cure. Izuzetno je periv, bez blije\u0111enja ili o\u0161te\u0107enja. Kompatibilan sa \u0161irokim rasponom tkanina, uklju\u010duju\u0107i pamuk, poliester i mje\u0161avine, te je prikladan i za ru\u010dne i za automatske procese ispisa.<\/p>","protected":false},"excerpt":{"rendered":"<p>[sp_easyaccordion id=&#8221;1857&#8243;]<\/p>\n","protected":false},"featured_media":3668,"template":"","meta":{"site-sidebar-layout":"default","site-content-layout":"","ast-site-content-layout":"default","site-content-style":"default","site-sidebar-style":"default","ast-global-header-display":"","ast-banner-title-visibility":"","ast-main-header-display":"","ast-hfb-above-header-display":"","ast-hfb-below-header-display":"","ast-hfb-mobile-header-display":"","site-post-title":"","ast-breadcrumbs-content":"","ast-featured-img":"","footer-sml-layout":"","theme-transparent-header-meta":"default","adv-header-id-meta":"","stick-header-meta":"","header-above-stick-meta":"","header-main-stick-meta":"","header-below-stick-meta":"","astra-migrate-meta-layouts":"set","ast-page-background-enabled":"default","ast-page-background-meta":{"desktop":{"background-color":"","background-image":"","background-repeat":"repeat","background-position":"center center","background-size":"auto","background-attachment":"scroll","background-type":"","background-media":"","overlay-type":"","overlay-color":"","overlay-gradient":""},"tablet":{"background-color":"","background-image":"","background-repeat":"repeat","background-position":"center center","background-size":"auto","background-attachment":"scroll","background-type":"","background-media":"","overlay-type":"","overlay-color":"","overlay-gradient":""},"mobile":{"background-color":"","background-image":"","background-repeat":"repeat","background-position":"center center","background-size":"auto","background-attachment":"scroll","background-type":"","background-media":"","overlay-type":"","overlay-color":"","overlay-gradient":""}},"ast-content-background-meta":{"desktop":{"background-color":"var(--ast-global-color-5)","background-image":"","background-repeat":"repeat","background-position":"center center","background-size":"auto","background-attachment":"scroll","background-type":"","background-media":"","overlay-type":"","overlay-color":"","overlay-gradient":""},"tablet":{"background-color":"var(--ast-global-color-5)","background-image":"","background-repeat":"repeat","background-position":"center center","background-size":"auto","background-attachment":"scroll","background-type":"","background-media":"","overlay-type":"","overlay-color":"","overlay-gradient":""},"mobile":{"background-color":"var(--ast-global-color-5)","background-image":"","background-repeat":"repeat","background-position":"center center","background-size":"auto","background-attachment":"scroll","background-type":"","background-media":"","overlay-type":"","overlay-color":"","overlay-gradient":""}}},"product_brand":[],"product_cat":[81],"product_tag":[87,74,79],"class_list":{"0":"post-4557","1":"product","2":"type-product","3":"status-publish","4":"has-post-thumbnail","6":"product_cat-plastisol-ink-sdla-series","7":"product_tag-silk-screen-manufacturers","8":"product_tag-silk-screen-paint","9":"product_tag-t-shirt-printing-ink","10":"desktop-align-left","11":"tablet-align-left","12":"mobile-align-left","14":"first","15":"instock","16":"shipping-taxable","17":"purchasable","18":"product-type-variable"},"_links":{"self":[{"href":"https:\/\/plastisol-inks.com\/hr\/wp-json\/wp\/v2\/product\/4557","targetHints":{"allow":["GET"]}}],"collection":[{"href":"https:\/\/plastisol-inks.com\/hr\/wp-json\/wp\/v2\/product"}],"about":[{"href":"https:\/\/plastisol-inks.com\/hr\/wp-json\/wp\/v2\/types\/product"}],"wp:featuredmedia":[{"embeddable":true,"href":"https:\/\/plastisol-inks.com\/hr\/wp-json\/wp\/v2\/media\/3668"}],"wp:attachment":[{"href":"https:\/\/plastisol-inks.com\/hr\/wp-json\/wp\/v2\/media?parent=4557"}],"wp:term":[{"taxonomy":"product_brand","embeddable":true,"href":"https:\/\/plastisol-inks.com\/hr\/wp-json\/wp\/v2\/product_brand?post=4557"},{"taxonomy":"product_cat","embeddable":true,"href":"https:\/\/plastisol-inks.com\/hr\/wp-json\/wp\/v2\/product_cat?post=4557"},{"taxonomy":"product_tag","embeddable":true,"href":"https:\/\/plastisol-inks.com\/hr\/wp-json\/wp\/v2\/product_tag?post=4557"}],"curies":[{"name":"radni list","href":"https:\/\/api.w.org\/{rel}","templated":true}]}}