{"id":7467,"date":"2025-06-10T02:22:56","date_gmt":"2025-06-10T06:22:56","guid":{"rendered":"https:\/\/plastisol-inks.com\/?post_type=product&#038;p=7467"},"modified":"2025-06-10T03:11:54","modified_gmt":"2025-06-10T07:11:54","slug":"metalik-zlatna-boja-za-sitotisak","status":"publish","type":"product","link":"https:\/\/plastisol-inks.com\/hr\/product\/metallic-gold-screen-printing-ink\/","title":{"rendered":"Metalik zlatna tinta za sitotisak"},"content":{"rendered":"<p>Metalik zlatna boja za sitotisak ima dobru fluidnost i te\u0161ko se su\u0161i, a sitotisak je gladak i konzistentan. Osim toga, ova metalik intenzivna zlatna boja za sitotisak ima izvanrednu otpornost i trajnost. Nakon su\u0161enja, boja je jaka i ne blijedi lako. Bez obzira reciklira li se ili je dugo izlo\u017eena sun\u010devoj svjetlosti, mo\u017ee zadr\u017eati po\u010detni sjaj i posti\u0107i trajan vizualni dojam. Zbog toga je ova metalik zlatna boja za sitotisak zaista prikladna za sitotisak.<\/p>\n<p><strong>Ako trebate druge metalik tinte, kontaktirajte nas!<\/strong><\/p>\n<p>&nbsp;<\/p>","protected":false},"excerpt":{"rendered":"<p>Metallic Gold Screen Printing Ink\u200b has good fluidity and is hard to dry, and the screen printing impact is smooth and consistent. In addition, this metallic intense gold screen printing ink has outstanding resilience and permanence. After drying, the color is strong and not easy to fade. Whether it is recycled or exposed to sunshine [&hellip;]<\/p>\n","protected":false},"featured_media":7473,"template":"","meta":{"site-sidebar-layout":"default","site-content-layout":"","ast-site-content-layout":"default","site-content-style":"default","site-sidebar-style":"default","ast-global-header-display":"","ast-banner-title-visibility":"","ast-main-header-display":"","ast-hfb-above-header-display":"","ast-hfb-below-header-display":"","ast-hfb-mobile-header-display":"","site-post-title":"","ast-breadcrumbs-content":"","ast-featured-img":"","footer-sml-layout":"","theme-transparent-header-meta":"default","adv-header-id-meta":"","stick-header-meta":"","header-above-stick-meta":"","header-main-stick-meta":"","header-below-stick-meta":"","astra-migrate-meta-layouts":"set","ast-page-background-enabled":"default","ast-page-background-meta":{"desktop":{"background-color":"","background-image":"","background-repeat":"repeat","background-position":"center center","background-size":"auto","background-attachment":"scroll","background-type":"","background-media":"","overlay-type":"","overlay-color":"","overlay-gradient":""},"tablet":{"background-color":"","background-image":"","background-repeat":"repeat","background-position":"center center","background-size":"auto","background-attachment":"scroll","background-type":"","background-media":"","overlay-type":"","overlay-color":"","overlay-gradient":""},"mobile":{"background-color":"","background-image":"","background-repeat":"repeat","background-position":"center center","background-size":"auto","background-attachment":"scroll","background-type":"","background-media":"","overlay-type":"","overlay-color":"","overlay-gradient":""}},"ast-content-background-meta":{"desktop":{"background-color":"var(--ast-global-color-5)","background-image":"","background-repeat":"repeat","background-position":"center center","background-size":"auto","background-attachment":"scroll","background-type":"","background-media":"","overlay-type":"","overlay-color":"","overlay-gradient":""},"tablet":{"background-color":"var(--ast-global-color-5)","background-image":"","background-repeat":"repeat","background-position":"center center","background-size":"auto","background-attachment":"scroll","background-type":"","background-media":"","overlay-type":"","overlay-color":"","overlay-gradient":""},"mobile":{"background-color":"var(--ast-global-color-5)","background-image":"","background-repeat":"repeat","background-position":"center center","background-size":"auto","background-attachment":"scroll","background-type":"","background-media":"","overlay-type":"","overlay-color":"","overlay-gradient":""}}},"product_brand":[],"product_cat":[92],"product_tag":[252],"class_list":{"0":"post-7467","1":"product","2":"type-product","3":"status-publish","4":"has-post-thumbnail","6":"product_cat-special-series","7":"product_tag-metallic-gold-screen-printing-ink","8":"desktop-align-left","9":"tablet-align-left","10":"mobile-align-left","12":"first","13":"instock","14":"shipping-taxable","15":"product-type-simple"},"_links":{"self":[{"href":"https:\/\/plastisol-inks.com\/hr\/wp-json\/wp\/v2\/product\/7467","targetHints":{"allow":["GET"]}}],"collection":[{"href":"https:\/\/plastisol-inks.com\/hr\/wp-json\/wp\/v2\/product"}],"about":[{"href":"https:\/\/plastisol-inks.com\/hr\/wp-json\/wp\/v2\/types\/product"}],"wp:featuredmedia":[{"embeddable":true,"href":"https:\/\/plastisol-inks.com\/hr\/wp-json\/wp\/v2\/media\/7473"}],"wp:attachment":[{"href":"https:\/\/plastisol-inks.com\/hr\/wp-json\/wp\/v2\/media?parent=7467"}],"wp:term":[{"taxonomy":"product_brand","embeddable":true,"href":"https:\/\/plastisol-inks.com\/hr\/wp-json\/wp\/v2\/product_brand?post=7467"},{"taxonomy":"product_cat","embeddable":true,"href":"https:\/\/plastisol-inks.com\/hr\/wp-json\/wp\/v2\/product_cat?post=7467"},{"taxonomy":"product_tag","embeddable":true,"href":"https:\/\/plastisol-inks.com\/hr\/wp-json\/wp\/v2\/product_tag?post=7467"}],"curies":[{"name":"radni list","href":"https:\/\/api.w.org\/{rel}","templated":true}]}}