{"id":7716,"date":"2025-07-29T05:31:02","date_gmt":"2025-07-29T09:31:02","guid":{"rendered":"https:\/\/plastisol-inks.com\/?post_type=product&#038;p=7716"},"modified":"2025-07-29T05:32:41","modified_gmt":"2025-07-29T09:32:41","slug":"plastisol-cmyk-tinta-plastisol-tinta-odm","status":"publish","type":"product","link":"https:\/\/plastisol-inks.com\/hr\/product\/plastisol-cmyk-ink-plastisol-ink-odm\/","title":{"rendered":"Plastisol CMYK tinta"},"content":{"rendered":"<p>Otklju\u010dajte cijeli spektar nijansi u svojim poslovima sitotiska s na\u0161im <strong>Plastisol CMYK tinta<\/strong>, tr\u017ei\u0161na opcija za odva\u017ene ispise visoke rezolucije. Kao iskusni <strong><a href=\"https:\/\/plastisol-inks.com\/hr\/\">Proizvo\u0111a\u010d plastisol tinte<\/a><\/strong>, posve\u0107eni smo ponudi pisa\u010da svih razina s <strong>CMYK Plastisol tinta<\/strong> koji nije samo jednostavan za kori\u0161tenje, ve\u0107 i ispunjava najvi\u0161e standarde performansi i sigurnosti.<\/p>\n<p>Oboje na\u0161i <a href=\"https:\/\/plastisol-inks.com\/hr\/hf-serija\/\"><strong>HF serija<\/strong> <strong>Plastisol tinta<\/strong><\/a>, <a href=\"https:\/\/plastisol-inks.com\/hr\/plastisol-tinta-za-sitotisak\/chjt-serija\/\"><strong>Serija CHJT<\/strong> <strong>Plastisol tinta<\/strong><\/a> i <a href=\"https:\/\/plastisol-inks.com\/hr\/scla-serija\/\"><strong>SDLA serija plastisol tinte<\/strong><\/a> ponuda <strong data-start=\"179\" data-end=\"202\">Plastisol CMYK tinte<\/strong> s ekolo\u0161ki prihvatljivim opcijama koje su potpuno <strong data-start=\"249\" data-end=\"267\">bez ftalata<\/strong>\u00a0ili\u00a0<strong data-start=\"272\" data-end=\"284\">Bez PVC-a<\/strong>, osiguravaju\u0107i da su va\u0161i otisci sigurni i za proizvo\u0111a\u010de i za krajnje korisnike. Dizajnirana za izravan tisak na odabranim odjevnim predmetima \u2013 majicama kratkih rukava, majicama s kapulja\u010dom, platnenim torbama, polo majicama i jo\u0161 mnogo toga \u2013 ova tinta pru\u017ea mekan, ugodan osje\u0107aj na ruci u kojem kupci u\u017eivaju.<\/p>\n<p><strong>Profesionalni rezultati sa svakim ispisom:<\/strong><br \/>\nRazvijeni za preciznost i \u017eivost, na\u0161i <strong>CMYK Plastisol tinta<\/strong> Uklju\u010duje \u010diste cijan, magenta, \u017eute i crne pigmente za to\u010dnu reprodukciju boja u procesu. Postignite detaljnu grafiku poput fotografske i glatke nagibe na svijetlim ili srednje toniranim materijalima. Za tamnu odje\u0107u jednostavno nanesite postojanu bijelu podlogu i pridr\u017eavajte se svojih CMYK boja za izvanrednu pokrivenost i sjaj boja.<\/p>\n<p><img fetchpriority=\"high\" decoding=\"async\" class=\"alignnone size-medium wp-image-7718\" src=\"https:\/\/plastisol-inks.com\/wp-content\/uploads\/2025\/07\/plastisol-CMYK-ink-300x247.png\" alt=\"plastisol CMYK tinta\" width=\"300\" height=\"247\" title=\"plastisol tinte\" srcset=\"https:\/\/plastisol-inks.com\/wp-content\/uploads\/2025\/07\/plastisol-CMYK-ink-300x247.png 300w, https:\/\/plastisol-inks.com\/wp-content\/uploads\/2025\/07\/plastisol-CMYK-ink-15x12.png 15w, https:\/\/plastisol-inks.com\/wp-content\/uploads\/2025\/07\/plastisol-CMYK-ink.png 532w\" sizes=\"(max-width: 300px) 100vw, 300px\" \/><\/p>\n<p><strong>Brzo i pouzdano stvrdnjavanje:<\/strong><br \/>\nU\u010dinkovitost je klju\u010dna u tisku na displeje. Na\u0161a tinta se brzo su\u0161i u roku od nekoliko sekundi, smanjuju\u0107i vrijeme ka\u0161njenja i pove\u0107avaju\u0107i produktivnost. Postignite potpuni, otporan premaz na pranje na 153\u2013170 \u00b0C (307\u2013338 \u00b0F) kori\u0161tenjem termo pre\u0161e, brzog su\u0161ila ili su\u0161ilice rublja. Iako se za male naklade mo\u017ee koristiti toplinski pi\u0161tolj, preporu\u010dujemo profesionalno su\u0161enje za optimalnu \u010dvrsto\u0107u.<\/p>\n<p><strong>Fleksibilan i jednostavan za kori\u0161tenje:<\/strong><br \/>\nOva plastisol tinta savr\u0161ena je za ru\u010dni i automatski tisak te idealno funkcionira s mre\u017eastim materijalima debljine izme\u0111u 32T i 55T. Njezina glatka konzistencija i izvrstan protok smanjuju zaklanjanje zaslona i \u010dine postavljanje vrlo jednostavnim, \u010dak i za po\u010detnike. Za najbolje rezultate koristite rje\u0161enje otporno na plastisol, kao \u0161to je na\u0161a One Coat ili Hybrid Plus kolekcija.<\/p>\n<p><strong>Jednostavno i lako \u010di\u0161\u0107enje i odr\u017eavanje:<\/strong><br \/>\n\u010ci\u0161\u0107enje nakon ispisa je osnovno \u2013 na\u0161e visokou\u010dinkovito sredstvo za \u010di\u0161\u0107enje zaslona brzo uklanja naslage tinte, dok na\u0161e ekolo\u0161ki prihvatljive, prirodne alternative nude zeleniju alternativu. Va\u0161i \u0107e zasloni zasigurno biti \u010disti i spremni za sljede\u0107i zadatak u tren oka.<\/p>\n<p><strong>Za\u0161to odabrati nas kao proizvo\u0111a\u010da plastisol tinte?<\/strong><br \/>\nS dugogodi\u0161njim iskustvom, predani smo kvaliteti, cijeni i korisni\u010dkoj podr\u0161ci. Bez obzira vodite li veliku tiskaru, lokalni posao ili u\u017eivate u DIY ispisu kod ku\u0107e, na\u0161i <strong>Plastisol CMYK tinta<\/strong> o\u017eivljava va\u0161a umjetni\u010dka djela blistavom nijansom, pouzdanom u\u010dinkovito\u0161\u0107u i izvanrednom vrijedno\u0161\u0107u.<\/p>\n<p>A\u017eurirajte svoje tiskarske operacije \u2013 otkrijte razliku koja je istinita <a href=\"https:\/\/plastisol-inks.com\/hr\/plastisol-tinta-za-sitotisak\/\"><strong>CMYK Plastisol tinta<\/strong><\/a> mo\u017ee doprinijeti imenu va\u0161eg brenda, va\u0161oj organizaciji i va\u0161im klijentima.<\/p>","protected":false},"excerpt":{"rendered":"<p>Premija <strong>Plastisol CMYK tinta<\/strong> od pouzdanog proizvo\u0111a\u010da plastisol tinte. Brzo se stvrdnjava, mekana na dodir i lako se \u010disti - savr\u0161eno za profesionalne sitotiskare.<\/p>","protected":false},"featured_media":7717,"template":"","meta":{"site-sidebar-layout":"default","site-content-layout":"","ast-site-content-layout":"default","site-content-style":"default","site-sidebar-style":"default","ast-global-header-display":"","ast-banner-title-visibility":"","ast-main-header-display":"","ast-hfb-above-header-display":"","ast-hfb-below-header-display":"","ast-hfb-mobile-header-display":"","site-post-title":"","ast-breadcrumbs-content":"","ast-featured-img":"","footer-sml-layout":"","theme-transparent-header-meta":"default","adv-header-id-meta":"","stick-header-meta":"","header-above-stick-meta":"","header-main-stick-meta":"","header-below-stick-meta":"","astra-migrate-meta-layouts":"set","ast-page-background-enabled":"default","ast-page-background-meta":{"desktop":{"background-color":"","background-image":"","background-repeat":"repeat","background-position":"center center","background-size":"auto","background-attachment":"scroll","background-type":"","background-media":"","overlay-type":"","overlay-color":"","overlay-gradient":""},"tablet":{"background-color":"","background-image":"","background-repeat":"repeat","background-position":"center center","background-size":"auto","background-attachment":"scroll","background-type":"","background-media":"","overlay-type":"","overlay-color":"","overlay-gradient":""},"mobile":{"background-color":"","background-image":"","background-repeat":"repeat","background-position":"center center","background-size":"auto","background-attachment":"scroll","background-type":"","background-media":"","overlay-type":"","overlay-color":"","overlay-gradient":""}},"ast-content-background-meta":{"desktop":{"background-color":"var(--ast-global-color-5)","background-image":"","background-repeat":"repeat","background-position":"center center","background-size":"auto","background-attachment":"scroll","background-type":"","background-media":"","overlay-type":"","overlay-color":"","overlay-gradient":""},"tablet":{"background-color":"var(--ast-global-color-5)","background-image":"","background-repeat":"repeat","background-position":"center center","background-size":"auto","background-attachment":"scroll","background-type":"","background-media":"","overlay-type":"","overlay-color":"","overlay-gradient":""},"mobile":{"background-color":"var(--ast-global-color-5)","background-image":"","background-repeat":"repeat","background-position":"center center","background-size":"auto","background-attachment":"scroll","background-type":"","background-media":"","overlay-type":"","overlay-color":"","overlay-gradient":""}}},"product_brand":[],"product_cat":[26,80,30,81],"product_tag":[],"class_list":{"0":"post-7716","1":"product","2":"type-product","3":"status-publish","4":"has-post-thumbnail","6":"product_cat-plastisol-inks","7":"product_cat-plastisol-ink-chjt-series","8":"product_cat-plastisol-ink-hf-series","9":"product_cat-plastisol-ink-sdla-series","10":"desktop-align-left","11":"tablet-align-left","12":"mobile-align-left","14":"first","15":"instock","16":"shipping-taxable","17":"product-type-simple"},"_links":{"self":[{"href":"https:\/\/plastisol-inks.com\/hr\/wp-json\/wp\/v2\/product\/7716","targetHints":{"allow":["GET"]}}],"collection":[{"href":"https:\/\/plastisol-inks.com\/hr\/wp-json\/wp\/v2\/product"}],"about":[{"href":"https:\/\/plastisol-inks.com\/hr\/wp-json\/wp\/v2\/types\/product"}],"wp:featuredmedia":[{"embeddable":true,"href":"https:\/\/plastisol-inks.com\/hr\/wp-json\/wp\/v2\/media\/7717"}],"wp:attachment":[{"href":"https:\/\/plastisol-inks.com\/hr\/wp-json\/wp\/v2\/media?parent=7716"}],"wp:term":[{"taxonomy":"product_brand","embeddable":true,"href":"https:\/\/plastisol-inks.com\/hr\/wp-json\/wp\/v2\/product_brand?post=7716"},{"taxonomy":"product_cat","embeddable":true,"href":"https:\/\/plastisol-inks.com\/hr\/wp-json\/wp\/v2\/product_cat?post=7716"},{"taxonomy":"product_tag","embeddable":true,"href":"https:\/\/plastisol-inks.com\/hr\/wp-json\/wp\/v2\/product_tag?post=7716"}],"curies":[{"name":"radni list","href":"https:\/\/api.w.org\/{rel}","templated":true}]}}