{"id":3532,"date":"2024-08-02T21:37:10","date_gmt":"2024-08-03T01:37:10","guid":{"rendered":"https:\/\/plastisol-inks.com\/?post_type=product&#038;p=3532"},"modified":"2024-08-08T04:13:46","modified_gmt":"2024-08-08T08:13:46","slug":"szitanyomas-narancsvoros-plasztiszol-tinta-hf-1303","status":"publish","type":"product","link":"https:\/\/plastisol-inks.com\/hu\/product\/screen-printing-orange-red-plastisol-ink-hf-1303\/","title":{"rendered":"Szitanyom\u00e1s narancsv\u00f6r\u00f6s plasztizol tinta \u2014 HF-1303"},"content":{"rendered":"<p>A kiv\u00e1l\u00f3 min\u0151s\u00e9g\u0171 szitanyom\u00f3 plasztiszol tinta \u00e9l\u00e9nk sz\u00edneket, kiv\u00e1l\u00f3 fed\u00e9st \u00e9s tart\u00f3ss\u00e1got biztos\u00edt a hossz\u00fa \u00e9lettartam\u00fa, professzion\u00e1lis nyomatok \u00e9rdek\u00e9ben.<br \/>\nHf-sorozat k\u00f6z\u00f6s k\u00f6rnyezetbar\u00e1t, ftal\u00e1tmentes, a k\u00f6z\u00f6ns\u00e9ges piacra alkalmas m\u00e1rk\u00e1k sz\u00e1m\u00e1ra, amely kiv\u00e1l\u00f3 rejt\u0151er\u0151t, tart\u00f3ss\u00e1got \u00e9s rugalmass\u00e1got k\u00edn\u00e1l, \u00e9s nem v\u00e9rzik. Rendk\u00edv\u00fcl j\u00f3l moshat\u00f3, fakul\u00e1s vagy roml\u00e1s n\u00e9lk\u00fcl.<br \/>\nKompatibilis a sz\u00f6vetek sz\u00e9les sk\u00e1l\u00e1j\u00e1val, bele\u00e9rtve a pamutot, poli\u00e9sztert \u00e9s kever\u00e9keket, \u00e9s alkalmas mind a k\u00e9zi, mind az automatikus nyomtat\u00e1si folyamatokhoz.<\/p>","protected":false},"excerpt":{"rendered":"<p>[sp_easyaccordion id=&#8221;1857&#8243;]<\/p>\n","protected":false},"featured_media":3539,"template":"","meta":{"site-sidebar-layout":"default","site-content-layout":"","ast-site-content-layout":"default","site-content-style":"default","site-sidebar-style":"default","ast-global-header-display":"","ast-banner-title-visibility":"","ast-main-header-display":"","ast-hfb-above-header-display":"","ast-hfb-below-header-display":"","ast-hfb-mobile-header-display":"","site-post-title":"","ast-breadcrumbs-content":"","ast-featured-img":"","footer-sml-layout":"","theme-transparent-header-meta":"default","adv-header-id-meta":"","stick-header-meta":"","header-above-stick-meta":"","header-main-stick-meta":"","header-below-stick-meta":"","astra-migrate-meta-layouts":"set","ast-page-background-enabled":"default","ast-page-background-meta":{"desktop":{"background-color":"","background-image":"","background-repeat":"repeat","background-position":"center center","background-size":"auto","background-attachment":"scroll","background-type":"","background-media":"","overlay-type":"","overlay-color":"","overlay-gradient":""},"tablet":{"background-color":"","background-image":"","background-repeat":"repeat","background-position":"center center","background-size":"auto","background-attachment":"scroll","background-type":"","background-media":"","overlay-type":"","overlay-color":"","overlay-gradient":""},"mobile":{"background-color":"","background-image":"","background-repeat":"repeat","background-position":"center center","background-size":"auto","background-attachment":"scroll","background-type":"","background-media":"","overlay-type":"","overlay-color":"","overlay-gradient":""}},"ast-content-background-meta":{"desktop":{"background-color":"var(--ast-global-color-5)","background-image":"","background-repeat":"repeat","background-position":"center center","background-size":"auto","background-attachment":"scroll","background-type":"","background-media":"","overlay-type":"","overlay-color":"","overlay-gradient":""},"tablet":{"background-color":"var(--ast-global-color-5)","background-image":"","background-repeat":"repeat","background-position":"center center","background-size":"auto","background-attachment":"scroll","background-type":"","background-media":"","overlay-type":"","overlay-color":"","overlay-gradient":""},"mobile":{"background-color":"var(--ast-global-color-5)","background-image":"","background-repeat":"repeat","background-position":"center center","background-size":"auto","background-attachment":"scroll","background-type":"","background-media":"","overlay-type":"","overlay-color":"","overlay-gradient":""}}},"product_brand":[],"product_cat":[30,26],"product_tag":[74,79],"class_list":{"0":"post-3532","1":"product","2":"type-product","3":"status-publish","4":"has-post-thumbnail","6":"product_cat-plastisol-ink-hf-series","7":"product_cat-plastisol-inks","8":"product_tag-silk-screen-paint","9":"product_tag-t-shirt-printing-ink","10":"desktop-align-left","11":"tablet-align-left","12":"mobile-align-left","14":"first","15":"instock","16":"shipping-taxable","17":"purchasable","18":"product-type-variable"},"_links":{"self":[{"href":"https:\/\/plastisol-inks.com\/hu\/wp-json\/wp\/v2\/product\/3532","targetHints":{"allow":["GET"]}}],"collection":[{"href":"https:\/\/plastisol-inks.com\/hu\/wp-json\/wp\/v2\/product"}],"about":[{"href":"https:\/\/plastisol-inks.com\/hu\/wp-json\/wp\/v2\/types\/product"}],"wp:featuredmedia":[{"embeddable":true,"href":"https:\/\/plastisol-inks.com\/hu\/wp-json\/wp\/v2\/media\/3539"}],"wp:attachment":[{"href":"https:\/\/plastisol-inks.com\/hu\/wp-json\/wp\/v2\/media?parent=3532"}],"wp:term":[{"taxonomy":"product_brand","embeddable":true,"href":"https:\/\/plastisol-inks.com\/hu\/wp-json\/wp\/v2\/product_brand?post=3532"},{"taxonomy":"product_cat","embeddable":true,"href":"https:\/\/plastisol-inks.com\/hu\/wp-json\/wp\/v2\/product_cat?post=3532"},{"taxonomy":"product_tag","embeddable":true,"href":"https:\/\/plastisol-inks.com\/hu\/wp-json\/wp\/v2\/product_tag?post=3532"}],"curies":[{"name":"munkaf\u00fczet","href":"https:\/\/api.w.org\/{rel}","templated":true}]}}