{"id":7716,"date":"2025-07-29T05:31:02","date_gmt":"2025-07-29T09:31:02","guid":{"rendered":"https:\/\/plastisol-inks.com\/?post_type=product&#038;p=7716"},"modified":"2025-07-29T05:32:41","modified_gmt":"2025-07-29T09:32:41","slug":"plasztiszol-cmyk-tinta-plasztiszol-tinta-odm","status":"publish","type":"product","link":"https:\/\/plastisol-inks.com\/hu\/product\/plastisol-cmyk-ink-plastisol-ink-odm\/","title":{"rendered":"Plasztiszol CMYK tinta"},"content":{"rendered":"<p>Engedje szabadj\u00e1ra a teljes \u00e1rnyalatspektrumot szitanyom\u00e1si munk\u00e1iban a mi ... <strong>Plasztiszol CMYK tinta<\/strong>, a piac legjobb v\u00e1laszt\u00e1sa a mer\u00e9sz, nagy felbont\u00e1s\u00fa nyomatokhoz. Tapasztalt szakemberk\u00e9nt <strong><a href=\"https:\/\/plastisol-inks.com\/hu\/\">Plastisol tinta gy\u00e1rt\u00f3ja<\/a><\/strong>, elk\u00f6telezettek vagyunk amellett, hogy minden szint\u0171 nyomtat\u00f3t k\u00edn\u00e1ljunk <strong>CMYK plasztiszol tinta<\/strong> ami nemcsak k\u00f6nnyen haszn\u00e1lhat\u00f3, de a legmagasabb teljes\u00edtm\u00e9nyi \u00e9s biztons\u00e1gi szabv\u00e1nyoknak is megfelel.<\/p>\n<p>Mindkett\u0151nk <a href=\"https:\/\/plastisol-inks.com\/hu\/hf-sorozat\/\"><strong>HF sorozat<\/strong> <strong>Plasztiszol tinta<\/strong><\/a>, <a href=\"https:\/\/plastisol-inks.com\/hu\/szitanyomas-plasztiszol-tinta\/chjt-sorozat\/\"><strong>CHJT sorozat<\/strong> <strong>Plasztiszol tinta<\/strong><\/a> \u00e9s <a href=\"https:\/\/plastisol-inks.com\/hu\/scla-sorozat\/\"><strong>SDLA sorozat\u00fa plasztiszol tinta<\/strong><\/a> aj\u00e1nlat <strong data-start=\"179\" data-end=\"202\">Plasztiszol CMYK fest\u00e9kek<\/strong> teljesen k\u00f6rnyezetbar\u00e1t lehet\u0151s\u00e9gekkel <strong data-start=\"249\" data-end=\"267\">ftal\u00e1t mentes<\/strong>\u00a0vagy\u00a0<strong data-start=\"272\" data-end=\"284\">PVC mentes<\/strong>, biztos\u00edtva, hogy a nyomatok biztons\u00e1gosak legyenek mind a gy\u00e1rt\u00f3k, mind a v\u00e9gfelhaszn\u00e1l\u00f3k sz\u00e1m\u00e1ra. \u00dagy tervezt\u00e9k, hogy k\u00f6zvetlen\u00fcl nyomtathasson k\u00fcl\u00f6nf\u00e9le ruhadarabokra \u2013 p\u00f3l\u00f3kra, kapucnis pul\u00f3verekre, v\u00e1szont\u00e1sk\u00e1kra, p\u00f3l\u00f3kra \u00e9s sok m\u00e1sra \u2013, ez a tinta puha, k\u00e9nyelmes \u00e9rzetet biztos\u00edt, amelyet a v\u00e1s\u00e1rl\u00f3k \u00e9lvezni fognak.<\/p>\n<p><strong>Professzion\u00e1lis eredm\u00e9nyek minden nyomattal:<\/strong><br \/>\nPrec\u00edz \u00e9s vibr\u00e1l\u00f3 kialak\u00edt\u00e1sra tervezve, <strong>CMYK plasztiszol tinta<\/strong> Tiszta ci\u00e1n, b\u00edbor, s\u00e1rga \u00e9s fekete pigmenteket tartalmaz a pontos sz\u00ednvisszaad\u00e1s \u00e9rdek\u00e9ben. R\u00e9szletes, fot\u00f3szer\u0171 grafik\u00e1kat \u00e9s sima lejt\u0151ket hozhat l\u00e9tre vil\u00e1gos vagy k\u00f6zepes t\u00f3nus\u00fa anyagokon. S\u00f6t\u00e9t ruh\u00e1khoz egyszer\u0171en vigyen fel egy fak\u00f3 feh\u00e9r alapoz\u00f3t, \u00e9s ragassza fel CMYK sz\u00edneivel a kiemelked\u0151 fed\u00e9s \u00e9s a sz\u00ednek csillog\u00e1sa \u00e9rdek\u00e9ben.<\/p>\n<p><img fetchpriority=\"high\" decoding=\"async\" class=\"alignnone size-medium wp-image-7718\" src=\"https:\/\/plastisol-inks.com\/wp-content\/uploads\/2025\/07\/plastisol-CMYK-ink-300x247.png\" alt=\"plasztiszol CMYK tinta\" width=\"300\" height=\"247\" title=\"plasztiszol fest\u00e9kek\" srcset=\"https:\/\/plastisol-inks.com\/wp-content\/uploads\/2025\/07\/plastisol-CMYK-ink-300x247.png 300w, https:\/\/plastisol-inks.com\/wp-content\/uploads\/2025\/07\/plastisol-CMYK-ink-15x12.png 15w, https:\/\/plastisol-inks.com\/wp-content\/uploads\/2025\/07\/plastisol-CMYK-ink.png 532w\" sizes=\"(max-width: 300px) 100vw, 300px\" \/><\/p>\n<p><strong>Gyors \u00e9s megb\u00edzhat\u00f3 kikem\u00e9nyed\u00e9s:<\/strong><br \/>\nA hat\u00e9konys\u00e1g kulcsfontoss\u00e1g\u00fa a rekl\u00e1mnyomtat\u00e1sban. Fest\u00e9k\u00fcnk m\u00e1sodpercek alatt vill\u00e1mgyorsan sz\u00e1rad, minimaliz\u00e1lva a v\u00e1rakoz\u00e1si id\u0151t \u00e9s n\u00f6velve a termel\u00e9kenys\u00e9get. Teljes, mos\u00e1s\u00e1ll\u00f3 eredm\u00e9nyt \u00e9rhet el 153\u2013170 \u00b0C-on (307\u2013338 \u00b0F) h\u0151pr\u00e9s, vill\u00e1mgyors sz\u00e1r\u00edt\u00f3 vagy \u00e1tmen\u0151 ruhasz\u00e1r\u00edt\u00f3 seg\u00edts\u00e9g\u00e9vel. M\u00edg kis p\u00e9ld\u00e1nysz\u00e1mokhoz meleg pisztoly is haszn\u00e1lhat\u00f3, az optim\u00e1lis tart\u00f3ss\u00e1g \u00e9rdek\u00e9ben speci\u00e1lis sz\u00e1r\u00edt\u00e1st javasolunk.<\/p>\n<p><strong>Rugalmas \u00e9s felhaszn\u00e1l\u00f3bar\u00e1t:<\/strong><br \/>\nEz a plasztiszol fest\u00e9k t\u00f6k\u00e9letes mind a k\u00e9zi, mind az automatikus nyomdag\u00e9pekhez, \u00e9s ide\u00e1lisan teljes\u00edt 32T \u00e9s 55T k\u00f6z\u00f6tti h\u00e1l\u00f3szemcs\u00e9khez. Sima \u00e1llaga \u00e9s kiv\u00e1l\u00f3 foly\u00e1si k\u00e9pess\u00e9ge minimaliz\u00e1lja a kijelz\u0151 eltakar\u00e1s\u00e1t, \u00e9s nagyon egyszer\u0171v\u00e9 teszi a be\u00e1ll\u00edt\u00e1st, m\u00e9g a kezd\u0151k sz\u00e1m\u00e1ra is. A legjobb eredm\u00e9ny el\u00e9r\u00e9se \u00e9rdek\u00e9ben haszn\u00e1ljon plasztiszol-\u00e1ll\u00f3 megold\u00e1st, p\u00e9ld\u00e1ul One Coat vagy Hybrid Plus kollekci\u00f3nkat.<\/p>\n<p><strong>Egyszer\u0171 \u00e9s k\u00f6nny\u0171 tiszt\u00edt\u00e1s \u00e9s karbantart\u00e1s:<\/strong><br \/>\nA nyomtat\u00e1s ut\u00e1ni takar\u00edt\u00e1s alapvet\u0151 \u2013 nagy hat\u00e9konys\u00e1g\u00fa kijelz\u0151tiszt\u00edt\u00f3nk gyorsan elt\u00e1vol\u00edtja a tintalerak\u00f3d\u00e1sokat, m\u00edg k\u00f6rnyezetbar\u00e1t, term\u00e9szetes alternat\u00edv\u00e1ink z\u00f6ldebb alternat\u00edv\u00e1t k\u00edn\u00e1lnak. Kijelz\u0151i biztosan tiszt\u00e1k \u00e9s k\u00e9szen \u00e1llnak a k\u00f6vetkez\u0151 feladatra, pillanatok alatt.<\/p>\n<p><strong>Mi\u00e9rt v\u00e1lasszon minket plasztiszol fest\u00e9kgy\u00e1rt\u00f3j\u00e1nak?<\/strong><br \/>\nSok\u00e9ves szak\u00e9rtelemmel elk\u00f6telezettek vagyunk a min\u0151s\u00e9g, a k\u00f6lts\u00e9gek \u00e9s az \u00fcgyf\u00e9lszolg\u00e1lat ir\u00e1nt. Ak\u00e1r egy nagy nyomd\u00e1t, ak\u00e1r egy helyi v\u00e1llalkoz\u00e1st \u00fczemeltet, ak\u00e1r otthoni bark\u00e1csnyomtat\u00e1sban leli \u00f6r\u00f6m\u00e9t, a mi... <strong>Plasztiszol CMYK tinta<\/strong> k\u00e1pr\u00e1zatos sz\u00ednekkel, megb\u00edzhat\u00f3 hat\u00e9konys\u00e1ggal \u00e9s rendk\u00edv\u00fcli \u00e9rt\u00e9kkel kelti \u00e9letre m\u0171alkot\u00e1sait.<\/p>\n<p>Friss\u00edtse nyomtat\u00e1si m\u0171veleteit \u2013 fedezze fel a val\u00f3di k\u00fcl\u00f6nbs\u00e9get <a href=\"https:\/\/plastisol-inks.com\/hu\/szitanyomas-plasztiszol-tinta\/\"><strong>CMYK plasztiszol tinta<\/strong><\/a> hozz\u00e1j\u00e1rulhat a m\u00e1rkan\u00e9v, a szervezet \u00e9s az \u00fcgyfelek n\u00e9pszer\u0171s\u00e9g\u00e9hez.<\/p>","protected":false},"excerpt":{"rendered":"<p>Pr\u00e9mium <strong>Plasztiszol CMYK tinta<\/strong> Megb\u00edzhat\u00f3 Plastisol fest\u00e9kgy\u00e1rt\u00f3t\u00f3l. Gyorsan sz\u00e1rad\u00f3, puha tapint\u00e1s\u00fa \u00e9s k\u00f6nnyen tiszt\u00edthat\u00f3 \u2013 t\u00f6k\u00e9letes professzion\u00e1lis szitanyomd\u00e1k sz\u00e1m\u00e1ra.<\/p>","protected":false},"featured_media":7717,"template":"","meta":{"site-sidebar-layout":"default","site-content-layout":"","ast-site-content-layout":"default","site-content-style":"default","site-sidebar-style":"default","ast-global-header-display":"","ast-banner-title-visibility":"","ast-main-header-display":"","ast-hfb-above-header-display":"","ast-hfb-below-header-display":"","ast-hfb-mobile-header-display":"","site-post-title":"","ast-breadcrumbs-content":"","ast-featured-img":"","footer-sml-layout":"","theme-transparent-header-meta":"default","adv-header-id-meta":"","stick-header-meta":"","header-above-stick-meta":"","header-main-stick-meta":"","header-below-stick-meta":"","astra-migrate-meta-layouts":"set","ast-page-background-enabled":"default","ast-page-background-meta":{"desktop":{"background-color":"","background-image":"","background-repeat":"repeat","background-position":"center center","background-size":"auto","background-attachment":"scroll","background-type":"","background-media":"","overlay-type":"","overlay-color":"","overlay-gradient":""},"tablet":{"background-color":"","background-image":"","background-repeat":"repeat","background-position":"center center","background-size":"auto","background-attachment":"scroll","background-type":"","background-media":"","overlay-type":"","overlay-color":"","overlay-gradient":""},"mobile":{"background-color":"","background-image":"","background-repeat":"repeat","background-position":"center center","background-size":"auto","background-attachment":"scroll","background-type":"","background-media":"","overlay-type":"","overlay-color":"","overlay-gradient":""}},"ast-content-background-meta":{"desktop":{"background-color":"var(--ast-global-color-5)","background-image":"","background-repeat":"repeat","background-position":"center center","background-size":"auto","background-attachment":"scroll","background-type":"","background-media":"","overlay-type":"","overlay-color":"","overlay-gradient":""},"tablet":{"background-color":"var(--ast-global-color-5)","background-image":"","background-repeat":"repeat","background-position":"center center","background-size":"auto","background-attachment":"scroll","background-type":"","background-media":"","overlay-type":"","overlay-color":"","overlay-gradient":""},"mobile":{"background-color":"var(--ast-global-color-5)","background-image":"","background-repeat":"repeat","background-position":"center center","background-size":"auto","background-attachment":"scroll","background-type":"","background-media":"","overlay-type":"","overlay-color":"","overlay-gradient":""}}},"product_brand":[],"product_cat":[26,80,30,81],"product_tag":[],"class_list":{"0":"post-7716","1":"product","2":"type-product","3":"status-publish","4":"has-post-thumbnail","6":"product_cat-plastisol-inks","7":"product_cat-plastisol-ink-chjt-series","8":"product_cat-plastisol-ink-hf-series","9":"product_cat-plastisol-ink-sdla-series","10":"desktop-align-left","11":"tablet-align-left","12":"mobile-align-left","14":"first","15":"instock","16":"shipping-taxable","17":"product-type-simple"},"_links":{"self":[{"href":"https:\/\/plastisol-inks.com\/hu\/wp-json\/wp\/v2\/product\/7716","targetHints":{"allow":["GET"]}}],"collection":[{"href":"https:\/\/plastisol-inks.com\/hu\/wp-json\/wp\/v2\/product"}],"about":[{"href":"https:\/\/plastisol-inks.com\/hu\/wp-json\/wp\/v2\/types\/product"}],"wp:featuredmedia":[{"embeddable":true,"href":"https:\/\/plastisol-inks.com\/hu\/wp-json\/wp\/v2\/media\/7717"}],"wp:attachment":[{"href":"https:\/\/plastisol-inks.com\/hu\/wp-json\/wp\/v2\/media?parent=7716"}],"wp:term":[{"taxonomy":"product_brand","embeddable":true,"href":"https:\/\/plastisol-inks.com\/hu\/wp-json\/wp\/v2\/product_brand?post=7716"},{"taxonomy":"product_cat","embeddable":true,"href":"https:\/\/plastisol-inks.com\/hu\/wp-json\/wp\/v2\/product_cat?post=7716"},{"taxonomy":"product_tag","embeddable":true,"href":"https:\/\/plastisol-inks.com\/hu\/wp-json\/wp\/v2\/product_tag?post=7716"}],"curies":[{"name":"munkaf\u00fczet","href":"https:\/\/api.w.org\/{rel}","templated":true}]}}