{"id":7716,"date":"2025-07-29T05:31:02","date_gmt":"2025-07-29T09:31:02","guid":{"rendered":"https:\/\/plastisol-inks.com\/?post_type=product&#038;p=7716"},"modified":"2025-07-29T05:32:41","modified_gmt":"2025-07-29T09:32:41","slug":"inchiostro-plastisol-cmyk-inchiostro-plastisol-odm","status":"publish","type":"product","link":"https:\/\/plastisol-inks.com\/it\/product\/plastisol-cmyk-ink-plastisol-ink-odm\/","title":{"rendered":"Inchiostro Plastisol CMYK"},"content":{"rendered":"<p>Sblocca l&#039;intero spettro di tonalit\u00e0 nei tuoi lavori di serigrafia con il nostro <strong>Inchiostro Plastisol CMYK<\/strong>, l&#039;opzione del mercato per stampe audaci e ad alta risoluzione. Come esperto <strong><a href=\"https:\/\/plastisol-inks.com\/it\/\">Produttore di inchiostri plastisol<\/a><\/strong>, ci impegniamo a offrire alle stampanti di tutti i livelli un <strong>Inchiostro plastisol CMYK<\/strong> che non \u00e8 solo facile da usare, ma soddisfa anche i pi\u00f9 elevati standard di prestazioni e sicurezza.<\/p>\n<p>Entrambi i nostri <a href=\"https:\/\/plastisol-inks.com\/it\/serie-hf\/\"><strong>Serie HF<\/strong> <strong>Inchiostro plastisol<\/strong><\/a>, <a href=\"https:\/\/plastisol-inks.com\/it\/inchiostro-plastisol-per-serigrafia\/serie-chjt\/\"><strong>Serie CHJT<\/strong> <strong>Inchiostro plastisol<\/strong><\/a> e <a href=\"https:\/\/plastisol-inks.com\/it\/serie-scla\/\"><strong>Inchiostro Plastisol serie SDLA<\/strong><\/a> offerta <strong data-start=\"179\" data-end=\"202\">Inchiostri Plastisol CMYK<\/strong> con opzioni ecocompatibili completamente <strong data-start=\"249\" data-end=\"267\">senza ftalati<\/strong>\u00a0o\u00a0<strong data-start=\"272\" data-end=\"284\">Senza PVC<\/strong>, garantendo la sicurezza delle stampe sia per i produttori che per gli utenti finali. Progettato per la stampa diretta su una vasta gamma di capi di abbigliamento (t-shirt, felpe con cappuccio, borse in tela, polo e molto altro), questo inchiostro offre una sensazione morbida e confortevole al tatto, molto apprezzata dai clienti.<\/p>\n<p><strong>Risultati professionali con ogni stampa:<\/strong><br \/>\nSviluppato per precisione e vivacit\u00e0, il nostro <strong>Inchiostro plastisol CMYK<\/strong> Include pigmenti puri di ciano, magenta, giallo e nero per una riproduzione accurata dei colori di processo. Ottieni grafiche dettagliate di qualit\u00e0 fotografica e pendenze uniformi su materiali chiari o di tonalit\u00e0 media. Per i capi scuri, \u00e8 sufficiente applicare una base bianca e applicarla ai colori CMYK per una copertura eccezionale e una brillantezza cromatica.<\/p>\n<p><img fetchpriority=\"high\" decoding=\"async\" class=\"alignnone size-medium wp-image-7718\" src=\"https:\/\/plastisol-inks.com\/wp-content\/uploads\/2025\/07\/plastisol-CMYK-ink-300x247.png\" alt=\"inchiostro plastisol CMYK\" width=\"300\" height=\"247\" title=\"inchiostri plastisol\" srcset=\"https:\/\/plastisol-inks.com\/wp-content\/uploads\/2025\/07\/plastisol-CMYK-ink-300x247.png 300w, https:\/\/plastisol-inks.com\/wp-content\/uploads\/2025\/07\/plastisol-CMYK-ink-15x12.png 15w, https:\/\/plastisol-inks.com\/wp-content\/uploads\/2025\/07\/plastisol-CMYK-ink.png 532w\" sizes=\"(max-width: 300px) 100vw, 300px\" \/><\/p>\n<p><strong>Polimerizzazione rapida e affidabile:<\/strong><br \/>\nL&#039;efficienza \u00e8 fondamentale nella stampa di display. Il nostro inchiostro asciuga rapidamente in pochi secondi, riducendo al minimo i tempi di attesa e aumentando la produttivit\u00e0. Ottieni una soluzione completa e resistente al lavaggio a 153\u2013170 \u00b0C (307\u2013338 \u00b0F) utilizzando una pressa a caldo, un essiccatore rapido o un asciugatore a tamburo. Sebbene una pistola a caldo possa essere utilizzata per piccole tirature, consigliamo una polimerizzazione professionale per una resistenza ottimale.<\/p>\n<p><strong>Flessibile e facile da usare:<\/strong><br \/>\nQuesto inchiostro plastisol \u00e8 perfetto sia per macchine da stampa manuali che automatiche e offre prestazioni ottimali con tessuti tra 32T e 55T. La sua consistenza fluida e l&#039;eccellente fluidit\u00e0 riducono al minimo l&#039;ostruzione del display e semplificano notevolmente l&#039;installazione, anche per i principianti. Per risultati ottimali, utilizzare una soluzione resistente al plastisol come la nostra collezione One Coat o Hybrid Plus.<\/p>\n<p><strong>Pulizia e manutenzione semplici e facili:<\/strong><br \/>\nLa pulizia dopo la stampa \u00e8 fondamentale: il nostro detergente per display ad alta resistenza elimina rapidamente i depositi di inchiostro, mentre le nostre alternative naturali ed ecologiche offrono un&#039;alternativa pi\u00f9 ecologica. I tuoi display saranno puliti e pronti per il lavoro successivo in pochissimo tempo.<\/p>\n<p><strong>Perch\u00e9 sceglierci come produttore di inchiostro plastisol?<\/strong><br \/>\nCon anni di competenza, ci impegniamo a garantire qualit\u00e0, costi contenuti e assistenza clienti. Che tu gestisca una grande tipografia, un&#039;attivit\u00e0 locale o ti diletti nella stampa fai da te a casa, il nostro <strong>Inchiostro Plastisol CMYK<\/strong> d\u00e0 vita alla tua opera d&#039;arte con tonalit\u00e0 abbaglianti, efficienza affidabile e valore straordinario.<\/p>\n<p>Aggiorna le tue operazioni di stampa: scopri la vera differenza <a href=\"https:\/\/plastisol-inks.com\/it\/inchiostro-plastisol-per-serigrafia\/\"><strong>Inchiostro plastisol CMYK<\/strong><\/a> pu\u00f2 fare al caso tuo, della tua organizzazione e dei tuoi clienti.<\/p>","protected":false},"excerpt":{"rendered":"<p>Premio <strong>Inchiostro Plastisol CMYK<\/strong> Da un produttore di inchiostri Plastisol di fiducia. Polimerizzazione rapida, morbidezza al tatto e facilit\u00e0 di pulizia: perfetti per gli stampatori serigrafici professionali.<\/p>","protected":false},"featured_media":7717,"template":"","meta":{"site-sidebar-layout":"default","site-content-layout":"","ast-site-content-layout":"default","site-content-style":"default","site-sidebar-style":"default","ast-global-header-display":"","ast-banner-title-visibility":"","ast-main-header-display":"","ast-hfb-above-header-display":"","ast-hfb-below-header-display":"","ast-hfb-mobile-header-display":"","site-post-title":"","ast-breadcrumbs-content":"","ast-featured-img":"","footer-sml-layout":"","theme-transparent-header-meta":"default","adv-header-id-meta":"","stick-header-meta":"","header-above-stick-meta":"","header-main-stick-meta":"","header-below-stick-meta":"","astra-migrate-meta-layouts":"set","ast-page-background-enabled":"default","ast-page-background-meta":{"desktop":{"background-color":"","background-image":"","background-repeat":"repeat","background-position":"center center","background-size":"auto","background-attachment":"scroll","background-type":"","background-media":"","overlay-type":"","overlay-color":"","overlay-gradient":""},"tablet":{"background-color":"","background-image":"","background-repeat":"repeat","background-position":"center center","background-size":"auto","background-attachment":"scroll","background-type":"","background-media":"","overlay-type":"","overlay-color":"","overlay-gradient":""},"mobile":{"background-color":"","background-image":"","background-repeat":"repeat","background-position":"center center","background-size":"auto","background-attachment":"scroll","background-type":"","background-media":"","overlay-type":"","overlay-color":"","overlay-gradient":""}},"ast-content-background-meta":{"desktop":{"background-color":"var(--ast-global-color-5)","background-image":"","background-repeat":"repeat","background-position":"center center","background-size":"auto","background-attachment":"scroll","background-type":"","background-media":"","overlay-type":"","overlay-color":"","overlay-gradient":""},"tablet":{"background-color":"var(--ast-global-color-5)","background-image":"","background-repeat":"repeat","background-position":"center center","background-size":"auto","background-attachment":"scroll","background-type":"","background-media":"","overlay-type":"","overlay-color":"","overlay-gradient":""},"mobile":{"background-color":"var(--ast-global-color-5)","background-image":"","background-repeat":"repeat","background-position":"center center","background-size":"auto","background-attachment":"scroll","background-type":"","background-media":"","overlay-type":"","overlay-color":"","overlay-gradient":""}}},"product_brand":[],"product_cat":[26,80,30,81],"product_tag":[],"class_list":{"0":"post-7716","1":"product","2":"type-product","3":"status-publish","4":"has-post-thumbnail","6":"product_cat-plastisol-inks","7":"product_cat-plastisol-ink-chjt-series","8":"product_cat-plastisol-ink-hf-series","9":"product_cat-plastisol-ink-sdla-series","10":"desktop-align-left","11":"tablet-align-left","12":"mobile-align-left","14":"first","15":"instock","16":"shipping-taxable","17":"product-type-simple"},"_links":{"self":[{"href":"https:\/\/plastisol-inks.com\/it\/wp-json\/wp\/v2\/product\/7716","targetHints":{"allow":["GET"]}}],"collection":[{"href":"https:\/\/plastisol-inks.com\/it\/wp-json\/wp\/v2\/product"}],"about":[{"href":"https:\/\/plastisol-inks.com\/it\/wp-json\/wp\/v2\/types\/product"}],"wp:featuredmedia":[{"embeddable":true,"href":"https:\/\/plastisol-inks.com\/it\/wp-json\/wp\/v2\/media\/7717"}],"wp:attachment":[{"href":"https:\/\/plastisol-inks.com\/it\/wp-json\/wp\/v2\/media?parent=7716"}],"wp:term":[{"taxonomy":"product_brand","embeddable":true,"href":"https:\/\/plastisol-inks.com\/it\/wp-json\/wp\/v2\/product_brand?post=7716"},{"taxonomy":"product_cat","embeddable":true,"href":"https:\/\/plastisol-inks.com\/it\/wp-json\/wp\/v2\/product_cat?post=7716"},{"taxonomy":"product_tag","embeddable":true,"href":"https:\/\/plastisol-inks.com\/it\/wp-json\/wp\/v2\/product_tag?post=7716"}],"curies":[{"name":"parola chiave","href":"https:\/\/api.w.org\/{rel}","templated":true}]}}