{"id":4123,"date":"2024-08-05T05:19:27","date_gmt":"2024-08-05T09:19:27","guid":{"rendered":"https:\/\/plastisol-inks.com\/?post_type=product&#038;p=4123"},"modified":"2024-08-08T03:25:34","modified_gmt":"2024-08-08T07:25:34","slug":"sitodruk-fluorescencyjny-rozowy-tusz-plastizolowy-chjt-1806","status":"publish","type":"product","link":"https:\/\/plastisol-inks.com\/pl\/product\/screen-printing-fluorescent-pink-plastisol-ink-chjt-1806\/","title":{"rendered":"Sitodruk Fluorescencyjny r\u00f3\u017cowy tusz plastizolowy \u2014 CHJT-1806"},"content":{"rendered":"<p>Wysokiej jako\u015bci farba plastizolowa do sitodruku zapewnia \u017cywe kolory, doskona\u0142e krycie i trwa\u0142o\u015b\u0107, zapewniaj\u0105c d\u0142ugotrwa\u0142e, profesjonalne wydruki.<br \/>\nSeria CHJT Ekologiczna seria Mid-high bez ftalan\u00f3w, odpowiednia dla marek ze \u015bredniej p\u00f3\u0142ki cenowej, kt\u00f3ra oferuje doskona\u0142\u0105 si\u0142\u0119 krycia, trwa\u0142o\u015b\u0107 i odporno\u015b\u0107 oraz nie krwawi. Jest wyj\u0105tkowo zmywalna, nie blaknie ani nie niszczeje.<br \/>\nJest kompatybilny z szerok\u0105 gam\u0105 tkanin, w tym bawe\u0142n\u0105, poliestrem i mieszankami, i nadaje si\u0119 zar\u00f3wno do r\u0119cznych, jak i automatycznych proces\u00f3w drukowania.<\/p>","protected":false},"excerpt":{"rendered":"<p>[sp_easyaccordion id=&#8221;1857&#8243;]<\/p>\n","protected":false},"featured_media":3828,"template":"","meta":{"site-sidebar-layout":"default","site-content-layout":"","ast-site-content-layout":"default","site-content-style":"default","site-sidebar-style":"default","ast-global-header-display":"","ast-banner-title-visibility":"","ast-main-header-display":"","ast-hfb-above-header-display":"","ast-hfb-below-header-display":"","ast-hfb-mobile-header-display":"","site-post-title":"","ast-breadcrumbs-content":"","ast-featured-img":"","footer-sml-layout":"","theme-transparent-header-meta":"default","adv-header-id-meta":"","stick-header-meta":"","header-above-stick-meta":"","header-main-stick-meta":"","header-below-stick-meta":"","astra-migrate-meta-layouts":"set","ast-page-background-enabled":"default","ast-page-background-meta":{"desktop":{"background-color":"","background-image":"","background-repeat":"repeat","background-position":"center center","background-size":"auto","background-attachment":"scroll","background-type":"","background-media":"","overlay-type":"","overlay-color":"","overlay-gradient":""},"tablet":{"background-color":"","background-image":"","background-repeat":"repeat","background-position":"center center","background-size":"auto","background-attachment":"scroll","background-type":"","background-media":"","overlay-type":"","overlay-color":"","overlay-gradient":""},"mobile":{"background-color":"","background-image":"","background-repeat":"repeat","background-position":"center center","background-size":"auto","background-attachment":"scroll","background-type":"","background-media":"","overlay-type":"","overlay-color":"","overlay-gradient":""}},"ast-content-background-meta":{"desktop":{"background-color":"var(--ast-global-color-5)","background-image":"","background-repeat":"repeat","background-position":"center center","background-size":"auto","background-attachment":"scroll","background-type":"","background-media":"","overlay-type":"","overlay-color":"","overlay-gradient":""},"tablet":{"background-color":"var(--ast-global-color-5)","background-image":"","background-repeat":"repeat","background-position":"center center","background-size":"auto","background-attachment":"scroll","background-type":"","background-media":"","overlay-type":"","overlay-color":"","overlay-gradient":""},"mobile":{"background-color":"var(--ast-global-color-5)","background-image":"","background-repeat":"repeat","background-position":"center center","background-size":"auto","background-attachment":"scroll","background-type":"","background-media":"","overlay-type":"","overlay-color":"","overlay-gradient":""}}},"product_brand":[],"product_cat":[19,80],"product_tag":[74,79],"class_list":{"0":"post-4123","1":"product","2":"type-product","3":"status-publish","4":"has-post-thumbnail","6":"product_cat-uncategorized","7":"product_cat-plastisol-ink-chjt-series","8":"product_tag-silk-screen-paint","9":"product_tag-t-shirt-printing-ink","10":"desktop-align-left","11":"tablet-align-left","12":"mobile-align-left","14":"first","15":"instock","16":"shipping-taxable","17":"purchasable","18":"product-type-variable"},"_links":{"self":[{"href":"https:\/\/plastisol-inks.com\/pl\/wp-json\/wp\/v2\/product\/4123","targetHints":{"allow":["GET"]}}],"collection":[{"href":"https:\/\/plastisol-inks.com\/pl\/wp-json\/wp\/v2\/product"}],"about":[{"href":"https:\/\/plastisol-inks.com\/pl\/wp-json\/wp\/v2\/types\/product"}],"wp:featuredmedia":[{"embeddable":true,"href":"https:\/\/plastisol-inks.com\/pl\/wp-json\/wp\/v2\/media\/3828"}],"wp:attachment":[{"href":"https:\/\/plastisol-inks.com\/pl\/wp-json\/wp\/v2\/media?parent=4123"}],"wp:term":[{"taxonomy":"product_brand","embeddable":true,"href":"https:\/\/plastisol-inks.com\/pl\/wp-json\/wp\/v2\/product_brand?post=4123"},{"taxonomy":"product_cat","embeddable":true,"href":"https:\/\/plastisol-inks.com\/pl\/wp-json\/wp\/v2\/product_cat?post=4123"},{"taxonomy":"product_tag","embeddable":true,"href":"https:\/\/plastisol-inks.com\/pl\/wp-json\/wp\/v2\/product_tag?post=4123"}],"curies":[{"name":"wp","href":"https:\/\/api.w.org\/{rel}","templated":true}]}}