{"id":7716,"date":"2025-07-29T05:31:02","date_gmt":"2025-07-29T09:31:02","guid":{"rendered":"https:\/\/plastisol-inks.com\/?post_type=product&#038;p=7716"},"modified":"2025-07-29T05:32:41","modified_gmt":"2025-07-29T09:32:41","slug":"atrament-plastizolowy-cmyk-atrament-plastizolowy-odm","status":"publish","type":"product","link":"https:\/\/plastisol-inks.com\/pl\/product\/plastisol-cmyk-ink-plastisol-ink-odm\/","title":{"rendered":"Tusz Plastisol CMYK"},"content":{"rendered":"<p>Odkryj pe\u0142ne spektrum odcieni w swoich pracach sitodrukowych dzi\u0119ki naszym <strong>Tusz Plastisol CMYK<\/strong>, opcja rynkowa dla wyrazistych wydruk\u00f3w o wysokiej rozdzielczo\u015bci. Jako do\u015bwiadczony <strong><a href=\"https:\/\/plastisol-inks.com\/pl\/\">Producent farb plastizolowych<\/a><\/strong>, jeste\u015bmy zobowi\u0105zani do oferowania drukarek na ka\u017cdym poziomie z <strong>Tusz Plastisolowy CMYK<\/strong> kt\u00f3ry jest nie tylko \u0142atwy w obs\u0142udze, ale tak\u017ce spe\u0142nia najwy\u017csze standardy wydajno\u015bci i bezpiecze\u0144stwa.<\/p>\n<p>Oboje nasi <a href=\"https:\/\/plastisol-inks.com\/pl\/seria-hf\/\"><strong>Seria HF<\/strong> <strong>Atrament plastizolowy<\/strong><\/a>, <a href=\"https:\/\/plastisol-inks.com\/pl\/sitodruk-farba-plastizolowa\/seria-chjt\/\"><strong>Seria CHJT<\/strong> <strong>Atrament plastizolowy<\/strong><\/a> oraz <a href=\"https:\/\/plastisol-inks.com\/pl\/seria-scla\/\"><strong>Tusz plastizolowy serii SDLA<\/strong><\/a> oferta <strong data-start=\"179\" data-end=\"202\">Tusze Plastisol CMYK<\/strong> z ekologicznymi opcjami, kt\u00f3re s\u0105 ca\u0142kowicie <strong data-start=\"249\" data-end=\"267\">bez ftalan\u00f3w<\/strong>\u00a0lub\u00a0<strong data-start=\"272\" data-end=\"284\">Bez PCV<\/strong>, gwarantuj\u0105c bezpiecze\u0144stwo nadruk\u00f3w zar\u00f3wno dla producent\u00f3w, jak i u\u017cytkownik\u00f3w ko\u0144cowych. Zaprojektowany do bezpo\u015bredniego druku na wybranych rodzajach odzie\u017cy \u2013 koszulkach, bluzach z kapturem, torbach p\u0142\u00f3ciennych, koszulkach polo i wielu innych \u2013 ten tusz zapewnia mi\u0119kko\u015b\u0107 i wygod\u0119 w dotyku, kt\u00f3r\u0105 klienci ceni\u0105.<\/p>\n<p><strong>Profesjonalne rezultaty przy ka\u017cdym wydruku:<\/strong><br \/>\nZaprojektowane z my\u015bl\u0105 o precyzji i \u017cywotno\u015bci, nasze <strong>Tusz Plastisolowy CMYK<\/strong> Zawiera czyste pigmenty: cyjan, magenta, \u017c\u00f3\u0142ty i czarny, zapewniaj\u0105ce dok\u0142adne odwzorowanie kolor\u00f3w procesowych. Osi\u0105gnij szczeg\u00f3\u0142owe, fotograficzne grafiki i p\u0142ynne przej\u015bcia tonalne na jasnych lub \u015bredniotonowych materia\u0142ach. W przypadku ciemnych ubra\u0144 wystarczy na\u0142o\u017cy\u0107 trwa\u0142y bia\u0142y podk\u0142ad i po\u0142\u0105czy\u0107 go z kolorami CMYK, aby uzyska\u0107 doskona\u0142e krycie i po\u0142ysk.<\/p>\n<p><img fetchpriority=\"high\" decoding=\"async\" class=\"alignnone size-medium wp-image-7718\" src=\"https:\/\/plastisol-inks.com\/wp-content\/uploads\/2025\/07\/plastisol-CMYK-ink-300x247.png\" alt=\"tusz plastizolowy CMYK\" width=\"300\" height=\"247\" title=\"farby plastizolowe\" srcset=\"https:\/\/plastisol-inks.com\/wp-content\/uploads\/2025\/07\/plastisol-CMYK-ink-300x247.png 300w, https:\/\/plastisol-inks.com\/wp-content\/uploads\/2025\/07\/plastisol-CMYK-ink-15x12.png 15w, https:\/\/plastisol-inks.com\/wp-content\/uploads\/2025\/07\/plastisol-CMYK-ink.png 532w\" sizes=\"(max-width: 300px) 100vw, 300px\" \/><\/p>\n<p><strong>Szybkie i niezawodne utwardzanie:<\/strong><br \/>\nWydajno\u015b\u0107 jest kluczowa w druku displayowym. Nasz tusz schnie b\u0142yskawicznie w ci\u0105gu kilku sekund, minimalizuj\u0105c op\u00f3\u017anienia i zwi\u0119kszaj\u0105c produktywno\u015b\u0107. Osi\u0105gnij pe\u0142n\u0105, odporn\u0105 na pranie pow\u0142ok\u0119 w temperaturze 153\u2013170\u00b0C (307\u2013338\u00b0F) za pomoc\u0105 prasy termotransferowej, suszarki b\u0119bnowej lub suszarki przelotowej. Chocia\u017c do ma\u0142ych nak\u0142ad\u00f3w mo\u017cna u\u017cy\u0107 pistoletu do suszenia na gor\u0105co, zalecamy specjalistyczne utwardzanie dla uzyskania optymalnej trwa\u0142o\u015bci.<\/p>\n<p><strong>Elastyczny i przyjazny dla u\u017cytkownika:<\/strong><br \/>\nTen tusz plastizolowy idealnie nadaje si\u0119 zar\u00f3wno do maszyn r\u0119cznych, jak i automatycznych, i sprawdza si\u0119 idealnie w przypadku sit o g\u0119sto\u015bci od 32 do 55 ton. Jego g\u0142adka konsystencja i doskona\u0142y przep\u0142yw minimalizuj\u0105 zas\u0142anianie obrazu i u\u0142atwiaj\u0105 konfiguracj\u0119, nawet dla pocz\u0105tkuj\u0105cych. Aby uzyska\u0107 najlepsze rezultaty, u\u017cyj farby odpornej na plastizol, takiej jak nasza seria One Coat lub Hybrid Plus.<\/p>\n<p><strong>Proste i \u0142atwe czyszczenie i konserwacja:<\/strong><br \/>\nSprz\u0105tanie po drukowaniu to podstawa \u2013 nasz wysoce skuteczny \u015brodek czyszcz\u0105cy do wy\u015bwietlaczy szybko usuwa osady atramentu, a nasze przyjazne dla \u015brodowiska, naturalne alternatywy oferuj\u0105 bardziej ekologiczne rozwi\u0105zanie. Twoje wy\u015bwietlacze z pewno\u015bci\u0105 b\u0119d\u0105 czyste i gotowe do nast\u0119pnego zadania w mgnieniu oka.<\/p>\n<p><strong>Dlaczego warto wybra\u0107 nas jako producenta tusz\u00f3w plastizolowych?<\/strong><br \/>\nDzi\u0119ki wieloletniemu do\u015bwiadczeniu stawiamy na jako\u015b\u0107, niskie koszty i obs\u0142ug\u0119 klienta. Niezale\u017cnie od tego, czy prowadzisz du\u017cy zak\u0142ad poligraficzny, lokaln\u0105 firm\u0119, czy te\u017c lubisz samodzielnie drukowa\u0107 w domu, nasi <strong>Tusz Plastisol CMYK<\/strong> o\u017cywia Twoje dzie\u0142o sztuki ol\u015bniewaj\u0105cym odcieniem, niezawodn\u0105 wydajno\u015bci\u0105 i niezwyk\u0142\u0105 warto\u015bci\u0105.<\/p>\n<p>Zaktualizuj swoje operacje drukowania \u2013 odkryj r\u00f3\u017cnic\u0119, jak\u0105 daje prawdziwe <a href=\"https:\/\/plastisol-inks.com\/pl\/sitodruk-farba-plastizolowa\/\"><strong>Tusz Plastisolowy CMYK<\/strong><\/a> mo\u017ce przynie\u015b\u0107 korzy\u015bci Twojej marce, Twojej organizacji i Twoim klientom.<\/p>","protected":false},"excerpt":{"rendered":"<p>Premia <strong>Tusz Plastisol CMYK<\/strong> od zaufanego producenta tusz\u00f3w plastizolowych. Szybkoschn\u0105cy, mi\u0119kki w dotyku i \u0142atwy do czyszczenia \u2013 idealny do profesjonalnych sitodruk\u00f3w.<\/p>","protected":false},"featured_media":7717,"template":"","meta":{"site-sidebar-layout":"default","site-content-layout":"","ast-site-content-layout":"default","site-content-style":"default","site-sidebar-style":"default","ast-global-header-display":"","ast-banner-title-visibility":"","ast-main-header-display":"","ast-hfb-above-header-display":"","ast-hfb-below-header-display":"","ast-hfb-mobile-header-display":"","site-post-title":"","ast-breadcrumbs-content":"","ast-featured-img":"","footer-sml-layout":"","theme-transparent-header-meta":"default","adv-header-id-meta":"","stick-header-meta":"","header-above-stick-meta":"","header-main-stick-meta":"","header-below-stick-meta":"","astra-migrate-meta-layouts":"set","ast-page-background-enabled":"default","ast-page-background-meta":{"desktop":{"background-color":"","background-image":"","background-repeat":"repeat","background-position":"center center","background-size":"auto","background-attachment":"scroll","background-type":"","background-media":"","overlay-type":"","overlay-color":"","overlay-gradient":""},"tablet":{"background-color":"","background-image":"","background-repeat":"repeat","background-position":"center center","background-size":"auto","background-attachment":"scroll","background-type":"","background-media":"","overlay-type":"","overlay-color":"","overlay-gradient":""},"mobile":{"background-color":"","background-image":"","background-repeat":"repeat","background-position":"center center","background-size":"auto","background-attachment":"scroll","background-type":"","background-media":"","overlay-type":"","overlay-color":"","overlay-gradient":""}},"ast-content-background-meta":{"desktop":{"background-color":"var(--ast-global-color-5)","background-image":"","background-repeat":"repeat","background-position":"center center","background-size":"auto","background-attachment":"scroll","background-type":"","background-media":"","overlay-type":"","overlay-color":"","overlay-gradient":""},"tablet":{"background-color":"var(--ast-global-color-5)","background-image":"","background-repeat":"repeat","background-position":"center center","background-size":"auto","background-attachment":"scroll","background-type":"","background-media":"","overlay-type":"","overlay-color":"","overlay-gradient":""},"mobile":{"background-color":"var(--ast-global-color-5)","background-image":"","background-repeat":"repeat","background-position":"center center","background-size":"auto","background-attachment":"scroll","background-type":"","background-media":"","overlay-type":"","overlay-color":"","overlay-gradient":""}}},"product_brand":[],"product_cat":[26,80,30,81],"product_tag":[],"class_list":{"0":"post-7716","1":"product","2":"type-product","3":"status-publish","4":"has-post-thumbnail","6":"product_cat-plastisol-inks","7":"product_cat-plastisol-ink-chjt-series","8":"product_cat-plastisol-ink-hf-series","9":"product_cat-plastisol-ink-sdla-series","10":"desktop-align-left","11":"tablet-align-left","12":"mobile-align-left","14":"first","15":"instock","16":"shipping-taxable","17":"product-type-simple"},"_links":{"self":[{"href":"https:\/\/plastisol-inks.com\/pl\/wp-json\/wp\/v2\/product\/7716","targetHints":{"allow":["GET"]}}],"collection":[{"href":"https:\/\/plastisol-inks.com\/pl\/wp-json\/wp\/v2\/product"}],"about":[{"href":"https:\/\/plastisol-inks.com\/pl\/wp-json\/wp\/v2\/types\/product"}],"wp:featuredmedia":[{"embeddable":true,"href":"https:\/\/plastisol-inks.com\/pl\/wp-json\/wp\/v2\/media\/7717"}],"wp:attachment":[{"href":"https:\/\/plastisol-inks.com\/pl\/wp-json\/wp\/v2\/media?parent=7716"}],"wp:term":[{"taxonomy":"product_brand","embeddable":true,"href":"https:\/\/plastisol-inks.com\/pl\/wp-json\/wp\/v2\/product_brand?post=7716"},{"taxonomy":"product_cat","embeddable":true,"href":"https:\/\/plastisol-inks.com\/pl\/wp-json\/wp\/v2\/product_cat?post=7716"},{"taxonomy":"product_tag","embeddable":true,"href":"https:\/\/plastisol-inks.com\/pl\/wp-json\/wp\/v2\/product_tag?post=7716"}],"curies":[{"name":"wp","href":"https:\/\/api.w.org\/{rel}","templated":true}]}}