{"id":4557,"date":"2024-08-06T04:58:57","date_gmt":"2024-08-06T08:58:57","guid":{"rendered":"https:\/\/plastisol-inks.com\/?post_type=product&#038;p=4557"},"modified":"2024-08-10T02:32:06","modified_gmt":"2024-08-10T06:32:06","slug":"screentryck-gron-plastisolblack-sdla-1502","status":"publish","type":"product","link":"https:\/\/plastisol-inks.com\/sv\/product\/screen-printing-green-plastisol-ink-sdla-1502\/","title":{"rendered":"Screentryck gr\u00f6nt plastisolbl\u00e4ck \u2014 SDLA-1502"},"content":{"rendered":"<p>PVC-fria plastisolbl\u00e4ck \u00e4r en innovativ och milj\u00f6v\u00e4nlig l\u00f6sning inom screentrycksindustrin.<br \/>\nH\u00f6gkvalitativ screentryck Plastisol-bl\u00e4ck ger livfulla f\u00e4rger utm\u00e4rkt t\u00e4ckning och h\u00e5llbarhet f\u00f6r l\u00e5ngvariga, professionella utskrifter.<br \/>\nSDLA\u2014Series Top Level milj\u00f6v\u00e4nlig PVC-fri, l\u00e4mplig f\u00f6r avancerade varum\u00e4rken f\u00f6r varum\u00e4rken som erbjuder utm\u00e4rkt d\u00f6ljande kraft, h\u00e5llbarhet och motst\u00e5ndskraft och inte bl\u00f6der. Den \u00e4r extremt tv\u00e4ttbar, utan att blekna eller f\u00f6rs\u00e4mras. Kompatibel med ett brett utbud av tyger, inklusive bomull, polyester och blandningar, och \u00e4r l\u00e4mplig f\u00f6r b\u00e5de manuella och automatiska tryckprocesser.<\/p>","protected":false},"excerpt":{"rendered":"<p>[sp_easyaccordion id=&#8221;1857&#8243;]<\/p>\n","protected":false},"featured_media":3668,"template":"","meta":{"site-sidebar-layout":"default","site-content-layout":"","ast-site-content-layout":"default","site-content-style":"default","site-sidebar-style":"default","ast-global-header-display":"","ast-banner-title-visibility":"","ast-main-header-display":"","ast-hfb-above-header-display":"","ast-hfb-below-header-display":"","ast-hfb-mobile-header-display":"","site-post-title":"","ast-breadcrumbs-content":"","ast-featured-img":"","footer-sml-layout":"","theme-transparent-header-meta":"default","adv-header-id-meta":"","stick-header-meta":"","header-above-stick-meta":"","header-main-stick-meta":"","header-below-stick-meta":"","astra-migrate-meta-layouts":"set","ast-page-background-enabled":"default","ast-page-background-meta":{"desktop":{"background-color":"","background-image":"","background-repeat":"repeat","background-position":"center center","background-size":"auto","background-attachment":"scroll","background-type":"","background-media":"","overlay-type":"","overlay-color":"","overlay-gradient":""},"tablet":{"background-color":"","background-image":"","background-repeat":"repeat","background-position":"center center","background-size":"auto","background-attachment":"scroll","background-type":"","background-media":"","overlay-type":"","overlay-color":"","overlay-gradient":""},"mobile":{"background-color":"","background-image":"","background-repeat":"repeat","background-position":"center center","background-size":"auto","background-attachment":"scroll","background-type":"","background-media":"","overlay-type":"","overlay-color":"","overlay-gradient":""}},"ast-content-background-meta":{"desktop":{"background-color":"var(--ast-global-color-5)","background-image":"","background-repeat":"repeat","background-position":"center center","background-size":"auto","background-attachment":"scroll","background-type":"","background-media":"","overlay-type":"","overlay-color":"","overlay-gradient":""},"tablet":{"background-color":"var(--ast-global-color-5)","background-image":"","background-repeat":"repeat","background-position":"center center","background-size":"auto","background-attachment":"scroll","background-type":"","background-media":"","overlay-type":"","overlay-color":"","overlay-gradient":""},"mobile":{"background-color":"var(--ast-global-color-5)","background-image":"","background-repeat":"repeat","background-position":"center center","background-size":"auto","background-attachment":"scroll","background-type":"","background-media":"","overlay-type":"","overlay-color":"","overlay-gradient":""}}},"product_brand":[],"product_cat":[81],"product_tag":[87,74,79],"class_list":{"0":"post-4557","1":"product","2":"type-product","3":"status-publish","4":"has-post-thumbnail","6":"product_cat-plastisol-ink-sdla-series","7":"product_tag-silk-screen-manufacturers","8":"product_tag-silk-screen-paint","9":"product_tag-t-shirt-printing-ink","10":"desktop-align-left","11":"tablet-align-left","12":"mobile-align-left","14":"first","15":"instock","16":"shipping-taxable","17":"purchasable","18":"product-type-variable"},"_links":{"self":[{"href":"https:\/\/plastisol-inks.com\/sv\/wp-json\/wp\/v2\/product\/4557","targetHints":{"allow":["GET"]}}],"collection":[{"href":"https:\/\/plastisol-inks.com\/sv\/wp-json\/wp\/v2\/product"}],"about":[{"href":"https:\/\/plastisol-inks.com\/sv\/wp-json\/wp\/v2\/types\/product"}],"wp:featuredmedia":[{"embeddable":true,"href":"https:\/\/plastisol-inks.com\/sv\/wp-json\/wp\/v2\/media\/3668"}],"wp:attachment":[{"href":"https:\/\/plastisol-inks.com\/sv\/wp-json\/wp\/v2\/media?parent=4557"}],"wp:term":[{"taxonomy":"product_brand","embeddable":true,"href":"https:\/\/plastisol-inks.com\/sv\/wp-json\/wp\/v2\/product_brand?post=4557"},{"taxonomy":"product_cat","embeddable":true,"href":"https:\/\/plastisol-inks.com\/sv\/wp-json\/wp\/v2\/product_cat?post=4557"},{"taxonomy":"product_tag","embeddable":true,"href":"https:\/\/plastisol-inks.com\/sv\/wp-json\/wp\/v2\/product_tag?post=4557"}],"curies":[{"name":"wp","href":"https:\/\/api.w.org\/{rel}","templated":true}]}}