{"id":7716,"date":"2025-07-29T05:31:02","date_gmt":"2025-07-29T09:31:02","guid":{"rendered":"https:\/\/plastisol-inks.com\/?post_type=product&#038;p=7716"},"modified":"2025-07-29T05:32:41","modified_gmt":"2025-07-29T09:32:41","slug":"plastisol-cmyk-black-plastisol-black-odm","status":"publish","type":"product","link":"https:\/\/plastisol-inks.com\/sv\/product\/plastisol-cmyk-ink-plastisol-ink-odm\/","title":{"rendered":"Plastisol CMYK-bl\u00e4ck"},"content":{"rendered":"<p>Frig\u00f6r hela spektrumet av nyanser i dina screentryck med v\u00e5r <strong>Plastisol CMYK-bl\u00e4ck<\/strong>, marknadens alternativ f\u00f6r dj\u00e4rva utskrifter med h\u00f6g uppl\u00f6sning. Som en erfaren <strong><a href=\"https:\/\/plastisol-inks.com\/sv\/\">Plastisol bl\u00e4cktillverkare<\/a><\/strong>, vi \u00e4r fast beslutna att erbjuda skrivare p\u00e5 alla niv\u00e5er med en <strong>CMYK Plastisol-bl\u00e4ck<\/strong> som inte bara \u00e4r enkel att anv\u00e4nda, utan ocks\u00e5 uppfyller de h\u00f6gsta standarderna f\u00f6r prestanda och s\u00e4kerhet.<\/p>\n<p>B\u00e5de v\u00e5ra <a href=\"https:\/\/plastisol-inks.com\/sv\/hf-serien\/\"><strong>HF-serien<\/strong> <strong>Plastisol bl\u00e4ck<\/strong><\/a>, <a href=\"https:\/\/plastisol-inks.com\/sv\/screentryck-plastisolblack\/chjt-serien\/\"><strong>CHJT-serien<\/strong> <strong>Plastisol bl\u00e4ck<\/strong><\/a> och <a href=\"https:\/\/plastisol-inks.com\/sv\/scla-serien\/\"><strong>SDLA-serien Plastisol-bl\u00e4ck<\/strong><\/a> erbjuda <strong data-start=\"179\" data-end=\"202\">Plastisol CMYK-bl\u00e4ck<\/strong> med milj\u00f6v\u00e4nliga alternativ som \u00e4r helt <strong data-start=\"249\" data-end=\"267\">ftalatfri<\/strong>\u00a0eller\u00a0<strong data-start=\"272\" data-end=\"284\">PVC-fri<\/strong>, vilket s\u00e4kerst\u00e4ller att dina utskrifter \u00e4r s\u00e4kra f\u00f6r b\u00e5de tillverkare och slutanv\u00e4ndare. Detta bl\u00e4ck \u00e4r konstruerat f\u00f6r direkt tryck p\u00e5 en m\u00e4ngd olika plagg \u2013 t-shirts, hoodies, tygv\u00e4skor, pik\u00e9tr\u00f6jor och mycket mer \u2013 och ger en mjuk och bekv\u00e4m k\u00e4nsla som kunderna uppskattar.<\/p>\n<p><strong>Professionella resultat med varje utskrift:<\/strong><br \/>\nUtvecklad f\u00f6r precision och livfullhet, v\u00e5r <strong>CMYK Plastisol-bl\u00e4ck<\/strong> Inneh\u00e5ller rena cyan-, magenta-, gula och svarta pigment f\u00f6r korrekt \u00e5tergivning av processf\u00e4rger. F\u00e5 detaljerade fotoliknande bilder och j\u00e4mna lutningar p\u00e5 ljusa eller mellantonade material. F\u00f6r m\u00f6rka plagg, l\u00e4gg helt enkelt p\u00e5 en tunn vit underbas och f\u00f6lj dina CMYK-f\u00e4rger f\u00f6r enast\u00e5ende t\u00e4ckning och f\u00e4rgglans.<\/p>\n<p><img fetchpriority=\"high\" decoding=\"async\" class=\"alignnone size-medium wp-image-7718\" src=\"https:\/\/plastisol-inks.com\/wp-content\/uploads\/2025\/07\/plastisol-CMYK-ink-300x247.png\" alt=\"Plastisol CMYK-bl\u00e4ck\" width=\"300\" height=\"247\" title=\"plastisolbl\u00e4ck\" srcset=\"https:\/\/plastisol-inks.com\/wp-content\/uploads\/2025\/07\/plastisol-CMYK-ink-300x247.png 300w, https:\/\/plastisol-inks.com\/wp-content\/uploads\/2025\/07\/plastisol-CMYK-ink-15x12.png 15w, https:\/\/plastisol-inks.com\/wp-content\/uploads\/2025\/07\/plastisol-CMYK-ink.png 532w\" sizes=\"(max-width: 300px) 100vw, 300px\" \/><\/p>\n<p><strong>Snabb och p\u00e5litlig h\u00e4rdning:<\/strong><br \/>\nEffektivitet \u00e4r nyckeln vid displaytryck. V\u00e5rt bl\u00e4ck torkar snabbt inom n\u00e5gra sekunder, vilket minimerar f\u00f6rdr\u00f6jningstider och \u00f6kar produktiviteten. Uppn\u00e5 en fullst\u00e4ndig, tv\u00e4tt\u00e5lig l\u00f6sning vid 153\u2013170 \u00b0C (307\u2013338 \u00b0F) med hj\u00e4lp av en v\u00e4rmepress, snabbtorktumlare eller mellantorktumlare. \u00c4ven om en varmluftspistol kan anv\u00e4ndas f\u00f6r sm\u00e5 serier rekommenderar vi professionell h\u00e4rdning f\u00f6r optimal h\u00e5llbarhet.<\/p>\n<p><strong>Flexibel och anv\u00e4ndarv\u00e4nlig:<\/strong><br \/>\nDetta plastisolf\u00e4rg \u00e4r perfekt f\u00f6r b\u00e5de manuella och automatiska pressar och fungerar utm\u00e4rkt med n\u00e4tmaterial mellan 32T och 55T. Dess j\u00e4mna konsistens och utm\u00e4rkta fl\u00f6de minimerar sk\u00e4rmblockeringar och g\u00f6r installationen mycket enkel, \u00e4ven f\u00f6r nyb\u00f6rjare. F\u00f6r b\u00e4sta resultat, anv\u00e4nd en plastisolbest\u00e4ndig l\u00f6sning som v\u00e5r One Coat- eller Hybrid Plus-kollektion.<\/p>\n<p><strong>Enkel och l\u00e4tt reng\u00f6ring och underh\u00e5ll:<\/strong><br \/>\nReng\u00f6ring efter utskrift \u00e4r grundl\u00e4ggande \u2013 v\u00e5r h\u00f6gpresterande sk\u00e4rmreng\u00f6ring eliminerar snabbt bl\u00e4ckavlagringar, medan v\u00e5ra milj\u00f6v\u00e4nliga, naturliga alternativ erbjuder ett gr\u00f6nare alternativ. Dina sk\u00e4rmar kommer att vara rena och redo f\u00f6r n\u00e4sta jobb p\u00e5 nolltid.<\/p>\n<p><strong>Varf\u00f6r v\u00e4lja oss som er tillverkare av Plastisol-bl\u00e4ck?<\/strong><br \/>\nMed m\u00e5nga \u00e5rs erfarenhet \u00e4r vi engagerade i kvalitet, kostnad och kundsupport. Oavsett om du driver ett stort tryckeri, ett lokalt f\u00f6retag eller njuter av g\u00f6r-det-sj\u00e4lv-utskrifter hemma, s\u00e5 \u00e4r v\u00e5r <strong>Plastisol CMYK-bl\u00e4ck<\/strong> v\u00e4cker ditt konstverk till liv med bl\u00e4ndande f\u00e4rg, p\u00e5litlig prestanda och extraordin\u00e4rt v\u00e4rde.<\/p>\n<p>Uppdatera dina tryckeriverksamheter \u2013 uppt\u00e4ck skillnaden som \u00e4r sann <a href=\"https:\/\/plastisol-inks.com\/sv\/screentryck-plastisolblack\/\"><strong>CMYK Plastisol-bl\u00e4ck<\/strong><\/a> kan g\u00f6ra f\u00f6r ditt varum\u00e4rke, din organisation och dina kunder.<\/p>","protected":false},"excerpt":{"rendered":"<p>Premie <strong>Plastisol CMYK-bl\u00e4ck<\/strong> fr\u00e5n en p\u00e5litlig Plastisol-bl\u00e4cktillverkare. Snabbh\u00e4rdande, mjuk k\u00e4nsla och l\u00e4tt att reng\u00f6ra \u2013 perfekt f\u00f6r professionella screentryckare.<\/p>","protected":false},"featured_media":7717,"template":"","meta":{"site-sidebar-layout":"default","site-content-layout":"","ast-site-content-layout":"default","site-content-style":"default","site-sidebar-style":"default","ast-global-header-display":"","ast-banner-title-visibility":"","ast-main-header-display":"","ast-hfb-above-header-display":"","ast-hfb-below-header-display":"","ast-hfb-mobile-header-display":"","site-post-title":"","ast-breadcrumbs-content":"","ast-featured-img":"","footer-sml-layout":"","theme-transparent-header-meta":"default","adv-header-id-meta":"","stick-header-meta":"","header-above-stick-meta":"","header-main-stick-meta":"","header-below-stick-meta":"","astra-migrate-meta-layouts":"set","ast-page-background-enabled":"default","ast-page-background-meta":{"desktop":{"background-color":"","background-image":"","background-repeat":"repeat","background-position":"center center","background-size":"auto","background-attachment":"scroll","background-type":"","background-media":"","overlay-type":"","overlay-color":"","overlay-gradient":""},"tablet":{"background-color":"","background-image":"","background-repeat":"repeat","background-position":"center center","background-size":"auto","background-attachment":"scroll","background-type":"","background-media":"","overlay-type":"","overlay-color":"","overlay-gradient":""},"mobile":{"background-color":"","background-image":"","background-repeat":"repeat","background-position":"center center","background-size":"auto","background-attachment":"scroll","background-type":"","background-media":"","overlay-type":"","overlay-color":"","overlay-gradient":""}},"ast-content-background-meta":{"desktop":{"background-color":"var(--ast-global-color-5)","background-image":"","background-repeat":"repeat","background-position":"center center","background-size":"auto","background-attachment":"scroll","background-type":"","background-media":"","overlay-type":"","overlay-color":"","overlay-gradient":""},"tablet":{"background-color":"var(--ast-global-color-5)","background-image":"","background-repeat":"repeat","background-position":"center center","background-size":"auto","background-attachment":"scroll","background-type":"","background-media":"","overlay-type":"","overlay-color":"","overlay-gradient":""},"mobile":{"background-color":"var(--ast-global-color-5)","background-image":"","background-repeat":"repeat","background-position":"center center","background-size":"auto","background-attachment":"scroll","background-type":"","background-media":"","overlay-type":"","overlay-color":"","overlay-gradient":""}}},"product_brand":[],"product_cat":[26,80,30,81],"product_tag":[],"class_list":{"0":"post-7716","1":"product","2":"type-product","3":"status-publish","4":"has-post-thumbnail","6":"product_cat-plastisol-inks","7":"product_cat-plastisol-ink-chjt-series","8":"product_cat-plastisol-ink-hf-series","9":"product_cat-plastisol-ink-sdla-series","10":"desktop-align-left","11":"tablet-align-left","12":"mobile-align-left","14":"first","15":"instock","16":"shipping-taxable","17":"product-type-simple"},"_links":{"self":[{"href":"https:\/\/plastisol-inks.com\/sv\/wp-json\/wp\/v2\/product\/7716","targetHints":{"allow":["GET"]}}],"collection":[{"href":"https:\/\/plastisol-inks.com\/sv\/wp-json\/wp\/v2\/product"}],"about":[{"href":"https:\/\/plastisol-inks.com\/sv\/wp-json\/wp\/v2\/types\/product"}],"wp:featuredmedia":[{"embeddable":true,"href":"https:\/\/plastisol-inks.com\/sv\/wp-json\/wp\/v2\/media\/7717"}],"wp:attachment":[{"href":"https:\/\/plastisol-inks.com\/sv\/wp-json\/wp\/v2\/media?parent=7716"}],"wp:term":[{"taxonomy":"product_brand","embeddable":true,"href":"https:\/\/plastisol-inks.com\/sv\/wp-json\/wp\/v2\/product_brand?post=7716"},{"taxonomy":"product_cat","embeddable":true,"href":"https:\/\/plastisol-inks.com\/sv\/wp-json\/wp\/v2\/product_cat?post=7716"},{"taxonomy":"product_tag","embeddable":true,"href":"https:\/\/plastisol-inks.com\/sv\/wp-json\/wp\/v2\/product_tag?post=7716"}],"curies":[{"name":"wp","href":"https:\/\/api.w.org\/{rel}","templated":true}]}}