{"id":3646,"date":"2024-08-03T03:20:59","date_gmt":"2024-08-03T07:20:59","guid":{"rendered":"https:\/\/plastisol-inks.com\/?post_type=product&#038;p=3646"},"modified":"2024-08-08T04:07:28","modified_gmt":"2024-08-08T08:07:28","slug":"serigrafi-baski-ekstra-yesil-plastisol-murekkep-hf-1501","status":"publish","type":"product","link":"https:\/\/plastisol-inks.com\/tr\/product\/screen-printing-extra-green-plastisol-ink-hf-1501\/","title":{"rendered":"Serigrafi Bask\u0131 Ekstra Ye\u015fil Plastisol M\u00fcrekkebi \u2014 HF-1501"},"content":{"rendered":"<p>Y\u00fcksek kaliteli Serigrafi Plastisol M\u00fcrekkep, uzun \u00f6m\u00fcrl\u00fc, profesyonel bask\u0131lar i\u00e7in canl\u0131 renkler, m\u00fckemmel kapsama alan\u0131 ve dayan\u0131kl\u0131l\u0131k sunar.<br \/>\nHf-Serisi ortak \u00e7evre dostu ftalat i\u00e7ermez, m\u00fckemmel gizleme g\u00fcc\u00fc, dayan\u0131kl\u0131l\u0131k ve esneklik sunan markalar i\u00e7in s\u0131radan pazar i\u00e7in uygundur ve kanama yapmaz. Solma veya bozulma olmadan son derece y\u0131kanabilir.<br \/>\nPamuk, polyester ve kar\u0131\u015f\u0131mlar dahil olmak \u00fczere \u00e7ok \u00e7e\u015fitli kuma\u015flarla uyumludur ve hem manuel hem de otomatik bask\u0131 i\u015flemleri i\u00e7in uygundur.<\/p>","protected":false},"excerpt":{"rendered":"<p>[sp_easyaccordion id=&#8221;1857&#8243;]<\/p>\n","protected":false},"featured_media":3653,"template":"","meta":{"site-sidebar-layout":"default","site-content-layout":"","ast-site-content-layout":"default","site-content-style":"default","site-sidebar-style":"default","ast-global-header-display":"","ast-banner-title-visibility":"","ast-main-header-display":"","ast-hfb-above-header-display":"","ast-hfb-below-header-display":"","ast-hfb-mobile-header-display":"","site-post-title":"","ast-breadcrumbs-content":"","ast-featured-img":"","footer-sml-layout":"","theme-transparent-header-meta":"default","adv-header-id-meta":"","stick-header-meta":"","header-above-stick-meta":"","header-main-stick-meta":"","header-below-stick-meta":"","astra-migrate-meta-layouts":"set","ast-page-background-enabled":"default","ast-page-background-meta":{"desktop":{"background-color":"","background-image":"","background-repeat":"repeat","background-position":"center center","background-size":"auto","background-attachment":"scroll","background-type":"","background-media":"","overlay-type":"","overlay-color":"","overlay-gradient":""},"tablet":{"background-color":"","background-image":"","background-repeat":"repeat","background-position":"center center","background-size":"auto","background-attachment":"scroll","background-type":"","background-media":"","overlay-type":"","overlay-color":"","overlay-gradient":""},"mobile":{"background-color":"","background-image":"","background-repeat":"repeat","background-position":"center center","background-size":"auto","background-attachment":"scroll","background-type":"","background-media":"","overlay-type":"","overlay-color":"","overlay-gradient":""}},"ast-content-background-meta":{"desktop":{"background-color":"var(--ast-global-color-5)","background-image":"","background-repeat":"repeat","background-position":"center center","background-size":"auto","background-attachment":"scroll","background-type":"","background-media":"","overlay-type":"","overlay-color":"","overlay-gradient":""},"tablet":{"background-color":"var(--ast-global-color-5)","background-image":"","background-repeat":"repeat","background-position":"center center","background-size":"auto","background-attachment":"scroll","background-type":"","background-media":"","overlay-type":"","overlay-color":"","overlay-gradient":""},"mobile":{"background-color":"var(--ast-global-color-5)","background-image":"","background-repeat":"repeat","background-position":"center center","background-size":"auto","background-attachment":"scroll","background-type":"","background-media":"","overlay-type":"","overlay-color":"","overlay-gradient":""}}},"product_brand":[],"product_cat":[30,26],"product_tag":[74,79],"class_list":{"0":"post-3646","1":"product","2":"type-product","3":"status-publish","4":"has-post-thumbnail","6":"product_cat-plastisol-ink-hf-series","7":"product_cat-plastisol-inks","8":"product_tag-silk-screen-paint","9":"product_tag-t-shirt-printing-ink","10":"desktop-align-left","11":"tablet-align-left","12":"mobile-align-left","14":"first","15":"instock","16":"shipping-taxable","17":"purchasable","18":"product-type-variable"},"_links":{"self":[{"href":"https:\/\/plastisol-inks.com\/tr\/wp-json\/wp\/v2\/product\/3646","targetHints":{"allow":["GET"]}}],"collection":[{"href":"https:\/\/plastisol-inks.com\/tr\/wp-json\/wp\/v2\/product"}],"about":[{"href":"https:\/\/plastisol-inks.com\/tr\/wp-json\/wp\/v2\/types\/product"}],"wp:featuredmedia":[{"embeddable":true,"href":"https:\/\/plastisol-inks.com\/tr\/wp-json\/wp\/v2\/media\/3653"}],"wp:attachment":[{"href":"https:\/\/plastisol-inks.com\/tr\/wp-json\/wp\/v2\/media?parent=3646"}],"wp:term":[{"taxonomy":"product_brand","embeddable":true,"href":"https:\/\/plastisol-inks.com\/tr\/wp-json\/wp\/v2\/product_brand?post=3646"},{"taxonomy":"product_cat","embeddable":true,"href":"https:\/\/plastisol-inks.com\/tr\/wp-json\/wp\/v2\/product_cat?post=3646"},{"taxonomy":"product_tag","embeddable":true,"href":"https:\/\/plastisol-inks.com\/tr\/wp-json\/wp\/v2\/product_tag?post=3646"}],"curies":[{"name":"wp","href":"https:\/\/api.w.org\/{rel}","templated":true}]}}