{"id":4270,"date":"2024-08-05T22:07:16","date_gmt":"2024-08-06T02:07:16","guid":{"rendered":"https:\/\/plastisol-inks.com\/?post_type=product&#038;p=4270"},"modified":"2024-08-08T03:00:24","modified_gmt":"2024-08-08T07:00:24","slug":"serigrafi-baski-menekse-plastisol-murekkep-chjt-1403","status":"publish","type":"product","link":"https:\/\/plastisol-inks.com\/tr\/product\/screen-printing-violet-plastisol-ink-chjt-1403\/","title":{"rendered":"Serigrafi Menek\u015fe Plastisol M\u00fcrekkep - CHJT-1403"},"content":{"rendered":"<p>Y\u00fcksek kaliteli Serigrafi Plastisol M\u00fcrekkep, uzun \u00f6m\u00fcrl\u00fc, profesyonel bask\u0131lar i\u00e7in canl\u0131 renkler, m\u00fckemmel kapsama alan\u0131 ve dayan\u0131kl\u0131l\u0131k sunar.<br \/>\nCHJT-Serisi M\u00fckemmel \u00f6rt\u00fcc\u00fcl\u00fck, dayan\u0131kl\u0131l\u0131k ve esneklik sunan ve kanama yapmayan orta-y\u00fcksek markalar i\u00e7in uygun ftalat gree Npeo i\u00e7ermeyen orta-y\u00fcksek \u00e7evre dostu seri. Solma veya bozulma olmadan son derece y\u0131kanabilir.<br \/>\nPamuk, polyester ve kar\u0131\u015f\u0131mlar dahil olmak \u00fczere \u00e7ok \u00e7e\u015fitli kuma\u015flarla uyumludur ve hem manuel hem de otomatik bask\u0131 i\u015flemleri i\u00e7in uygundur.<\/p>","protected":false},"excerpt":{"rendered":"<p>[sp_easyaccordion id=&#8221;1857&#8243;]<\/p>\n","protected":false},"featured_media":3630,"template":"","meta":{"site-sidebar-layout":"default","site-content-layout":"","ast-site-content-layout":"default","site-content-style":"default","site-sidebar-style":"default","ast-global-header-display":"","ast-banner-title-visibility":"","ast-main-header-display":"","ast-hfb-above-header-display":"","ast-hfb-below-header-display":"","ast-hfb-mobile-header-display":"","site-post-title":"","ast-breadcrumbs-content":"","ast-featured-img":"","footer-sml-layout":"","theme-transparent-header-meta":"default","adv-header-id-meta":"","stick-header-meta":"","header-above-stick-meta":"","header-main-stick-meta":"","header-below-stick-meta":"","astra-migrate-meta-layouts":"set","ast-page-background-enabled":"default","ast-page-background-meta":{"desktop":{"background-color":"","background-image":"","background-repeat":"repeat","background-position":"center center","background-size":"auto","background-attachment":"scroll","background-type":"","background-media":"","overlay-type":"","overlay-color":"","overlay-gradient":""},"tablet":{"background-color":"","background-image":"","background-repeat":"repeat","background-position":"center center","background-size":"auto","background-attachment":"scroll","background-type":"","background-media":"","overlay-type":"","overlay-color":"","overlay-gradient":""},"mobile":{"background-color":"","background-image":"","background-repeat":"repeat","background-position":"center center","background-size":"auto","background-attachment":"scroll","background-type":"","background-media":"","overlay-type":"","overlay-color":"","overlay-gradient":""}},"ast-content-background-meta":{"desktop":{"background-color":"var(--ast-global-color-5)","background-image":"","background-repeat":"repeat","background-position":"center center","background-size":"auto","background-attachment":"scroll","background-type":"","background-media":"","overlay-type":"","overlay-color":"","overlay-gradient":""},"tablet":{"background-color":"var(--ast-global-color-5)","background-image":"","background-repeat":"repeat","background-position":"center center","background-size":"auto","background-attachment":"scroll","background-type":"","background-media":"","overlay-type":"","overlay-color":"","overlay-gradient":""},"mobile":{"background-color":"var(--ast-global-color-5)","background-image":"","background-repeat":"repeat","background-position":"center center","background-size":"auto","background-attachment":"scroll","background-type":"","background-media":"","overlay-type":"","overlay-color":"","overlay-gradient":""}}},"product_brand":[],"product_cat":[80],"product_tag":[91,74,79],"class_list":{"0":"post-4270","1":"product","2":"type-product","3":"status-publish","4":"has-post-thumbnail","6":"product_cat-plastisol-ink-chjt-series","7":"product_tag-plastisol-screen-printing-ink","8":"product_tag-silk-screen-paint","9":"product_tag-t-shirt-printing-ink","10":"desktop-align-left","11":"tablet-align-left","12":"mobile-align-left","14":"first","15":"instock","16":"shipping-taxable","17":"purchasable","18":"product-type-variable"},"_links":{"self":[{"href":"https:\/\/plastisol-inks.com\/tr\/wp-json\/wp\/v2\/product\/4270","targetHints":{"allow":["GET"]}}],"collection":[{"href":"https:\/\/plastisol-inks.com\/tr\/wp-json\/wp\/v2\/product"}],"about":[{"href":"https:\/\/plastisol-inks.com\/tr\/wp-json\/wp\/v2\/types\/product"}],"wp:featuredmedia":[{"embeddable":true,"href":"https:\/\/plastisol-inks.com\/tr\/wp-json\/wp\/v2\/media\/3630"}],"wp:attachment":[{"href":"https:\/\/plastisol-inks.com\/tr\/wp-json\/wp\/v2\/media?parent=4270"}],"wp:term":[{"taxonomy":"product_brand","embeddable":true,"href":"https:\/\/plastisol-inks.com\/tr\/wp-json\/wp\/v2\/product_brand?post=4270"},{"taxonomy":"product_cat","embeddable":true,"href":"https:\/\/plastisol-inks.com\/tr\/wp-json\/wp\/v2\/product_cat?post=4270"},{"taxonomy":"product_tag","embeddable":true,"href":"https:\/\/plastisol-inks.com\/tr\/wp-json\/wp\/v2\/product_tag?post=4270"}],"curies":[{"name":"wp","href":"https:\/\/api.w.org\/{rel}","templated":true}]}}