{"id":4326,"date":"2024-08-05T22:27:01","date_gmt":"2024-08-06T02:27:01","guid":{"rendered":"https:\/\/plastisol-inks.com\/?post_type=product&#038;p=4326"},"modified":"2024-08-10T02:58:27","modified_gmt":"2024-08-10T06:58:27","slug":"serigrafi-baski-sureci-sari-plastisol-murekkep-sdla-1800y","status":"publish","type":"product","link":"https:\/\/plastisol-inks.com\/tr\/product\/screen-printing-process-yellow-plastisol-ink-sdla-1800y\/","title":{"rendered":"Serigrafi Bask\u0131 \u0130\u015flemi Sar\u0131 Plastisol M\u00fcrekkep \u2014 SDLA-1800Y"},"content":{"rendered":"<p>PVC \u0130\u00e7ermeyen Plastisol M\u00fcrekkepler, serigrafi bask\u0131 end\u00fcstrisinde yenilik\u00e7i ve \u00e7evre dostu bir \u00e7\u00f6z\u00fcmd\u00fcr.<br \/>\nY\u00fcksek kaliteli Serigrafi Plastisol M\u00fcrekkep, uzun \u00f6m\u00fcrl\u00fc, profesyonel bask\u0131lar i\u00e7in canl\u0131 renkler, m\u00fckemmel kapsama alan\u0131 ve dayan\u0131kl\u0131l\u0131k sunar.<br \/>\nSDLA-Serisi \u00dcst D\u00fczey \u00e7evre dostu PVC i\u00e7ermez, markalar i\u00e7in m\u00fckemmel \u00f6rtme g\u00fcc\u00fc, dayan\u0131kl\u0131l\u0131k ve esneklik sunan ve kanama yapmayan \u00dcst D\u00fczey markalar i\u00e7in uygundur. Pamuk, polyester ve kar\u0131\u015f\u0131mlar\u0131 da dahil olmak \u00fczere \u00e7ok \u00e7e\u015fitli kuma\u015flarla uyumludur ve hem manuel hem de otomatik bask\u0131 i\u015flemleri i\u00e7in uygundur.<\/p>","protected":false},"excerpt":{"rendered":"<p>[sp_easyaccordion id=&#8221;1857&#8243;]<\/p>\n","protected":false},"featured_media":3906,"template":"","meta":{"site-sidebar-layout":"default","site-content-layout":"","ast-site-content-layout":"default","site-content-style":"default","site-sidebar-style":"default","ast-global-header-display":"","ast-banner-title-visibility":"","ast-main-header-display":"","ast-hfb-above-header-display":"","ast-hfb-below-header-display":"","ast-hfb-mobile-header-display":"","site-post-title":"","ast-breadcrumbs-content":"","ast-featured-img":"","footer-sml-layout":"","theme-transparent-header-meta":"default","adv-header-id-meta":"","stick-header-meta":"","header-above-stick-meta":"","header-main-stick-meta":"","header-below-stick-meta":"","astra-migrate-meta-layouts":"set","ast-page-background-enabled":"default","ast-page-background-meta":{"desktop":{"background-color":"","background-image":"","background-repeat":"repeat","background-position":"center center","background-size":"auto","background-attachment":"scroll","background-type":"","background-media":"","overlay-type":"","overlay-color":"","overlay-gradient":""},"tablet":{"background-color":"","background-image":"","background-repeat":"repeat","background-position":"center center","background-size":"auto","background-attachment":"scroll","background-type":"","background-media":"","overlay-type":"","overlay-color":"","overlay-gradient":""},"mobile":{"background-color":"","background-image":"","background-repeat":"repeat","background-position":"center center","background-size":"auto","background-attachment":"scroll","background-type":"","background-media":"","overlay-type":"","overlay-color":"","overlay-gradient":""}},"ast-content-background-meta":{"desktop":{"background-color":"var(--ast-global-color-5)","background-image":"","background-repeat":"repeat","background-position":"center center","background-size":"auto","background-attachment":"scroll","background-type":"","background-media":"","overlay-type":"","overlay-color":"","overlay-gradient":""},"tablet":{"background-color":"var(--ast-global-color-5)","background-image":"","background-repeat":"repeat","background-position":"center center","background-size":"auto","background-attachment":"scroll","background-type":"","background-media":"","overlay-type":"","overlay-color":"","overlay-gradient":""},"mobile":{"background-color":"var(--ast-global-color-5)","background-image":"","background-repeat":"repeat","background-position":"center center","background-size":"auto","background-attachment":"scroll","background-type":"","background-media":"","overlay-type":"","overlay-color":"","overlay-gradient":""}}},"product_brand":[],"product_cat":[81],"product_tag":[74,79],"class_list":{"0":"post-4326","1":"product","2":"type-product","3":"status-publish","4":"has-post-thumbnail","6":"product_cat-plastisol-ink-sdla-series","7":"product_tag-silk-screen-paint","8":"product_tag-t-shirt-printing-ink","9":"desktop-align-left","10":"tablet-align-left","11":"mobile-align-left","13":"first","14":"instock","15":"shipping-taxable","16":"purchasable","17":"product-type-variable"},"_links":{"self":[{"href":"https:\/\/plastisol-inks.com\/tr\/wp-json\/wp\/v2\/product\/4326","targetHints":{"allow":["GET"]}}],"collection":[{"href":"https:\/\/plastisol-inks.com\/tr\/wp-json\/wp\/v2\/product"}],"about":[{"href":"https:\/\/plastisol-inks.com\/tr\/wp-json\/wp\/v2\/types\/product"}],"wp:featuredmedia":[{"embeddable":true,"href":"https:\/\/plastisol-inks.com\/tr\/wp-json\/wp\/v2\/media\/3906"}],"wp:attachment":[{"href":"https:\/\/plastisol-inks.com\/tr\/wp-json\/wp\/v2\/media?parent=4326"}],"wp:term":[{"taxonomy":"product_brand","embeddable":true,"href":"https:\/\/plastisol-inks.com\/tr\/wp-json\/wp\/v2\/product_brand?post=4326"},{"taxonomy":"product_cat","embeddable":true,"href":"https:\/\/plastisol-inks.com\/tr\/wp-json\/wp\/v2\/product_cat?post=4326"},{"taxonomy":"product_tag","embeddable":true,"href":"https:\/\/plastisol-inks.com\/tr\/wp-json\/wp\/v2\/product_tag?post=4326"}],"curies":[{"name":"wp","href":"https:\/\/api.w.org\/{rel}","templated":true}]}}