{"id":7716,"date":"2025-07-29T05:31:02","date_gmt":"2025-07-29T09:31:02","guid":{"rendered":"https:\/\/plastisol-inks.com\/?post_type=product&#038;p=7716"},"modified":"2025-07-29T05:32:41","modified_gmt":"2025-07-29T09:32:41","slug":"plastisol-cmyk-murekkep-plastisol-murekkep-odm","status":"publish","type":"product","link":"https:\/\/plastisol-inks.com\/tr\/product\/plastisol-cmyk-ink-plastisol-ink-odm\/","title":{"rendered":"Plastisol CMYK M\u00fcrekkebi"},"content":{"rendered":"<p>\u00dcr\u00fcn\u00fcm\u00fczle serigrafi bask\u0131 i\u015flerinizde t\u00fcm renk yelpazesinin kilidini a\u00e7\u0131n. <strong>Plastisol CMYK M\u00fcrekkebi<\/strong>, Piyasada cesur, y\u00fcksek \u00e7\u00f6z\u00fcn\u00fcrl\u00fckl\u00fc bask\u0131lar i\u00e7in en iyi se\u00e7enek. Tecr\u00fcbeli bir foto\u011fraf\u00e7\u0131 olarak <strong><a href=\"https:\/\/plastisol-inks.com\/tr\/\">Plastisol M\u00fcrekkep \u00dcreticisi<\/a><\/strong>, Her seviyeden yaz\u0131c\u0131ya hizmet sunmaya kararl\u0131y\u0131z. <strong>CMYK Plastisol M\u00fcrekkep<\/strong> Hem kullan\u0131m\u0131 kolay, hem de performans ve g\u00fcvenlik a\u00e7\u0131s\u0131ndan en y\u00fcksek standartlar\u0131 kar\u015f\u0131layan bir \u00fcr\u00fcn.<\/p>\n<p>\u0130kimiz de <a href=\"https:\/\/plastisol-inks.com\/tr\/hf-serisi\/\"><strong>HF serisi<\/strong> <strong>Plastisol M\u00fcrekkep<\/strong><\/a>, <a href=\"https:\/\/plastisol-inks.com\/tr\/serigrafi-baski-plastisol-murekkep\/chjt-seri%cc%87si%cc%87\/\"><strong>CHJT serisi<\/strong> <strong>Plastisol M\u00fcrekkep<\/strong><\/a> ve <a href=\"https:\/\/plastisol-inks.com\/tr\/scla-serisi\/\"><strong>SDLA serisi Plastisol M\u00fcrekkep<\/strong><\/a> teklif <strong data-start=\"179\" data-end=\"202\">Plastisol CMYK m\u00fcrekkepleri<\/strong> tamamen \u00e7evre dostu se\u00e7eneklerle <strong data-start=\"249\" data-end=\"267\">ftalat i\u00e7ermez<\/strong>\u00a0veya\u00a0<strong data-start=\"272\" data-end=\"284\">PVC i\u00e7ermez<\/strong>, Bu sayede bask\u0131lar\u0131n\u0131z\u0131n hem \u00fcreticiler hem de son kullan\u0131c\u0131lar i\u00e7in g\u00fcvenli olmas\u0131 sa\u011flan\u0131r. Ti\u015f\u00f6rtler, kap\u00fc\u015fonlu sweatshirtler, kanvas \u00e7antalar, polo ti\u015f\u00f6rtler ve daha bir\u00e7ok giysiye do\u011frudan bask\u0131 i\u00e7in tasarlanan bu m\u00fcrekkep, m\u00fc\u015fterilerin be\u011fendi\u011fi yumu\u015fak ve rahat bir dokunu\u015f hissi sunar.<\/p>\n<p><strong>Her bask\u0131da profesyonel sonu\u00e7lar:<\/strong><br \/>\nHassasiyet ve canl\u0131l\u0131k i\u00e7in geli\u015ftirilen \u00fcr\u00fcnlerimiz <strong>CMYK Plastisol M\u00fcrekkep<\/strong> Do\u011fru proses renk \u00fcretimi i\u00e7in saf Siyan, Macenta, Sar\u0131 ve Siyah pigmentler i\u00e7erir. A\u00e7\u0131k veya orta tonlu malzemelerde detayl\u0131, foto\u011fraf benzeri grafikler ve p\u00fcr\u00fczs\u00fcz ge\u00e7i\u015fler elde edin. Koyu renkli giysiler i\u00e7in, h\u0131zl\u0131 beyaz bir altl\u0131k uygulay\u0131n ve m\u00fckemmel kapat\u0131c\u0131l\u0131k ve renk parlakl\u0131\u011f\u0131 i\u00e7in CMYK renklerinizle devam edin.<\/p>\n<p><img fetchpriority=\"high\" decoding=\"async\" class=\"alignnone size-medium wp-image-7718\" src=\"https:\/\/plastisol-inks.com\/wp-content\/uploads\/2025\/07\/plastisol-CMYK-ink-300x247.png\" alt=\"plastisol CMYK m\u00fcrekkep\" width=\"300\" height=\"247\" title=\"plastisol m\u00fcrekkepler\" srcset=\"https:\/\/plastisol-inks.com\/wp-content\/uploads\/2025\/07\/plastisol-CMYK-ink-300x247.png 300w, https:\/\/plastisol-inks.com\/wp-content\/uploads\/2025\/07\/plastisol-CMYK-ink-15x12.png 15w, https:\/\/plastisol-inks.com\/wp-content\/uploads\/2025\/07\/plastisol-CMYK-ink.png 532w\" sizes=\"(max-width: 300px) 100vw, 300px\" \/><\/p>\n<p><strong>H\u0131zl\u0131 ve G\u00fcvenilir K\u00fcrleme:<\/strong><br \/>\nEkran bask\u0131s\u0131nda verimlilik \u00e7ok \u00f6nemlidir. M\u00fcrekkebimiz saniyeler i\u00e7inde kuruyarak gecikme s\u00fcrelerini en aza indirir ve verimlili\u011fi art\u0131r\u0131r. Is\u0131 presi, fla\u015f kurutucu veya ge\u00e7i\u015f tipi \u00e7ama\u015f\u0131r kurutucu kullanarak 153\u2013170 \u00b0C (307\u2013338 \u00b0F) s\u0131cakl\u0131kta tam, y\u0131kamaya dayan\u0131kl\u0131 bir \u00e7\u00f6z\u00fcm elde edin. K\u00fc\u00e7\u00fck bask\u0131 i\u015fleri i\u00e7in s\u0131cak hava tabancas\u0131 kullan\u0131labilirken, optimum dayan\u0131kl\u0131l\u0131k i\u00e7in \u00f6zel k\u00fcrleme \u00f6neriyoruz.<\/p>\n<p><strong>Esnek ve Kullan\u0131c\u0131 Dostu:<\/strong><br \/>\nBu plastisol m\u00fcrekkep, hem manuel hem de otomatik bask\u0131 makineleri i\u00e7in m\u00fckemmeldir ve 32T ile 55T aras\u0131ndaki elek boyutlar\u0131nda ideal performans g\u00f6sterir. P\u00fcr\u00fczs\u00fcz k\u0131vam\u0131 ve m\u00fckemmel ak\u0131\u015f\u0131, bask\u0131 alan\u0131n\u0131 engellemeyi en aza indirir ve kurulumu, yeni ba\u015flayanlar i\u00e7in bile \u00e7ok kolayla\u015ft\u0131r\u0131r. En iyi sonu\u00e7lar i\u00e7in, One Coat veya Hybrid Plus koleksiyonumuz gibi plastisol diren\u00e7li bir sol\u00fcsyon kullan\u0131n.<\/p>\n<p><strong>Basit ve Kolay Temizlik ve Bak\u0131m:<\/strong><br \/>\nBask\u0131 sonras\u0131 temizlik temel bir i\u015flemdir; y\u00fcksek etkili ekran temizleyicimiz m\u00fcrekkep kal\u0131nt\u0131lar\u0131n\u0131 h\u0131zla ortadan kald\u0131r\u0131rken, \u00e7evre dostu, do\u011fal alternatiflerimiz daha ye\u015fil bir \u00e7\u00f6z\u00fcm sunar. Ekranlar\u0131n\u0131z k\u0131sa s\u00fcrede temizlenecek ve bir sonraki g\u00f6rev i\u00e7in haz\u0131r olacakt\u0131r.<\/p>\n<p><strong>Plastisol m\u00fcrekkep \u00fcreticisi olarak neden bizi tercih etmelisiniz?<\/strong><br \/>\nY\u0131llar\u0131n verdi\u011fi deneyimle kaliteye, maliyete ve m\u00fc\u015fteri deste\u011fine \u00f6nem veriyoruz. \u0130ster b\u00fcy\u00fck bir matbaa i\u015fletiyor olun, ister yerel bir i\u015fletmeniz olsun, ister evde kendi bask\u0131n\u0131z\u0131 yapmaktan keyif al\u0131yor olun, size uygun \u00e7\u00f6z\u00fcmlerimiz var. <strong>Plastisol CMYK M\u00fcrekkebi<\/strong> G\u00f6z kama\u015ft\u0131r\u0131c\u0131 renkler, g\u00fcvenilir verimlilik ve ola\u011fan\u00fcst\u00fc de\u011fer ile sanat eserlerinize hayat veriyor.<\/p>\n<p>Yazd\u0131rma i\u015flemlerinizi g\u00fcncelleyin \u2013 ger\u00e7ek fark\u0131 ke\u015ffedin <a href=\"https:\/\/plastisol-inks.com\/tr\/serigrafi-baski-plastisol-murekkep\/\"><strong>CMYK Plastisol M\u00fcrekkep<\/strong><\/a> Markan\u0131z, kurulu\u015funuz ve m\u00fc\u015fterileriniz i\u00e7in faydal\u0131 olabilir.<\/p>","protected":false},"excerpt":{"rendered":"<p>Premium <strong>Plastisol CMYK M\u00fcrekkebi<\/strong> G\u00fcvenilir bir Plastisol M\u00fcrekkep \u00dcreticisinden. H\u0131zl\u0131 kuruma, yumu\u015fak doku ve kolay temizlik \u2013 profesyonel serigrafi bask\u0131c\u0131lar\u0131 i\u00e7in m\u00fckemmel.<\/p>","protected":false},"featured_media":7717,"template":"","meta":{"site-sidebar-layout":"default","site-content-layout":"","ast-site-content-layout":"default","site-content-style":"default","site-sidebar-style":"default","ast-global-header-display":"","ast-banner-title-visibility":"","ast-main-header-display":"","ast-hfb-above-header-display":"","ast-hfb-below-header-display":"","ast-hfb-mobile-header-display":"","site-post-title":"","ast-breadcrumbs-content":"","ast-featured-img":"","footer-sml-layout":"","theme-transparent-header-meta":"default","adv-header-id-meta":"","stick-header-meta":"","header-above-stick-meta":"","header-main-stick-meta":"","header-below-stick-meta":"","astra-migrate-meta-layouts":"set","ast-page-background-enabled":"default","ast-page-background-meta":{"desktop":{"background-color":"","background-image":"","background-repeat":"repeat","background-position":"center center","background-size":"auto","background-attachment":"scroll","background-type":"","background-media":"","overlay-type":"","overlay-color":"","overlay-gradient":""},"tablet":{"background-color":"","background-image":"","background-repeat":"repeat","background-position":"center center","background-size":"auto","background-attachment":"scroll","background-type":"","background-media":"","overlay-type":"","overlay-color":"","overlay-gradient":""},"mobile":{"background-color":"","background-image":"","background-repeat":"repeat","background-position":"center center","background-size":"auto","background-attachment":"scroll","background-type":"","background-media":"","overlay-type":"","overlay-color":"","overlay-gradient":""}},"ast-content-background-meta":{"desktop":{"background-color":"var(--ast-global-color-5)","background-image":"","background-repeat":"repeat","background-position":"center center","background-size":"auto","background-attachment":"scroll","background-type":"","background-media":"","overlay-type":"","overlay-color":"","overlay-gradient":""},"tablet":{"background-color":"var(--ast-global-color-5)","background-image":"","background-repeat":"repeat","background-position":"center center","background-size":"auto","background-attachment":"scroll","background-type":"","background-media":"","overlay-type":"","overlay-color":"","overlay-gradient":""},"mobile":{"background-color":"var(--ast-global-color-5)","background-image":"","background-repeat":"repeat","background-position":"center center","background-size":"auto","background-attachment":"scroll","background-type":"","background-media":"","overlay-type":"","overlay-color":"","overlay-gradient":""}}},"product_brand":[],"product_cat":[26,80,30,81],"product_tag":[],"class_list":{"0":"post-7716","1":"product","2":"type-product","3":"status-publish","4":"has-post-thumbnail","6":"product_cat-plastisol-inks","7":"product_cat-plastisol-ink-chjt-series","8":"product_cat-plastisol-ink-hf-series","9":"product_cat-plastisol-ink-sdla-series","10":"desktop-align-left","11":"tablet-align-left","12":"mobile-align-left","14":"first","15":"instock","16":"shipping-taxable","17":"product-type-simple"},"_links":{"self":[{"href":"https:\/\/plastisol-inks.com\/tr\/wp-json\/wp\/v2\/product\/7716","targetHints":{"allow":["GET"]}}],"collection":[{"href":"https:\/\/plastisol-inks.com\/tr\/wp-json\/wp\/v2\/product"}],"about":[{"href":"https:\/\/plastisol-inks.com\/tr\/wp-json\/wp\/v2\/types\/product"}],"wp:featuredmedia":[{"embeddable":true,"href":"https:\/\/plastisol-inks.com\/tr\/wp-json\/wp\/v2\/media\/7717"}],"wp:attachment":[{"href":"https:\/\/plastisol-inks.com\/tr\/wp-json\/wp\/v2\/media?parent=7716"}],"wp:term":[{"taxonomy":"product_brand","embeddable":true,"href":"https:\/\/plastisol-inks.com\/tr\/wp-json\/wp\/v2\/product_brand?post=7716"},{"taxonomy":"product_cat","embeddable":true,"href":"https:\/\/plastisol-inks.com\/tr\/wp-json\/wp\/v2\/product_cat?post=7716"},{"taxonomy":"product_tag","embeddable":true,"href":"https:\/\/plastisol-inks.com\/tr\/wp-json\/wp\/v2\/product_tag?post=7716"}],"curies":[{"name":"wp","href":"https:\/\/api.w.org\/{rel}","templated":true}]}}