{"id":7716,"date":"2025-07-29T05:31:02","date_gmt":"2025-07-29T09:31:02","guid":{"rendered":"https:\/\/plastisol-inks.com\/?post_type=product&#038;p=7716"},"modified":"2025-07-29T05:32:41","modified_gmt":"2025-07-29T09:32:41","slug":"muc-plastisol-cmyk-muc-plastisol-odm","status":"publish","type":"product","link":"https:\/\/plastisol-inks.com\/vi\/product\/plastisol-cmyk-ink-plastisol-ink-odm\/","title":{"rendered":"M\u1ef1c Plastisol CMYK"},"content":{"rendered":"<p>M\u1edf kh\u00f3a to\u00e0n b\u1ed9 quang ph\u1ed5 b\u00f3ng r\u00e2m trong c\u00f4ng vi\u1ec7c in l\u1ee5a c\u1ee7a b\u1ea1n v\u1edbi <strong>M\u1ef1c Plastisol CMYK<\/strong>, l\u1ef1a ch\u1ecdn c\u1ee7a th\u1ecb tr\u01b0\u1eddng cho c\u00e1c b\u1ea3n in \u0111\u1eadm, \u0111\u1ed9 ph\u00e2n gi\u1ea3i cao. L\u00e0 m\u1ed9t ng\u01b0\u1eddi d\u00e0y d\u1ea1n kinh nghi\u1ec7m <strong><a href=\"https:\/\/plastisol-inks.com\/vi\/\">Nh\u00e0 s\u1ea3n xu\u1ea5t m\u1ef1c Plastisol<\/a><\/strong>, ch\u00fang t\u00f4i cam k\u1ebft cung c\u1ea5p m\u00e1y in \u1edf m\u1ecdi c\u1ea5p \u0111\u1ed9 v\u1edbi <strong>M\u1ef1c Plastisol CMYK<\/strong> kh\u00f4ng ch\u1ec9 d\u1ec5 s\u1eed d\u1ee5ng m\u00e0 c\u00f2n \u0111\u00e1p \u1ee9ng c\u00e1c ti\u00eau chu\u1ea9n cao nh\u1ea5t v\u1ec1 hi\u1ec7u su\u1ea5t v\u00e0 an to\u00e0n.<\/p>\n<p>C\u1ea3 hai ch\u00fang t\u00f4i <a href=\"https:\/\/plastisol-inks.com\/vi\/dong-hf\/\"><strong>D\u00f2ng HF<\/strong> <strong>M\u1ef1c Plastisol<\/strong><\/a>, <a href=\"https:\/\/plastisol-inks.com\/vi\/muc-in-luoi-plastisol-3\/loat-phim-chjt\/\"><strong>D\u00f2ng CHJT<\/strong> <strong>M\u1ef1c Plastisol<\/strong><\/a> V\u00e0 <a href=\"https:\/\/plastisol-inks.com\/vi\/loat-scla\/\"><strong>M\u1ef1c Plastisol d\u00f2ng SDLA<\/strong><\/a> l\u1eddi \u0111\u1ec1 ngh\u1ecb <strong data-start=\"179\" data-end=\"202\">M\u1ef1c Plastisol CMYK<\/strong> v\u1edbi c\u00e1c l\u1ef1a ch\u1ecdn th\u00e2n thi\u1ec7n v\u1edbi m\u00f4i tr\u01b0\u1eddng ho\u00e0n to\u00e0n <strong data-start=\"249\" data-end=\"267\">kh\u00f4ng ch\u1ee9a phthalate<\/strong>\u00a0ho\u1eb7c\u00a0<strong data-start=\"272\" data-end=\"284\">Kh\u00f4ng ch\u1ee9a PVC<\/strong>, \u0111\u1ea3m b\u1ea3o b\u1ea3n in c\u1ee7a b\u1ea1n an to\u00e0n cho c\u1ea3 ng\u01b0\u1eddi in v\u00e0 ng\u01b0\u1eddi d\u00f9ng. \u0110\u01b0\u1ee3c thi\u1ebft k\u1ebf \u0111\u1ec3 in tr\u1ef1c ti\u1ebfp tr\u00ean nhi\u1ec1u lo\u1ea1i trang ph\u1ee5c - \u00e1o ph\u00f4ng, \u00e1o hoodie, t\u00fai v\u1ea3i, \u00e1o polo v\u00e0 nhi\u1ec1u lo\u1ea1i kh\u00e1c - lo\u1ea1i m\u1ef1c n\u00e0y mang l\u1ea1i c\u1ea3m gi\u00e1c m\u1ec1m m\u1ea1i, tho\u1ea3i m\u00e1i m\u00e0 kh\u00e1ch h\u00e0ng y\u00eau th\u00edch.<\/p>\n<p><strong>K\u1ebft qu\u1ea3 chuy\u00ean nghi\u1ec7p v\u1edbi m\u1ed7i b\u1ea3n in:<\/strong><br \/>\n\u0110\u01b0\u1ee3c ph\u00e1t tri\u1ec3n \u0111\u1ec3 c\u00f3 \u0111\u1ed9 ch\u00ednh x\u00e1c v\u00e0 s\u1ed1ng \u0111\u1ed9ng, <strong>M\u1ef1c Plastisol CMYK<\/strong> Bao g\u1ed3m c\u00e1c s\u1eafc t\u1ed1 Cyan, Magenta, Yellow v\u00e0 Black nguy\u00ean ch\u1ea5t cho kh\u1ea3 n\u0103ng t\u00e1i t\u1ea1o m\u00e0u s\u1eafc ch\u00ednh x\u00e1c. T\u1ea1o n\u00ean h\u00ecnh \u1ea3nh chi ti\u1ebft nh\u01b0 \u1ea3nh v\u00e0 \u0111\u1ed9 d\u1ed1c m\u01b0\u1ee3t m\u00e0 tr\u00ean c\u00e1c ch\u1ea5t li\u1ec7u s\u00e1ng m\u00e0u ho\u1eb7c trung t\u00ednh. \u0110\u1ed1i v\u1edbi qu\u1ea7n \u00e1o t\u1ed1i m\u00e0u, ch\u1ec9 c\u1ea7n ph\u1ee7 m\u1ed9t l\u1edbp n\u1ec1n tr\u1eafng m\u1ecfng v\u00e0 b\u00e1m d\u00ednh v\u1edbi m\u00e0u CMYK \u0111\u1ec3 c\u00f3 \u0111\u1ed9 ph\u1ee7 v\u00e0 \u0111\u1ed9 l\u1ea5p l\u00e1nh m\u00e0u s\u1eafc v\u01b0\u1ee3t tr\u1ed9i.<\/p>\n<p><img fetchpriority=\"high\" decoding=\"async\" class=\"alignnone size-medium wp-image-7718\" src=\"https:\/\/plastisol-inks.com\/wp-content\/uploads\/2025\/07\/plastisol-CMYK-ink-300x247.png\" alt=\"m\u1ef1c plastisol CMYK\" width=\"300\" height=\"247\" title=\"m\u1ef1c plastisol\" srcset=\"https:\/\/plastisol-inks.com\/wp-content\/uploads\/2025\/07\/plastisol-CMYK-ink-300x247.png 300w, https:\/\/plastisol-inks.com\/wp-content\/uploads\/2025\/07\/plastisol-CMYK-ink-15x12.png 15w, https:\/\/plastisol-inks.com\/wp-content\/uploads\/2025\/07\/plastisol-CMYK-ink.png 532w\" sizes=\"(max-width: 300px) 100vw, 300px\" \/><\/p>\n<p><strong>\u0110\u00f3ng r\u1eafn nhanh ch\u00f3ng v\u00e0 \u0111\u00e1ng tin c\u1eady:<\/strong><br \/>\nHi\u1ec7u qu\u1ea3 l\u00e0 ch\u00eca kh\u00f3a trong in \u1ea5n hi\u1ec3n th\u1ecb. M\u1ef1c c\u1ee7a ch\u00fang t\u00f4i kh\u00f4 nhanh trong v\u00e0i gi\u00e2y, gi\u1ea3m thi\u1ec3u th\u1eddi gian ch\u1edd v\u00e0 t\u0103ng n\u0103ng su\u1ea5t. M\u1ef1c in \u0111\u1ea1t \u0111\u1ed9 b\u1ec1n ho\u00e0n h\u1ea3o, ch\u1ed1ng phai m\u00e0u \u1edf nhi\u1ec7t \u0111\u1ed9 153\u2013170 \u00b0C (307\u2013338 \u00b0F) b\u1eb1ng c\u00e1ch s\u1eed d\u1ee5ng m\u00e1y \u00e9p nhi\u1ec7t, m\u00e1y s\u1ea5y nhanh ho\u1eb7c m\u00e1y s\u1ea5y qu\u1ea7n \u00e1o. M\u1eb7c d\u00f9 c\u00f3 th\u1ec3 s\u1eed d\u1ee5ng s\u00fang phun nhi\u1ec7t cho c\u00e1c l\u00f4 in nh\u1ecf, ch\u00fang t\u00f4i khuy\u00ean b\u1ea1n n\u00ean s\u1eed d\u1ee5ng ph\u01b0\u01a1ng ph\u00e1p s\u1ea5y chuy\u00ean d\u1ee5ng \u0111\u1ec3 \u0111\u1ea1t \u0111\u1ed9 b\u1ec1n t\u1ed1i \u01b0u.<\/p>\n<p><strong>Linh ho\u1ea1t v\u00e0 th\u00e2n thi\u1ec7n v\u1edbi ng\u01b0\u1eddi d\u00f9ng:<\/strong><br \/>\nM\u1ef1c plastisol n\u00e0y ho\u00e0n h\u1ea3o cho c\u1ea3 m\u00e1y in th\u1ee7 c\u00f4ng v\u00e0 m\u00e1y in t\u1ef1 \u0111\u1ed9ng, ho\u1ea1t \u0111\u1ed9ng l\u00fd t\u01b0\u1edfng v\u1edbi c\u00e1c lo\u1ea1i l\u01b0\u1edbi c\u00f3 \u0111\u1ed9 d\u00e0y t\u1eeb 32T \u0111\u1ebfn 55T. \u0110\u1ed9 \u0111\u1eb7c m\u1ecbn v\u00e0 \u0111\u1ed9 ch\u1ea3y tuy\u1ec7t v\u1eddi c\u1ee7a n\u00f3 gi\u00fap gi\u1ea3m thi\u1ec3u hi\u1ec7n t\u01b0\u1ee3ng che ph\u1ee7 m\u00e0n h\u00ecnh v\u00e0 gi\u00fap vi\u1ec7c l\u1eafp \u0111\u1eb7t tr\u1edf n\u00ean d\u1ec5 d\u00e0ng, ngay c\u1ea3 v\u1edbi ng\u01b0\u1eddi m\u1edbi b\u1eaft \u0111\u1ea7u. \u0110\u1ec3 c\u00f3 k\u1ebft qu\u1ea3 t\u1ed1t nh\u1ea5t, h\u00e3y s\u1eed d\u1ee5ng dung d\u1ecbch ch\u1ed1ng plastisol nh\u01b0 b\u1ed9 s\u1ea3n ph\u1ea9m One Coat ho\u1eb7c Hybrid Plus c\u1ee7a ch\u00fang t\u00f4i.<\/p>\n<p><strong>V\u1ec7 sinh v\u00e0 b\u1ea3o tr\u00ec \u0111\u01a1n gi\u1ea3n v\u00e0 d\u1ec5 d\u00e0ng:<\/strong><br \/>\nVi\u1ec7c v\u1ec7 sinh sau khi in r\u1ea5t c\u01a1 b\u1ea3n \u2013 dung d\u1ecbch v\u1ec7 sinh m\u00e0n h\u00ecnh c\u01b0\u1eddng \u0111\u1ed9 cao c\u1ee7a ch\u00fang t\u00f4i nhanh ch\u00f3ng lo\u1ea1i b\u1ecf c\u1eb7n m\u1ef1c, trong khi c\u00e1c gi\u1ea3i ph\u00e1p thay th\u1ebf th\u00e2n thi\u1ec7n v\u1edbi m\u00f4i tr\u01b0\u1eddng, t\u1ef1 nhi\u00ean c\u1ee7a ch\u00fang t\u00f4i mang \u0111\u1ebfn m\u1ed9t gi\u1ea3i ph\u00e1p xanh h\u01a1n. M\u00e0n h\u00ecnh c\u1ee7a b\u1ea1n ch\u1eafc ch\u1eafn s\u1ebd s\u1ea1ch s\u1ebd v\u00e0 s\u1eb5n s\u00e0ng cho c\u00f4ng vi\u1ec7c ti\u1ebfp theo ch\u1ec9 trong nh\u00e1y m\u1eaft.<\/p>\n<p><strong>T\u1ea1i sao n\u00ean ch\u1ecdn ch\u00fang t\u00f4i l\u00e0m nh\u00e0 s\u1ea3n xu\u1ea5t m\u1ef1c Plastisol c\u1ee7a b\u1ea1n?<\/strong><br \/>\nV\u1edbi nhi\u1ec1u n\u0103m kinh nghi\u1ec7m, ch\u00fang t\u00f4i cam k\u1ebft v\u1ec1 ch\u1ea5t l\u01b0\u1ee3ng, chi ph\u00ed v\u00e0 h\u1ed7 tr\u1ee3 kh\u00e1ch h\u00e0ng. Cho d\u00f9 b\u1ea1n \u0111i\u1ec1u h\u00e0nh m\u1ed9t c\u1eeda h\u00e0ng in \u1ea5n l\u1edbn, m\u1ed9t doanh nghi\u1ec7p \u0111\u1ecba ph\u01b0\u01a1ng hay th\u00edch t\u1ef1 in \u1ea5n t\u1ea1i nh\u00e0, ch\u00fang t\u00f4i <strong>M\u1ef1c Plastisol CMYK<\/strong> mang l\u1ea1i s\u1ee9c s\u1ed1ng cho t\u00e1c ph\u1ea9m ngh\u1ec7 thu\u1eadt c\u1ee7a b\u1ea1n v\u1edbi s\u1eafc m\u00e0u r\u1ef1c r\u1ee1, hi\u1ec7u qu\u1ea3 \u0111\u00e1ng tin c\u1eady v\u00e0 gi\u00e1 tr\u1ecb \u0111\u1eb7c bi\u1ec7t.<\/p>\n<p>C\u1eadp nh\u1eadt ho\u1ea1t \u0111\u1ed9ng in \u1ea5n c\u1ee7a b\u1ea1n - kh\u00e1m ph\u00e1 s\u1ef1 kh\u00e1c bi\u1ec7t th\u1ef1c s\u1ef1 <a href=\"https:\/\/plastisol-inks.com\/vi\/muc-in-luoi-plastisol-3\/\"><strong>M\u1ef1c Plastisol CMYK<\/strong><\/a> c\u00f3 th\u1ec3 t\u1ea1o n\u00ean th\u01b0\u01a1ng hi\u1ec7u, t\u1ed5 ch\u1ee9c v\u00e0 kh\u00e1ch h\u00e0ng c\u1ee7a b\u1ea1n.<\/p>","protected":false},"excerpt":{"rendered":"<p>Ph\u1ea7n th\u01b0\u1edfng <strong>M\u1ef1c Plastisol CMYK<\/strong> t\u1eeb Nh\u00e0 s\u1ea3n xu\u1ea5t m\u1ef1c Plastisol uy t\u00edn. Kh\u00f4 nhanh, c\u1ea3m gi\u00e1c m\u1ec1m m\u1ea1i v\u00e0 d\u1ec5 v\u1ec7 sinh\u2014ho\u00e0n h\u1ea3o cho m\u00e1y in l\u1ee5a chuy\u00ean nghi\u1ec7p.<\/p>","protected":false},"featured_media":7717,"template":"","meta":{"site-sidebar-layout":"default","site-content-layout":"","ast-site-content-layout":"default","site-content-style":"default","site-sidebar-style":"default","ast-global-header-display":"","ast-banner-title-visibility":"","ast-main-header-display":"","ast-hfb-above-header-display":"","ast-hfb-below-header-display":"","ast-hfb-mobile-header-display":"","site-post-title":"","ast-breadcrumbs-content":"","ast-featured-img":"","footer-sml-layout":"","theme-transparent-header-meta":"default","adv-header-id-meta":"","stick-header-meta":"","header-above-stick-meta":"","header-main-stick-meta":"","header-below-stick-meta":"","astra-migrate-meta-layouts":"set","ast-page-background-enabled":"default","ast-page-background-meta":{"desktop":{"background-color":"","background-image":"","background-repeat":"repeat","background-position":"center center","background-size":"auto","background-attachment":"scroll","background-type":"","background-media":"","overlay-type":"","overlay-color":"","overlay-gradient":""},"tablet":{"background-color":"","background-image":"","background-repeat":"repeat","background-position":"center center","background-size":"auto","background-attachment":"scroll","background-type":"","background-media":"","overlay-type":"","overlay-color":"","overlay-gradient":""},"mobile":{"background-color":"","background-image":"","background-repeat":"repeat","background-position":"center center","background-size":"auto","background-attachment":"scroll","background-type":"","background-media":"","overlay-type":"","overlay-color":"","overlay-gradient":""}},"ast-content-background-meta":{"desktop":{"background-color":"var(--ast-global-color-5)","background-image":"","background-repeat":"repeat","background-position":"center center","background-size":"auto","background-attachment":"scroll","background-type":"","background-media":"","overlay-type":"","overlay-color":"","overlay-gradient":""},"tablet":{"background-color":"var(--ast-global-color-5)","background-image":"","background-repeat":"repeat","background-position":"center center","background-size":"auto","background-attachment":"scroll","background-type":"","background-media":"","overlay-type":"","overlay-color":"","overlay-gradient":""},"mobile":{"background-color":"var(--ast-global-color-5)","background-image":"","background-repeat":"repeat","background-position":"center center","background-size":"auto","background-attachment":"scroll","background-type":"","background-media":"","overlay-type":"","overlay-color":"","overlay-gradient":""}}},"product_brand":[],"product_cat":[26,80,30,81],"product_tag":[],"class_list":{"0":"post-7716","1":"product","2":"type-product","3":"status-publish","4":"has-post-thumbnail","6":"product_cat-plastisol-inks","7":"product_cat-plastisol-ink-chjt-series","8":"product_cat-plastisol-ink-hf-series","9":"product_cat-plastisol-ink-sdla-series","10":"desktop-align-left","11":"tablet-align-left","12":"mobile-align-left","14":"first","15":"instock","16":"shipping-taxable","17":"product-type-simple"},"_links":{"self":[{"href":"https:\/\/plastisol-inks.com\/vi\/wp-json\/wp\/v2\/product\/7716","targetHints":{"allow":["GET"]}}],"collection":[{"href":"https:\/\/plastisol-inks.com\/vi\/wp-json\/wp\/v2\/product"}],"about":[{"href":"https:\/\/plastisol-inks.com\/vi\/wp-json\/wp\/v2\/types\/product"}],"wp:featuredmedia":[{"embeddable":true,"href":"https:\/\/plastisol-inks.com\/vi\/wp-json\/wp\/v2\/media\/7717"}],"wp:attachment":[{"href":"https:\/\/plastisol-inks.com\/vi\/wp-json\/wp\/v2\/media?parent=7716"}],"wp:term":[{"taxonomy":"product_brand","embeddable":true,"href":"https:\/\/plastisol-inks.com\/vi\/wp-json\/wp\/v2\/product_brand?post=7716"},{"taxonomy":"product_cat","embeddable":true,"href":"https:\/\/plastisol-inks.com\/vi\/wp-json\/wp\/v2\/product_cat?post=7716"},{"taxonomy":"product_tag","embeddable":true,"href":"https:\/\/plastisol-inks.com\/vi\/wp-json\/wp\/v2\/product_tag?post=7716"}],"curies":[{"name":"wp","href":"https:\/\/api.w.org\/{rel}","templated":true}]}}